{"id":36877,"date":"2020-04-15T12:23:21","date_gmt":"2020-04-15T12:23:21","guid":{"rendered":"https:\/\/parkprojectberlin.com\/?page_id=36877"},"modified":"2020-04-15T12:23:21","modified_gmt":"2020-04-15T12:23:21","slug":"subscribe","status":"publish","type":"page","link":"https:\/\/parkprojectberlin.com\/de\/subscribe\/","title":{"rendered":"Subscribe"},"content":{"rendered":"<p>[et_pb_section fb_built=&#8220;1&#8243; _builder_version=&#8220;3.22&#8243; background_image=&#8220;https:\/\/parkprojectberlin.com\/wp-content\/uploads\/2018\/10\/SteglitzLilies.png&#8220;][et_pb_row _builder_version=&#8220;3.25&#8243; background_size=&#8220;initial&#8220; background_position=&#8220;top_left&#8220; background_repeat=&#8220;repeat&#8220;][et_pb_column type=&#8220;4_4&#8243; _builder_version=&#8220;3.25&#8243; custom_padding=&#8220;|||&#8220; custom_padding__hover=&#8220;|||&#8220;][et_pb_text _builder_version=&#8220;3.27.4&#8243;][\/et_pb_text][et_pb_divider show_divider=&#8220;off&#8220; disabled_on=&#8220;on|on|off&#8220; _builder_version=&#8220;3.23.4&#8243; height=&#8220;100px&#8220;][\/et_pb_divider][et_pb_text _builder_version=&#8220;3.27.4&#8243; text_font=&#8220;Source Sans Pro||||&#8220; text_text_color=&#8220;#ffffff&#8220; text_font_size=&#8220;85&#8243; header_font=&#8220;Source Sans Pro||||&#8220; header_text_color=&#8220;#ffffff&#8220; header_font_size=&#8220;85px&#8220; background_layout=&#8220;dark&#8220;]<\/p>\n<h1 style=\"text-align: center;\"><span style=\"color: #ffffff;\">JOIN THE JOURNEY<\/span><\/h1>\n<p>[\/et_pb_text][et_pb_divider show_divider=&#8220;off&#8220; disabled_on=&#8220;on|on|off&#8220; _builder_version=&#8220;3.23.4&#8243; height=&#8220;100px&#8220;][\/et_pb_divider][et_pb_text _builder_version=&#8220;3.27.4&#8243;][\/et_pb_text][\/et_pb_column][\/et_pb_row][\/et_pb_section][et_pb_section fb_built=&#8220;1&#8243; _builder_version=&#8220;3.22&#8243;][et_pb_row _builder_version=&#8220;3.25&#8243; background_size=&#8220;initial&#8220; background_position=&#8220;top_left&#8220; background_repeat=&#8220;repeat&#8220;][et_pb_column type=&#8220;4_4&#8243; _builder_version=&#8220;3.25&#8243; background_position=&#8220;top_left&#8220; custom_padding=&#8220;|||&#8220; custom_css_main_element=&#8220;text-align: center;&#8220; custom_padding__hover=&#8220;|||&#8220;][et_pb_text _builder_version=&#8220;4.4.1&#8243; hover_enabled=&#8220;0&#8243;]<\/p>\n<p><span style=\"font-size: x-large;\"><strong>Vielen Dank f\u00fcr Ihr Interesse, diese Reise zu verfolgen! \u00a0<\/strong><\/span><\/p>\n<p>Sobald Sie sich in die E-Mail-Liste eintragen, erhalten Sie eine Best\u00e4tigungs-E-Mail. \u00a0Dann werde ich immer wieder eine E-Mail mit interessanten Neuigkeiten \u00fcber Parks, Gespr\u00e4che oder Erkenntnisse aus meinem einj\u00e4hrigen Besuch der Berliner Parks mit Ihnen teilen.<\/p>\n<p>[\/et_pb_text][et_pb_signup mailchimp_list=&#8220;llukitsch|db5f0d470e&#8220; module_class=&#8220;horizontal-optin&#8220; _builder_version=&#8220;3.23&#8243; form_field_background_color=&#8220;#f4f4f4&#8243; form_field_focus_background_color=&#8220;#c4c4c4&#8243; background_color=&#8220;#ffffff&#8220; custom_button=&#8220;on&#8220; button_text_color=&#8220;#000000&#8243; custom_margin=&#8220;0px|0px|0px|0px&#8220; custom_padding=&#8220;0px|0px|0px|0px&#8220; custom_css_main_element=&#8220;display: inline-block||&#8220; custom_css_newsletter_description=&#8220;display: inline-block;||width: auto;||margin-top: -20px;&#8220; custom_css_newsletter_form=&#8220;width: auto;||display: inline-block;&#8220; custom_css_newsletter_fields=&#8220;display: inline-block;||width: 300px;||&#8220; custom_css_newsletter_button=&#8220;display: inline-block;||width: 300px;||&#8220; border_width_all=&#8220;1px&#8220; border_color_all=&#8220;#ffffff&#8220; border_style_all=&#8220;solid&#8220; use_border_color=&#8220;on&#8220; focus_background_color=&#8220;#c4c4c4&#8243; button_text_size__hover_enabled=&#8220;off&#8220; button_one_text_size__hover_enabled=&#8220;off&#8220; button_two_text_size__hover_enabled=&#8220;off&#8220; button_text_color__hover_enabled=&#8220;off&#8220; button_one_text_color__hover_enabled=&#8220;off&#8220; button_two_text_color__hover_enabled=&#8220;off&#8220; button_border_width__hover_enabled=&#8220;off&#8220; button_one_border_width__hover_enabled=&#8220;off&#8220; button_two_border_width__hover_enabled=&#8220;off&#8220; button_border_color__hover_enabled=&#8220;off&#8220; button_one_border_color__hover_enabled=&#8220;off&#8220; button_two_border_color__hover_enabled=&#8220;off&#8220; button_border_radius__hover_enabled=&#8220;off&#8220; button_one_border_radius__hover_enabled=&#8220;off&#8220; button_two_border_radius__hover_enabled=&#8220;off&#8220; button_letter_spacing__hover_enabled=&#8220;off&#8220; button_one_letter_spacing__hover_enabled=&#8220;off&#8220; button_two_letter_spacing__hover_enabled=&#8220;off&#8220; button_bg_color__hover_enabled=&#8220;off&#8220; button_one_bg_color__hover_enabled=&#8220;off&#8220; button_two_bg_color__hover_enabled=&#8220;off&#8220;][\/et_pb_signup][et_pb_text _builder_version=&#8220;4.4.1&#8243; hover_enabled=&#8220;0&#8243;]<\/p>\n<p><strong>Au\u00dferdem w\u00fcrde ich gerne h\u00f6ren, was Sie denken!<\/strong><\/p>\n<p>F\u00fchlen Sie sich frei, Ihre Gedanken auf Twitter zu teilen, Parkbilder auf Instagram zu taggen oder senden Sie mir eine E-Mail und bleiben Sie in Kontakt.<\/p>\n<p>[\/et_pb_text][et_pb_social_media_follow _builder_version=&#8220;3.0.87&#8243; border_radii=&#8220;on|100%|100%|100%|100%&#8220; link_shape=&#8220;circle&#8220;][et_pb_social_media_follow_network social_network=&#8220;twitter&#8220; url=&#8220;https:\/\/twitter.com\/LauraLukitsch&#8220; _builder_version=&#8220;3.0.67&#8243; link_shape=&#8220;circle&#8220; follow_button=&#8220;off&#8220; url_new_window=&#8220;on&#8220;]twitter[\/et_pb_social_media_follow_network][et_pb_social_media_follow_network social_network=&#8220;instagram&#8220; url=&#8220;https:\/\/www.instagram.com\/laurajlukitsch\/&#8220; _builder_version=&#8220;3.0.67&#8243; link_shape=&#8220;circle&#8220; follow_button=&#8220;off&#8220; url_new_window=&#8220;on&#8220;]instagram[\/et_pb_social_media_follow_network][\/et_pb_social_media_follow][et_pb_button button_url=&#8220;https:\/\/parkprojectberlin.com&#8220; button_text=&#8220;RETURN TO HOME PAGE&#8220; button_alignment=&#8220;center&#8220; _builder_version=&#8220;3.16&#8243; custom_button=&#8220;on&#8220; button_text_color=&#8220;#ffffff&#8220; button_bg_color=&#8220;#8d2424&#8243; button_border_color=&#8220;#8d2424&#8243; button_font=&#8220;Montserrat||||&#8220; button_icon=&#8220;%%35%%&#8220; button_icon_placement=&#8220;left&#8220; button_text_color_hover=&#8220;#8d2424&#8243; button_border_color_hover=&#8220;#8d2424&#8243; button_bg_color_hover=&#8220;#ffffff&#8220; button_text_size__hover_enabled=&#8220;off&#8220; button_one_text_size__hover_enabled=&#8220;off&#8220; button_two_text_size__hover_enabled=&#8220;off&#8220; button_text_color__hover_enabled=&#8220;on&#8220; button_text_color__hover=&#8220;#8d2424&#8243; button_one_text_color__hover_enabled=&#8220;off&#8220; button_two_text_color__hover_enabled=&#8220;off&#8220; button_border_width__hover_enabled=&#8220;off&#8220; button_one_border_width__hover_enabled=&#8220;off&#8220; button_two_border_width__hover_enabled=&#8220;off&#8220; button_border_color__hover_enabled=&#8220;on&#8220; button_border_color__hover=&#8220;#8d2424&#8243; button_one_border_color__hover_enabled=&#8220;off&#8220; button_two_border_color__hover_enabled=&#8220;off&#8220; button_border_radius__hover_enabled=&#8220;off&#8220; button_one_border_radius__hover_enabled=&#8220;off&#8220; button_two_border_radius__hover_enabled=&#8220;off&#8220; button_letter_spacing__hover_enabled=&#8220;off&#8220; button_one_letter_spacing__hover_enabled=&#8220;off&#8220; button_two_letter_spacing__hover_enabled=&#8220;off&#8220; button_bg_color__hover_enabled=&#8220;on&#8220; button_bg_color__hover=&#8220;#ffffff&#8220; button_one_bg_color__hover_enabled=&#8220;off&#8220; button_two_bg_color__hover_enabled=&#8220;off&#8220;][\/et_pb_button][\/et_pb_column][\/et_pb_row][\/et_pb_section]<\/p>\n","protected":false},"excerpt":{"rendered":"<p>JOIN THE JOURNEY Vielen Dank f\u00fcr Ihr Interesse, diese Reise zu verfolgen! \u00a0 Sobald Sie sich in die E-Mail-Liste eintragen, erhalten Sie eine Best\u00e4tigungs-E-Mail. \u00a0Dann werde ich immer wieder eine E-Mail mit interessanten Neuigkeiten \u00fcber Parks, Gespr\u00e4che oder Erkenntnisse aus meinem einj\u00e4hrigen Besuch der Berliner Parks mit Ihnen teilen. Au\u00dferdem w\u00fcrde ich gerne h\u00f6ren, was [&hellip;]<\/p>\n","protected":false},"author":1,"featured_media":0,"parent":0,"menu_order":0,"comment_status":"closed","ping_status":"closed","template":"page-template-blank.php","meta":{"_et_pb_use_builder":"on","_et_pb_old_content":"<p>[et_pb_section fb_built=\"1\" _builder_version=\"3.11.1\" background_image=\"http:\/\/parkprojectberlin.com\/wp-content\/uploads\/2018\/10\/SteglitzLilies.png\"][et_pb_row _builder_version=\"3.0.47\" background_size=\"initial\" background_position=\"top_left\" background_repeat=\"repeat\"][et_pb_column type=\"4_4\" _builder_version=\"3.0.47\" parallax=\"off\" parallax_method=\"on\"][et_pb_text _builder_version=\"3.0.74\"][\/et_pb_text][et_pb_divider show_divider=\"off\" height=\"100\" disabled_on=\"on|on|off\" _builder_version=\"3.2\"][\/et_pb_divider][et_pb_text _builder_version=\"3.0.74\" text_font=\"Source Sans Pro||||\" text_text_color=\"#ffffff\" text_font_size=\"85\" header_font=\"Source Sans Pro||||\" header_text_color=\"#ffffff\" header_font_size=\"85px\" background_layout=\"dark\"]<\/p><h1 style=\"text-align: center;\"><span style=\"color: #ffffff;\">JOIN THE JOURNEY<\/span><\/h1><p>[\/et_pb_text][et_pb_divider show_divider=\"off\" height=\"100\" disabled_on=\"on|on|off\" _builder_version=\"3.2\"][\/et_pb_divider][et_pb_text _builder_version=\"3.0.74\"][\/et_pb_text][\/et_pb_column][\/et_pb_row][\/et_pb_section][et_pb_section fb_built=\"1\" _builder_version=\"3.0.47\"][et_pb_row background_position_1=\"top_left\" background_repeat_1=\"no-repeat\" custom_css_main_1=\"text-align: center;\" _builder_version=\"3.0.67\" background_size=\"initial\" background_position=\"top_left\" background_repeat=\"repeat\"][et_pb_column type=\"4_4\" _builder_version=\"3.0.47\" parallax=\"off\" parallax_method=\"on\" background_position=\"top_left\" background_repeat=\"no-repeat\" custom_css_main=\"text-align: center;\"][et_pb_text _builder_version=\"3.0.74\"]<span style=\"font-size: x-large;\"><strong>Thanks for your interest in following this journey! \u00a0<\/strong><\/span><\/p><p>Once you sign up for the email list you'll get a confirmation email. \u00a0Then, ever so often I'll share an email with interesting news about parks, conversations or insights from my one year visiting the parks of Berlin.<br \/>[\/et_pb_text][et_pb_signup mailchimp_list=\"llukitsch|db5f0d470e\" form_field_background_color=\"#f4f4f4\" focus_background_color=\"#c4c4c4\" module_class=\"horizontal-optin\" _builder_version=\"3.0.87\" background_color=\"#ffffff\" border_width_all=\"1px\" border_color_all=\"#ffffff\" border_style_all=\"solid\" custom_button=\"on\" button_text_color=\"#000000\" custom_margin=\"0px|0px|0px|0px\" custom_padding=\"0px|0px|0px|0px\" custom_css_main_element=\"display: inline-block||\" custom_css_newsletter_description=\"display: inline-block;||width: auto;||margin-top: -20px;\" custom_css_newsletter_form=\"width: auto;||display: inline-block;\" custom_css_newsletter_fields=\"display: inline-block;||width: 300px;||\" custom_css_newsletter_button=\"display: inline-block;||width: 300px;||\" use_border_color=\"on\"][\/et_pb_signup][et_pb_text _builder_version=\"3.0.74\"]\u00a0<\/p><p><strong>Also, I'd love to hear what you think!<\/strong><\/p><p>Feel free to share your thoughts on Twitter, tag park images on Instagram or send me an email and be in touch.<br \/>[\/et_pb_text][et_pb_social_media_follow _builder_version=\"3.0.87\" border_radii=\"on|100%|100%|100%|100%\" link_shape=\"circle\"][et_pb_social_media_follow_network social_network=\"twitter\" url=\"https:\/\/twitter.com\/LauraLukitsch\" _builder_version=\"3.0.67\" link_shape=\"circle\" follow_button=\"off\" url_new_window=\"on\"]twitter[\/et_pb_social_media_follow_network][et_pb_social_media_follow_network social_network=\"instagram\" url=\"https:\/\/www.instagram.com\/laurajlukitsch\/\" _builder_version=\"3.0.67\" link_shape=\"circle\" follow_button=\"off\" url_new_window=\"on\"]instagram[\/et_pb_social_media_follow_network][\/et_pb_social_media_follow][et_pb_button button_url=\"http:\/\/parkprojectberlin.com\" button_text=\"RETURN TO HOME PAGE\" button_alignment=\"center\" _builder_version=\"3.0.67\" custom_button=\"on\" button_text_color=\"#ffffff\" button_bg_color=\"#8d2424\" button_border_color=\"#8d2424\" button_font=\"Montserrat||||\" button_icon=\"%%35%%\" button_icon_placement=\"left\" button_text_color_hover=\"#8d2424\" button_bg_color_hover=\"#ffffff\" button_border_color_hover=\"#8d2424\"][\/et_pb_button][\/et_pb_column][\/et_pb_row][\/et_pb_section]<\/p>","_et_gb_content_width":"","footnotes":""},"class_list":["post-36877","page","type-page","status-publish","hentry"],"_links":{"self":[{"href":"https:\/\/parkprojectberlin.com\/de\/wp-json\/wp\/v2\/pages\/36877","targetHints":{"allow":["GET"]}}],"collection":[{"href":"https:\/\/parkprojectberlin.com\/de\/wp-json\/wp\/v2\/pages"}],"about":[{"href":"https:\/\/parkprojectberlin.com\/de\/wp-json\/wp\/v2\/types\/page"}],"author":[{"embeddable":true,"href":"https:\/\/parkprojectberlin.com\/de\/wp-json\/wp\/v2\/users\/1"}],"replies":[{"embeddable":true,"href":"https:\/\/parkprojectberlin.com\/de\/wp-json\/wp\/v2\/comments?post=36877"}],"version-history":[{"count":0,"href":"https:\/\/parkprojectberlin.com\/de\/wp-json\/wp\/v2\/pages\/36877\/revisions"}],"wp:attachment":[{"href":"https:\/\/parkprojectberlin.com\/de\/wp-json\/wp\/v2\/media?parent=36877"}],"curies":[{"name":"wp","href":"https:\/\/api.w.org\/{rel}","templated":true}]}}