{"id":36861,"date":"2020-04-15T12:14:07","date_gmt":"2020-04-15T12:14:07","guid":{"rendered":"https:\/\/parkprojectberlin.com\/?page_id=36861"},"modified":"2022-02-27T22:55:55","modified_gmt":"2022-02-27T22:55:55","slug":"texte","status":"publish","type":"page","link":"https:\/\/parkprojectberlin.com\/de\/texte\/","title":{"rendered":"TEXTE"},"content":{"rendered":"<p>[et_pb_section fb_built=&#8220;1&#8243; _builder_version=&#8220;3.22&#8243; background_image=&#8220;https:\/\/parkprojectberlin.com\/wp-content\/uploads\/2018\/10\/VolksparkJungfernheide_GreenTrees.png&#8220; custom_padding=&#8220;74px|0px|146px|0px|false|false&#8220;][et_pb_row _builder_version=&#8220;3.25&#8243; background_size=&#8220;initial&#8220; background_position=&#8220;top_left&#8220; background_repeat=&#8220;repeat&#8220; custom_padding=&#8220;2px|0px|27px|0px|false|false&#8220;][et_pb_column type=&#8220;4_4&#8243; _builder_version=&#8220;3.25&#8243; custom_padding=&#8220;|||&#8220; custom_padding__hover=&#8220;|||&#8220;][et_pb_text _builder_version=&#8220;4.7.7&#8243; text_font=&#8220;Montserrat|300|||||||&#8220; text_text_color=&#8220;#ffffff&#8220; text_font_size=&#8220;66px&#8220; hover_enabled=&#8220;0&#8243; header_font=&#8220;|300|||||||&#8220; header_font_size_last_edited=&#8220;on|phone&#8220; sticky_enabled=&#8220;0&#8243; header_font_size_phone=&#8220;58px&#8220;]<\/p>\n<h1 style=\"text-align: center;\">11 Things<\/h1>\n<p>[\/et_pb_text][\/et_pb_column][\/et_pb_row][\/et_pb_section][et_pb_section fb_built=&#8220;1&#8243; _builder_version=&#8220;3.22&#8243; background_color=&#8220;rgba(23,155,34,0.42)&#8220;][et_pb_row admin_label=&#8220;11 Things Title&#8220; _builder_version=&#8220;3.25&#8243;][et_pb_column type=&#8220;4_4&#8243; _builder_version=&#8220;3.25&#8243; custom_padding=&#8220;|||&#8220; custom_padding__hover=&#8220;|||&#8220;][et_pb_text admin_label=&#8220;11 Things&#8220; _builder_version=&#8220;4.7.7&#8243; text_font=&#8220;Julius Sans One||||||||&#8220; text_text_color=&#8220;#ffffff&#8220; text_font_size=&#8220;32px&#8220; hover_enabled=&#8220;0&#8243; text_font_size_last_edited=&#8220;on|phone&#8220; sticky_enabled=&#8220;0&#8243; text_font_size_phone=&#8220;26px&#8220; text_line_height_last_edited=&#8220;on|phone&#8220; text_line_height_phone=&#8220;1.3em&#8220;]<\/p>\n<p style=\"text-align: left;\">11 THINGS I LEARNED SPENDING A YEAR IN THE PARKS OF BERLIN<\/p>\n<p>[\/et_pb_text][\/et_pb_column][\/et_pb_row][et_pb_row admin_label=&#8220;11 Things Summary&#8220; _builder_version=&#8220;4.4.1&#8243;][et_pb_column type=&#8220;4_4&#8243; _builder_version=&#8220;4.4.1&#8243;][et_pb_text admin_label=&#8220;11 Things Summary&#8220; _builder_version=&#8220;4.4.1&#8243; text_font=&#8220;||||||||&#8220; text_text_color=&#8220;#ffffff&#8220;]<\/p>\n<p>Da viele St\u00e4dte auf der ganzen Welt \u00f6ffentliche R\u00e4ume privatisieren, befindet sich Berlin historisch und kulturell in einer einzigartigen Position. Gr\u00fcnfl\u00e4chen, Parks und \u00f6ffentliche R\u00e4ume sind im \u00dcberfluss vorhanden.\u00a0<\/p>\n<p>Dennoch ist Berlin nicht immun gegen die Kr\u00e4fte der Privatisierung. Ich wollte diesen Moment in der Zeit festhalten, indem ich ein Jahr lang die Berliner Parks dokumentiert habe. Ich beschloss, jede Woche mit dem Fahrrad in einen Park zu fahren, um das, was ich sah und h\u00f6rte, zu filmen und festzuhalten. Selbst mit mehr als 30 Kurzvideos ist es unm\u00f6glich, das volle Bild der Sch\u00f6nheit und Komplexit\u00e4t dessen, was ich gelernt habe, zu vermitteln.<\/p>\n<p>Die folgenden Artikel sind ein kleiner Versuch, einige der Einsichten und Gef\u00fchle zu vermitteln, die ich w\u00e4hrend meines Jahres der Dreharbeiten in den Berliner Parks gelernt habe.<\/p>\n<p>[\/et_pb_text][et_pb_button button_url=&#8220;https:\/\/parkprojectberlin.com\/2018\/11\/16\/11-things-i-learned\/&#8220; button_text=&#8220;INTRO&#8220; button_alignment=&#8220;center&#8220; admin_label=&#8220;BOTTON &#8211; 11 THINGS&#8220; _builder_version=&#8220;4.4.1&#8243; custom_button=&#8220;on&#8220; button_text_size=&#8220;16px&#8220; button_text_color=&#8220;#ffffff&#8220; button_border_color=&#8220;#ffffff&#8220; button_font=&#8220;||||||||&#8220; button_use_icon=&#8220;off&#8220; custom_padding=&#8220;|50px||50px|false|false&#8220;][\/et_pb_button][\/et_pb_column][\/et_pb_row][\/et_pb_section][et_pb_section fb_built=&#8220;1&#8243; _builder_version=&#8220;3.22&#8243;][et_pb_row column_structure=&#8220;1_4,1_4,1_4,1_4&#8243; _builder_version=&#8220;3.25&#8243; background_size=&#8220;initial&#8220; background_position=&#8220;top_left&#8220; background_repeat=&#8220;repeat&#8220;][et_pb_column type=&#8220;1_4&#8243; _builder_version=&#8220;3.25&#8243; custom_padding=&#8220;|||&#8220; custom_padding__hover=&#8220;|||&#8220;][et_pb_image src=&#8220;https:\/\/parkprojectberlin.com\/wp-content\/uploads\/2018\/10\/11Things_1_WildSpaces.jpg&#8220; url=&#8220;https:\/\/parkprojectberlin.com\/de\/2020\/04\/16\/1-wild-spaces\/&#8220; use_overlay=&#8220;on&#8220; overlay_icon_color=&#8220;#ffffff&#8220; hover_overlay_color=&#8220;rgba(255,255,255,0.5)&#8220; hover_icon=&#8220;%%24%%&#8220; align_tablet=&#8220;center&#8220; align_phone=&#8220;&#8220; align_last_edited=&#8220;on|desktop&#8220; _builder_version=&#8220;4.4.1&#8243; filter_opacity__hover_enabled=&#8220;on&#8220; filter_opacity__hover=&#8220;75%&#8220;][\/et_pb_image][\/et_pb_column][et_pb_column type=&#8220;1_4&#8243; _builder_version=&#8220;3.25&#8243; custom_padding=&#8220;|||&#8220; custom_padding__hover=&#8220;|||&#8220;][et_pb_image src=&#8220;https:\/\/parkprojectberlin.com\/wp-content\/uploads\/2018\/10\/11Things_2_Wildlife-1.jpg&#8220; url=&#8220;https:\/\/parkprojectberlin.com\/de\/2020\/04\/16\/2-wildlife\/&#8220; use_overlay=&#8220;on&#8220; overlay_icon_color=&#8220;#ffffff&#8220; hover_overlay_color=&#8220;rgba(255,255,255,0.5)&#8220; hover_icon=&#8220;%%24%%&#8220; align_tablet=&#8220;center&#8220; align_phone=&#8220;&#8220; align_last_edited=&#8220;on|desktop&#8220; _builder_version=&#8220;4.4.1&#8243; filter_opacity__hover_enabled=&#8220;on&#8220; filter_opacity__hover=&#8220;75%&#8220;][\/et_pb_image][\/et_pb_column][et_pb_column type=&#8220;1_4&#8243; _builder_version=&#8220;3.25&#8243; custom_padding=&#8220;|||&#8220; custom_padding__hover=&#8220;|||&#8220;][et_pb_image src=&#8220;https:\/\/parkprojectberlin.com\/wp-content\/uploads\/2018\/10\/11Things_3_PublicFigures.jpg&#8220; url=&#8220;https:\/\/parkprojectberlin.com\/de\/2020\/04\/16\/3-public-figures\/&#8220; use_overlay=&#8220;on&#8220; overlay_icon_color=&#8220;#ffffff&#8220; hover_overlay_color=&#8220;rgba(255,255,255,0.5)&#8220; hover_icon=&#8220;%%24%%&#8220; align_tablet=&#8220;center&#8220; align_phone=&#8220;&#8220; align_last_edited=&#8220;on|desktop&#8220; _builder_version=&#8220;4.4.1&#8243; filter_opacity__hover_enabled=&#8220;on&#8220; filter_opacity__hover=&#8220;74%&#8220;][\/et_pb_image][\/et_pb_column][et_pb_column type=&#8220;1_4&#8243; _builder_version=&#8220;3.25&#8243; custom_padding=&#8220;|||&#8220; custom_padding__hover=&#8220;|||&#8220;][et_pb_image src=&#8220;https:\/\/parkprojectberlin.com\/wp-content\/uploads\/2018\/10\/11Things_4_Play.jpg&#8220; url=&#8220;https:\/\/parkprojectberlin.com\/de\/2020\/04\/16\/4-play\/&#8220; use_overlay=&#8220;on&#8220; overlay_icon_color=&#8220;#ffffff&#8220; hover_overlay_color=&#8220;rgba(255,255,255,0.5)&#8220; hover_icon=&#8220;%%24%%&#8220; align_tablet=&#8220;center&#8220; align_phone=&#8220;&#8220; align_last_edited=&#8220;on|desktop&#8220; _builder_version=&#8220;4.4.1&#8243; filter_opacity__hover_enabled=&#8220;on&#8220; filter_opacity__hover=&#8220;71%&#8220;][\/et_pb_image][\/et_pb_column][\/et_pb_row][et_pb_row column_structure=&#8220;1_4,1_4,1_4,1_4&#8243; _builder_version=&#8220;3.25&#8243;][et_pb_column type=&#8220;1_4&#8243; _builder_version=&#8220;3.25&#8243; custom_padding=&#8220;|||&#8220; custom_padding__hover=&#8220;|||&#8220;][et_pb_image src=&#8220;https:\/\/parkprojectberlin.com\/wp-content\/uploads\/2018\/10\/11Things_5_PublicSpace-2.jpg&#8220; url=&#8220;https:\/\/parkprojectberlin.com\/de\/2020\/04\/16\/5-politics-of-space\/&#8220; use_overlay=&#8220;on&#8220; overlay_icon_color=&#8220;#ffffff&#8220; hover_overlay_color=&#8220;rgba(255,255,255,0.5)&#8220; hover_icon=&#8220;%%24%%&#8220; align_tablet=&#8220;center&#8220; align_phone=&#8220;&#8220; align_last_edited=&#8220;on|desktop&#8220; _builder_version=&#8220;4.4.1&#8243; filter_opacity__hover_enabled=&#8220;on&#8220; filter_opacity__hover=&#8220;75%&#8220;][\/et_pb_image][\/et_pb_column][et_pb_column type=&#8220;1_4&#8243; _builder_version=&#8220;3.25&#8243; custom_padding=&#8220;|||&#8220; custom_padding__hover=&#8220;|||&#8220;][et_pb_image src=&#8220;https:\/\/parkprojectberlin.com\/wp-content\/uploads\/2018\/10\/11Things_6_History.jpg&#8220; url=&#8220;https:\/\/parkprojectberlin.com\/de\/2020\/04\/16\/6-history\/&#8220; use_overlay=&#8220;on&#8220; overlay_icon_color=&#8220;#ffffff&#8220; hover_overlay_color=&#8220;rgba(255,255,255,0.5)&#8220; hover_icon=&#8220;%%24%%&#8220; align_tablet=&#8220;center&#8220; align_phone=&#8220;&#8220; align_last_edited=&#8220;on|desktop&#8220; _builder_version=&#8220;4.4.1&#8243; filter_opacity__hover_enabled=&#8220;on&#8220; filter_opacity__hover=&#8220;75%&#8220;][\/et_pb_image][\/et_pb_column][et_pb_column type=&#8220;1_4&#8243; _builder_version=&#8220;3.25&#8243; custom_padding=&#8220;|||&#8220; custom_padding__hover=&#8220;|||&#8220;][et_pb_image src=&#8220;https:\/\/parkprojectberlin.com\/wp-content\/uploads\/2018\/10\/11Things_7_SeekingBeauty.jpg&#8220; url=&#8220;https:\/\/parkprojectberlin.com\/de\/2020\/04\/16\/7-beauty\/&#8220; use_overlay=&#8220;on&#8220; overlay_icon_color=&#8220;#ffffff&#8220; hover_overlay_color=&#8220;rgba(255,255,255,0.5)&#8220; hover_icon=&#8220;%%24%%&#8220; align_tablet=&#8220;center&#8220; align_phone=&#8220;&#8220; align_last_edited=&#8220;on|desktop&#8220; _builder_version=&#8220;4.4.1&#8243; filter_opacity__hover_enabled=&#8220;on&#8220; filter_opacity__hover=&#8220;72%&#8220;][\/et_pb_image][\/et_pb_column][et_pb_column type=&#8220;1_4&#8243; _builder_version=&#8220;3.25&#8243; custom_padding=&#8220;|||&#8220; custom_padding__hover=&#8220;|||&#8220;][et_pb_image src=&#8220;https:\/\/parkprojectberlin.com\/wp-content\/uploads\/2018\/10\/11Things_8_WallsWanderings.jpg&#8220; url=&#8220;https:\/\/parkprojectberlin.com\/2018\/11\/16\/8-walls-wanderings\/&#8220; use_overlay=&#8220;on&#8220; overlay_icon_color=&#8220;#ffffff&#8220; hover_overlay_color=&#8220;rgba(255,255,255,0.5)&#8220; hover_icon=&#8220;%%24%%&#8220; align_tablet=&#8220;center&#8220; align_phone=&#8220;&#8220; align_last_edited=&#8220;on|desktop&#8220; _builder_version=&#8220;4.4.1&#8243; filter_opacity__hover_enabled=&#8220;on&#8220; filter_opacity__hover=&#8220;70%&#8220;][\/et_pb_image][\/et_pb_column][\/et_pb_row][et_pb_row column_structure=&#8220;1_4,1_4,1_4,1_4&#8243; _builder_version=&#8220;3.25&#8243;][et_pb_column type=&#8220;1_4&#8243; _builder_version=&#8220;3.25&#8243; custom_padding=&#8220;|||&#8220; custom_padding__hover=&#8220;|||&#8220;][et_pb_image src=&#8220;https:\/\/parkprojectberlin.com\/wp-content\/uploads\/2018\/10\/11Things_9_Night.jpg&#8220; url=&#8220;https:\/\/parkprojectberlin.com\/de\/2020\/04\/16\/9-night\/&#8220; use_overlay=&#8220;on&#8220; overlay_icon_color=&#8220;#ffffff&#8220; hover_overlay_color=&#8220;rgba(255,255,255,0.5)&#8220; hover_icon=&#8220;%%24%%&#8220; align_tablet=&#8220;center&#8220; align_phone=&#8220;&#8220; align_last_edited=&#8220;on|desktop&#8220; _builder_version=&#8220;4.4.1&#8243; filter_opacity__hover_enabled=&#8220;on&#8220; filter_opacity__hover=&#8220;73%&#8220;][\/et_pb_image][\/et_pb_column][et_pb_column type=&#8220;1_4&#8243; _builder_version=&#8220;3.25&#8243; custom_padding=&#8220;|||&#8220; custom_padding__hover=&#8220;|||&#8220;][et_pb_image src=&#8220;https:\/\/parkprojectberlin.com\/wp-content\/uploads\/2018\/10\/11Things_10_Nature.jpg&#8220; url=&#8220;https:\/\/parkprojectberlin.com\/de\/2020\/04\/16\/10-nature\/&#8220; use_overlay=&#8220;on&#8220; overlay_icon_color=&#8220;#ffffff&#8220; hover_overlay_color=&#8220;rgba(255,255,255,0.5)&#8220; hover_icon=&#8220;%%24%%&#8220; align_tablet=&#8220;center&#8220; align_phone=&#8220;&#8220; align_last_edited=&#8220;on|desktop&#8220; _builder_version=&#8220;4.4.1&#8243; filter_opacity__hover_enabled=&#8220;on&#8220; filter_opacity__hover=&#8220;71%&#8220;][\/et_pb_image][\/et_pb_column][et_pb_column type=&#8220;1_4&#8243; _builder_version=&#8220;3.25&#8243; custom_padding=&#8220;|||&#8220; custom_padding__hover=&#8220;|||&#8220;][et_pb_image src=&#8220;https:\/\/parkprojectberlin.com\/wp-content\/uploads\/2018\/10\/11Things_11_Trampolines.jpg&#8220; url=&#8220;https:\/\/parkprojectberlin.com\/de\/2020\/04\/16\/11-trampolines\/&#8220; use_overlay=&#8220;on&#8220; overlay_icon_color=&#8220;#ffffff&#8220; hover_overlay_color=&#8220;rgba(255,255,255,0.5)&#8220; hover_icon=&#8220;%%24%%&#8220; align_tablet=&#8220;center&#8220; align_phone=&#8220;&#8220; align_last_edited=&#8220;on|desktop&#8220; _builder_version=&#8220;4.4.1&#8243; filter_opacity__hover_enabled=&#8220;on&#8220; filter_opacity__hover=&#8220;75%&#8220;][\/et_pb_image][\/et_pb_column][et_pb_column type=&#8220;1_4&#8243; _builder_version=&#8220;3.25&#8243; custom_padding=&#8220;|||&#8220; custom_padding__hover=&#8220;|||&#8220;][\/et_pb_column][\/et_pb_row][\/et_pb_section]<\/p>\n","protected":false},"excerpt":{"rendered":"<p>11 Things 11 THINGS I LEARNED SPENDING A YEAR IN THE PARKS OF BERLIN Da viele St\u00e4dte auf der ganzen Welt \u00f6ffentliche R\u00e4ume privatisieren, befindet sich Berlin historisch und kulturell in einer einzigartigen Position. Gr\u00fcnfl\u00e4chen, Parks und \u00f6ffentliche R\u00e4ume sind im \u00dcberfluss vorhanden.\u00a0 Dennoch ist Berlin nicht immun gegen die Kr\u00e4fte der Privatisierung. Ich wollte [&hellip;]<\/p>\n","protected":false},"author":1,"featured_media":35034,"parent":0,"menu_order":0,"comment_status":"closed","ping_status":"closed","template":"","meta":{"_et_pb_use_builder":"on","_et_pb_old_content":"<p>[et_pb_section fb_built=\"1\" _builder_version=\"3.11.1\" background_image=\"http:\/\/parkprojectberlin.com\/wp-content\/uploads\/2018\/10\/VolksparkJungfernheide_GreenTrees.png\" custom_padding=\"74px|0px|146px|0px|false|false\"][et_pb_row custom_padding=\"2px|0px|27px|0px|false|false\" _builder_version=\"3.0.48\" background_size=\"initial\" background_position=\"top_left\" background_repeat=\"repeat\"][et_pb_column type=\"4_4\" _builder_version=\"3.0.47\" parallax=\"off\" parallax_method=\"on\"][et_pb_text _builder_version=\"3.18.7\" text_font=\"Montserrat|300|||||||\" text_text_color=\"#ffffff\" text_font_size=\"66px\"]<\/p><p style=\"text-align: center;\">11 THINGS<\/p><p>[\/et_pb_text][\/et_pb_column][\/et_pb_row][\/et_pb_section][et_pb_section fb_built=\"1\" _builder_version=\"3.11.1\" background_color=\"rgba(23,155,34,0.42)\"][et_pb_row admin_label=\"11 Things Title\" _builder_version=\"3.18.7\"][et_pb_column type=\"4_4\" _builder_version=\"3.18.7\" parallax=\"off\" parallax_method=\"on\"][et_pb_text admin_label=\"11 Things\" _builder_version=\"3.18.7\" text_font=\"Julius Sans One||||||||\" text_text_color=\"#ffffff\" text_font_size=\"32px\"]<\/p><p style=\"text-align: left;\">11 THINGS I LEARNED SPENDING A YEAR IN THE PARKS OF BERLIN<\/p><p>[\/et_pb_text][\/et_pb_column][\/et_pb_row][et_pb_row admin_label=\"11 Things Summary\" _builder_version=\"3.18.7\"][et_pb_column type=\"1_4\" _builder_version=\"3.18.7\" parallax=\"off\" parallax_method=\"on\"][\/et_pb_column][et_pb_column type=\"1_2\" _builder_version=\"3.18.7\" parallax=\"off\" parallax_method=\"on\"][et_pb_text admin_label=\"11 Things Summary\" _builder_version=\"3.18.7\" text_font=\"||||||||\" text_text_color=\"#ffffff\"]<\/p><p>As many cities around the world are privatizing public spaces, Berlin is in a unique position historically and culturally. Green spaces, parks, and public spaces are abundant.<span style=\"font-size: 18px;\">\u00a0<\/span><\/p><p>Yet, Berlin is not immune to the forces of privatization. I wanted to capture this moment in time by spending a year documenting the parks of Berlin. I decided to bike to a park every week to film and record what I saw and heard. Even with 30+ short videos it is impossible to share the full picture of the beauty and complexity of what I learned.<\/p><p>The following articles are a small attempt to share a few of the insights and feelings I learned during my year of filming in Berlin\u2019s parks.<\/p><p>[\/et_pb_text][et_pb_button button_url=\"http:\/\/parkprojectberlin.com\/2018\/11\/16\/11-things-i-learned\/\" button_text=\"INTRO\" button_alignment=\"center\" admin_label=\"BOTTON - 11 THINGS\" _builder_version=\"3.18.7\" custom_button=\"on\" button_text_size=\"16px\" button_text_color=\"#ffffff\" button_border_color=\"#ffffff\" button_font=\"||||||||\" button_use_icon=\"off\"][\/et_pb_button][\/et_pb_column][et_pb_column type=\"1_4\" _builder_version=\"3.18.7\" parallax=\"off\" parallax_method=\"on\"][\/et_pb_column][\/et_pb_row][\/et_pb_section][et_pb_section fb_built=\"1\" _builder_version=\"3.0.47\"][et_pb_row _builder_version=\"3.0.48\" background_size=\"initial\" background_position=\"top_left\" background_repeat=\"repeat\"][et_pb_column type=\"1_4\" _builder_version=\"3.0.47\" parallax=\"off\" parallax_method=\"on\"][et_pb_image src=\"http:\/\/parkprojectberlin.com\/wp-content\/uploads\/2018\/10\/11Things_1_WildSpaces.jpg\" url=\"http:\/\/parkprojectberlin.com\/2018\/09\/06\/1-wild-spaces\/\" _builder_version=\"3.18.7\" filter_opacity__hover_enabled=\"on\" filter_opacity__hover=\"75%\"][\/et_pb_image][\/et_pb_column][et_pb_column type=\"1_4\" _builder_version=\"3.0.47\" parallax=\"off\" parallax_method=\"on\"][et_pb_image src=\"http:\/\/parkprojectberlin.com\/wp-content\/uploads\/2018\/10\/11Things_2_Wildlife-1.jpg\" url=\"http:\/\/parkprojectberlin.com\/2018\/11\/16\/2-wildlife\/\" _builder_version=\"3.18.7\" filter_opacity__hover_enabled=\"on\" filter_opacity__hover=\"75%\"][\/et_pb_image][\/et_pb_column][et_pb_column type=\"1_4\" _builder_version=\"3.0.47\" parallax=\"off\" parallax_method=\"on\"][et_pb_image src=\"http:\/\/parkprojectberlin.com\/wp-content\/uploads\/2018\/10\/11Things_3_PublicFigures.jpg\" url=\"http:\/\/parkprojectberlin.com\/2018\/11\/16\/3-public-figures\/\" _builder_version=\"3.18.7\" filter_opacity__hover_enabled=\"on\" filter_opacity__hover=\"74%\"][\/et_pb_image][\/et_pb_column][et_pb_column type=\"1_4\" _builder_version=\"3.0.47\" parallax=\"off\" parallax_method=\"on\"][et_pb_image src=\"http:\/\/parkprojectberlin.com\/wp-content\/uploads\/2018\/10\/11Things_4_Play.jpg\" url=\"http:\/\/parkprojectberlin.com\/2018\/11\/16\/4-play\/%20\" _builder_version=\"3.18.7\" filter_opacity__hover_enabled=\"on\" filter_opacity__hover=\"71%\"][\/et_pb_image][\/et_pb_column][\/et_pb_row][et_pb_row _builder_version=\"3.11.1\"][et_pb_column type=\"1_4\" _builder_version=\"3.0.47\" parallax=\"off\" parallax_method=\"on\"][et_pb_image src=\"http:\/\/parkprojectberlin.com\/wp-content\/uploads\/2018\/10\/11Things_5_PublicSpace-2.jpg\" url=\"http:\/\/parkprojectberlin.com\/2018\/11\/16\/politics-of-space\/\" _builder_version=\"3.18.7\" filter_opacity__hover_enabled=\"on\" filter_opacity__hover=\"75%\"][\/et_pb_image][\/et_pb_column][et_pb_column type=\"1_4\" _builder_version=\"3.0.47\" parallax=\"off\" parallax_method=\"on\"][et_pb_image src=\"http:\/\/parkprojectberlin.com\/wp-content\/uploads\/2018\/10\/11Things_6_History.jpg\" url=\"http:\/\/parkprojectberlin.com\/2018\/11\/16\/6-history\/\" _builder_version=\"3.18.7\" filter_opacity__hover_enabled=\"on\" filter_opacity__hover=\"75%\"][\/et_pb_image][\/et_pb_column][et_pb_column type=\"1_4\" _builder_version=\"3.0.47\" parallax=\"off\" parallax_method=\"on\"][et_pb_image src=\"http:\/\/parkprojectberlin.com\/wp-content\/uploads\/2018\/10\/11Things_7_SeekingBeauty.jpg\" url=\"http:\/\/parkprojectberlin.com\/2018\/09\/10\/7-beauty\/\" _builder_version=\"3.18.7\" filter_opacity__hover_enabled=\"on\" filter_opacity__hover=\"72%\"][\/et_pb_image][\/et_pb_column][et_pb_column type=\"1_4\" _builder_version=\"3.0.47\" parallax=\"off\" parallax_method=\"on\"][et_pb_image src=\"http:\/\/parkprojectberlin.com\/wp-content\/uploads\/2018\/10\/11Things_8_WallsWanderings.jpg\" url=\"http:\/\/parkprojectberlin.com\/2018\/11\/16\/8-walls-wanderings\/\" _builder_version=\"3.18.7\" filter_opacity__hover_enabled=\"on\" filter_opacity__hover=\"70%\"][\/et_pb_image][\/et_pb_column][\/et_pb_row][et_pb_row _builder_version=\"3.11.1\"][et_pb_column type=\"1_4\" _builder_version=\"3.0.47\" parallax=\"off\" parallax_method=\"on\"][et_pb_image src=\"http:\/\/parkprojectberlin.com\/wp-content\/uploads\/2018\/10\/11Things_9_Night.jpg\" url=\"http:\/\/parkprojectberlin.com\/2018\/11\/16\/9-night\/%20\" _builder_version=\"3.18.7\" filter_opacity__hover_enabled=\"on\" filter_opacity__hover=\"73%\"][\/et_pb_image][\/et_pb_column][et_pb_column type=\"1_4\" _builder_version=\"3.0.47\" parallax=\"off\" parallax_method=\"on\"][et_pb_image src=\"http:\/\/parkprojectberlin.com\/wp-content\/uploads\/2018\/10\/11Things_10_Nature.jpg\" url=\"http:\/\/parkprojectberlin.com\/2018\/11\/16\/nature\/%20\" _builder_version=\"3.18.7\" filter_opacity__hover_enabled=\"on\" filter_opacity__hover=\"71%\"][\/et_pb_image][\/et_pb_column][et_pb_column type=\"1_4\" _builder_version=\"3.0.47\" parallax=\"off\" parallax_method=\"on\"][et_pb_image src=\"http:\/\/parkprojectberlin.com\/wp-content\/uploads\/2018\/10\/11Things_11_Trampolines.jpg\" url=\"http:\/\/parkprojectberlin.com\/2018\/11\/16\/11-trampolines\/%20\" _builder_version=\"3.18.7\" filter_opacity__hover_enabled=\"on\" filter_opacity__hover=\"75%\"][\/et_pb_image][\/et_pb_column][et_pb_column type=\"1_4\" _builder_version=\"3.0.47\" parallax=\"off\" parallax_method=\"on\"][\/et_pb_column][\/et_pb_row][\/et_pb_section]<\/p>","_et_gb_content_width":"","footnotes":""},"class_list":["post-36861","page","type-page","status-publish","has-post-thumbnail","hentry"],"_links":{"self":[{"href":"https:\/\/parkprojectberlin.com\/de\/wp-json\/wp\/v2\/pages\/36861","targetHints":{"allow":["GET"]}}],"collection":[{"href":"https:\/\/parkprojectberlin.com\/de\/wp-json\/wp\/v2\/pages"}],"about":[{"href":"https:\/\/parkprojectberlin.com\/de\/wp-json\/wp\/v2\/types\/page"}],"author":[{"embeddable":true,"href":"https:\/\/parkprojectberlin.com\/de\/wp-json\/wp\/v2\/users\/1"}],"replies":[{"embeddable":true,"href":"https:\/\/parkprojectberlin.com\/de\/wp-json\/wp\/v2\/comments?post=36861"}],"version-history":[{"count":1,"href":"https:\/\/parkprojectberlin.com\/de\/wp-json\/wp\/v2\/pages\/36861\/revisions"}],"predecessor-version":[{"id":38559,"href":"https:\/\/parkprojectberlin.com\/de\/wp-json\/wp\/v2\/pages\/36861\/revisions\/38559"}],"wp:featuredmedia":[{"embeddable":true,"href":"https:\/\/parkprojectberlin.com\/de\/wp-json\/wp\/v2\/media\/35034"}],"wp:attachment":[{"href":"https:\/\/parkprojectberlin.com\/de\/wp-json\/wp\/v2\/media?parent=36861"}],"curies":[{"name":"wp","href":"https:\/\/api.w.org\/{rel}","templated":true}]}}