{"id":36855,"date":"2020-04-15T12:12:26","date_gmt":"2020-04-15T12:12:26","guid":{"rendered":"https:\/\/parkprojectberlin.com\/?page_id=36855"},"modified":"2022-02-27T22:59:58","modified_gmt":"2022-02-27T22:59:58","slug":"kontakt","status":"publish","type":"page","link":"https:\/\/parkprojectberlin.com\/de\/kontakt\/","title":{"rendered":"KONTAKT"},"content":{"rendered":"<p>[et_pb_section fb_built=&#8220;1&#8243; _builder_version=&#8220;3.22&#8243; background_image=&#8220;https:\/\/parkprojectberlin.com\/wp-content\/uploads\/2017\/08\/2017-04-08-11.22.15-copy.jpg&#8220;][et_pb_row _builder_version=&#8220;3.25&#8243; background_size=&#8220;initial&#8220; background_position=&#8220;top_left&#8220; background_repeat=&#8220;repeat&#8220;][et_pb_column type=&#8220;4_4&#8243; _builder_version=&#8220;3.25&#8243; custom_padding=&#8220;|||&#8220; custom_padding__hover=&#8220;|||&#8220;][et_pb_text _builder_version=&#8220;3.27.4&#8243;] CONTACT US [\/et_pb_text][et_pb_text _builder_version=&#8220;4.7.7&#8243; text_font=&#8220;Montserrat|300|||||||&#8220; text_text_color=&#8220;#ffffff&#8220; text_font_size=&#8220;66px&#8220; header_font=&#8220;Montserrat|300|||||||&#8220; header_text_color=&#8220;#ffffff&#8220; text_orientation=&#8220;center&#8220; background_layout=&#8220;dark&#8220; module_alignment=&#8220;center&#8220; hover_enabled=&#8220;0&#8243; inline_fonts=&#8220;Source Sans Pro Light&#8220; header_font_size_last_edited=&#8220;on|phone&#8220; sticky_enabled=&#8220;0&#8243; header_font_size_phone=&#8220;58px&#8220;]<\/p>\n<h1>Connect<\/h1>\n<p>[\/et_pb_text][et_pb_divider show_divider=&#8220;off&#8220; disabled_on=&#8220;on|on|off&#8220; _builder_version=&#8220;3.11.1&#8243;][\/et_pb_divider][\/et_pb_column][\/et_pb_row][\/et_pb_section][et_pb_section fb_built=&#8220;1&#8243; _builder_version=&#8220;3.22&#8243; custom_padding=&#8220;9px|0px|8px|0px|false|false&#8220;][et_pb_row _builder_version=&#8220;3.25&#8243; custom_padding=&#8220;27px|0px|0|0px|false|false&#8220;][et_pb_column type=&#8220;4_4&#8243; _builder_version=&#8220;3.25&#8243; custom_padding=&#8220;|||&#8220; custom_padding__hover=&#8220;|||&#8220;][et_pb_text _builder_version=&#8220;3.27.4&#8243; inline_fonts=&#8220;Montserrat&#8220;]<\/p>\n<div class=\"paragraph\" style=\"text-align: center;\"><\/div>\n<p>[\/et_pb_text][et_pb_social_media_follow _builder_version=&#8220;3.11.1&#8243; border_radii=&#8220;on|100%|100%|100%|100%&#8220; link_shape=&#8220;circle&#8220;][et_pb_social_media_follow_network social_network=&#8220;instagram&#8220; url=&#8220;https:\/\/www.instagram.com\/laurajlukitsch\/&#8220; _builder_version=&#8220;3.0.89&#8243; background_color=&#8220;#8d2424&#8243; link_shape=&#8220;circle&#8220; follow_button=&#8220;off&#8220; url_new_window=&#8220;on&#8220;]instagram [\/et_pb_social_media_follow_network][et_pb_social_media_follow_network social_network=&#8220;vimeo&#8220; url=&#8220;https:\/\/vimeo.com\/channels\/parkprojectberlin&#8220; _builder_version=&#8220;3.0.89&#8243; background_color=&#8220;#8d2424&#8243; link_shape=&#8220;circle&#8220; follow_button=&#8220;off&#8220; url_new_window=&#8220;on&#8220;]vimeo [\/et_pb_social_media_follow_network][et_pb_social_media_follow_network social_network=&#8220;facebook&#8220; url=&#8220;https:\/\/www.facebook.com\/parkprojectberlin\/?ref=bookmarks&#8220; _builder_version=&#8220;3.11.1&#8243; background_color=&#8220;#8d2424&#8243; link_shape=&#8220;circle&#8220; follow_button=&#8220;off&#8220; url_new_window=&#8220;on&#8220;]facebook[\/et_pb_social_media_follow_network][\/et_pb_social_media_follow][et_pb_text _builder_version=&#8220;4.4.1&#8243; text_font=&#8220;||||||||&#8220; text_text_color=&#8220;#8d2424&#8243; header_font=&#8220;||||||||&#8220; header_text_color=&#8220;#8d2424&#8243;]<\/p>\n<p style=\"text-align: center;\">F\u00fcr Anfragen zu Vorf\u00fchrungen, Ausstellungen und Medien<br \/>oder f\u00fcr einige Serien f\u00fcr Ihre Stadt, kontaktieren Sie:<br \/> Laura J. Lukitsch<br \/> <span style=\"font-size: 16px;\"><a href=\"mailto:laura@globalperformancemedia.com\">laura@globalperformancemedia.com<\/a><\/span><\/p>\n<p>[\/et_pb_text][\/et_pb_column][\/et_pb_row][\/et_pb_section][et_pb_section fb_built=&#8220;1&#8243; _builder_version=&#8220;3.22&#8243; custom_padding=&#8220;0|0px|8px|0px|false|false&#8220;][\/et_pb_section][et_pb_section fb_built=&#8220;1&#8243; _builder_version=&#8220;3.22&#8243; custom_padding=&#8220;0|0px|54px|0px|false|false&#8220;][et_pb_row _builder_version=&#8220;3.25&#8243; background_size=&#8220;initial&#8220; background_position=&#8220;top_left&#8220; background_repeat=&#8220;repeat&#8220;][et_pb_column type=&#8220;4_4&#8243; _builder_version=&#8220;3.25&#8243; custom_padding=&#8220;|||&#8220; custom_padding__hover=&#8220;|||&#8220;][et_pb_text _builder_version=&#8220;3.27.4&#8243;]<\/p>\n<p style=\"text-align: center;\">DOWNLOAD: <a href=\"https:\/\/www.dropbox.com\/s\/6ktga0hjicdtlbm\/PARK%20PROJECT%20Press%20Kit%202019.pdf?dl=0\" target=\"_blank\" rel=\"noopener noreferrer\">PRESS KIT<\/a>, <a href=\"https:\/\/www.dropbox.com\/sh\/em1vhlwdxxrz4ei\/AABRidSxiSRL-HNg0TNNFKGAa?dl=0\" target=\"_blank\" rel=\"noopener noreferrer\">PHOTOS<\/a><\/p>\n<p>[\/et_pb_text][\/et_pb_column][\/et_pb_row][\/et_pb_section]<\/p>\n","protected":false},"excerpt":{"rendered":"<p>CONTACT US Connect F\u00fcr Anfragen zu Vorf\u00fchrungen, Ausstellungen und Medienoder f\u00fcr einige Serien f\u00fcr Ihre Stadt, kontaktieren Sie: Laura J. Lukitsch laura@globalperformancemedia.comDOWNLOAD: PRESS KIT, PHOTOS<\/p>\n","protected":false},"author":1,"featured_media":34494,"parent":0,"menu_order":0,"comment_status":"closed","ping_status":"closed","template":"","meta":{"_et_pb_use_builder":"on","_et_pb_old_content":"<p>[et_pb_section fb_built=\"1\" _builder_version=\"3.0.67\" background_image=\"http:\/\/parkprojectberlin.com\/wp-content\/uploads\/2017\/08\/2017-04-08-11.22.15-copy.jpg\"][et_pb_row _builder_version=\"3.0.47\" background_size=\"initial\" background_position=\"top_left\" background_repeat=\"repeat\"][et_pb_column type=\"4_4\" _builder_version=\"3.0.47\" parallax=\"off\" parallax_method=\"on\"][et_pb_text _builder_version=\"3.0.74\"] CONTACT US [\/et_pb_text][et_pb_text _builder_version=\"3.18.7\" text_font=\"Montserrat|300|||||||\" text_text_color=\"#ffffff\" text_font_size=\"66px\" header_font=\"Source Sans Pro||||\" header_text_color=\"#ffffff\" text_orientation=\"center\" background_layout=\"dark\" module_alignment=\"center\" inline_fonts=\"Source Sans Pro Light\"]CONNECT[\/et_pb_text][et_pb_divider show_divider=\"off\" disabled_on=\"on|on|off\" _builder_version=\"3.11.1\"][\/et_pb_divider][\/et_pb_column][\/et_pb_row][\/et_pb_section][et_pb_section fb_built=\"1\" _builder_version=\"3.0.67\" custom_padding=\"9px|0px|8px|0px|false|false\"][et_pb_row custom_padding=\"27px|0px|0|0px|false|false\" _builder_version=\"3.0.67\"][et_pb_column type=\"4_4\" _builder_version=\"3.0.47\" parallax=\"off\" parallax_method=\"on\"][et_pb_text _builder_version=\"3.11.1\" inline_fonts=\"Montserrat\"]<\/p><div class=\"paragraph\" style=\"text-align: center;\">\u00a0<\/div><p>[\/et_pb_text][et_pb_social_media_follow _builder_version=\"3.11.1\" border_radii=\"on|100%|100%|100%|100%\" link_shape=\"circle\"][et_pb_social_media_follow_network social_network=\"instagram\" url=\"https:\/\/www.instagram.com\/laurajlukitsch\/\" _builder_version=\"3.0.89\" background_color=\"#8d2424\" border_radii=\"on|3px|3px|3px|3px\" link_shape=\"circle\" follow_button=\"off\" url_new_window=\"on\"]instagram [\/et_pb_social_media_follow_network][et_pb_social_media_follow_network social_network=\"vimeo\" url=\"https:\/\/vimeo.com\/channels\/parkprojectberlin\" _builder_version=\"3.0.89\" background_color=\"#8d2424\" border_radii=\"on|3px|3px|3px|3px\" link_shape=\"circle\" follow_button=\"off\" url_new_window=\"on\"]vimeo [\/et_pb_social_media_follow_network][et_pb_social_media_follow_network social_network=\"facebook\" url=\"https:\/\/www.facebook.com\/parkprojectberlin\/?ref=bookmarks\" _builder_version=\"3.11.1\" background_color=\"#8d2424\" link_shape=\"circle\" follow_button=\"off\" url_new_window=\"on\"]facebook[\/et_pb_social_media_follow_network][\/et_pb_social_media_follow][et_pb_text _builder_version=\"3.11.1\" text_font=\"||||||||\" text_text_color=\"#8d2424\" header_font=\"||||||||\" header_text_color=\"#8d2424\"]<\/p><p style=\"text-align: center;\">For inquiries regarding screenings, exhibitions, and media<br \/>or for a few series for your city, contact:<br \/>Laura J. Lukitsch<br \/><span style=\"font-size: 16px;\"><a href=\"mailto:laura@globalperformancemedia.com\">laura@globalperformancemedia.com<\/a><\/span><\/p><p>[\/et_pb_text][\/et_pb_column][\/et_pb_row][\/et_pb_section][et_pb_section fb_built=\"1\" _builder_version=\"3.11.1\" custom_padding=\"0|0px|8px|0px|false|false\"][\/et_pb_section][et_pb_section fb_built=\"1\" _builder_version=\"3.0.47\" custom_padding=\"0|0px|54px|0px|false|false\"][et_pb_row _builder_version=\"3.0.48\" background_size=\"initial\" background_position=\"top_left\" background_repeat=\"repeat\"][et_pb_column type=\"4_4\" _builder_version=\"3.0.47\" parallax=\"off\" parallax_method=\"on\"][et_pb_text _builder_version=\"3.18.7\"]<\/p><p style=\"text-align: center;\">DOWNLOAD: <a href=\"https:\/\/www.dropbox.com\/s\/6ktga0hjicdtlbm\/PARK%20PROJECT%20Press%20Kit%202019.pdf?dl=0\" target=\"_blank\" rel=\"noopener noreferrer\">PRESS KIT<\/a>, <a href=\"https:\/\/www.dropbox.com\/sh\/em1vhlwdxxrz4ei\/AABRidSxiSRL-HNg0TNNFKGAa?dl=0\" target=\"_blank\" rel=\"noopener noreferrer\">PHOTOS<\/a><\/p><p>[\/et_pb_text][\/et_pb_column][\/et_pb_row][\/et_pb_section]<\/p>","_et_gb_content_width":"","footnotes":""},"class_list":["post-36855","page","type-page","status-publish","has-post-thumbnail","hentry"],"_links":{"self":[{"href":"https:\/\/parkprojectberlin.com\/de\/wp-json\/wp\/v2\/pages\/36855","targetHints":{"allow":["GET"]}}],"collection":[{"href":"https:\/\/parkprojectberlin.com\/de\/wp-json\/wp\/v2\/pages"}],"about":[{"href":"https:\/\/parkprojectberlin.com\/de\/wp-json\/wp\/v2\/types\/page"}],"author":[{"embeddable":true,"href":"https:\/\/parkprojectberlin.com\/de\/wp-json\/wp\/v2\/users\/1"}],"replies":[{"embeddable":true,"href":"https:\/\/parkprojectberlin.com\/de\/wp-json\/wp\/v2\/comments?post=36855"}],"version-history":[{"count":1,"href":"https:\/\/parkprojectberlin.com\/de\/wp-json\/wp\/v2\/pages\/36855\/revisions"}],"predecessor-version":[{"id":38561,"href":"https:\/\/parkprojectberlin.com\/de\/wp-json\/wp\/v2\/pages\/36855\/revisions\/38561"}],"wp:featuredmedia":[{"embeddable":true,"href":"https:\/\/parkprojectberlin.com\/de\/wp-json\/wp\/v2\/media\/34494"}],"wp:attachment":[{"href":"https:\/\/parkprojectberlin.com\/de\/wp-json\/wp\/v2\/media?parent=36855"}],"curies":[{"name":"wp","href":"https:\/\/api.w.org\/{rel}","templated":true}]}}