{"id":36767,"date":"2020-04-15T11:25:45","date_gmt":"2020-04-15T11:25:45","guid":{"rendered":"https:\/\/parkprojectberlin.com\/?page_id=36767"},"modified":"2022-02-27T21:40:50","modified_gmt":"2022-02-27T21:40:50","slug":"trampolines","status":"publish","type":"page","link":"https:\/\/parkprojectberlin.com\/de\/trampolines\/","title":{"rendered":"TRAMPOLINES"},"content":{"rendered":"<p>[et_pb_section fb_built=&#8220;1&#8243; _builder_version=&#8220;3.22&#8243; background_image=&#8220;https:\/\/parkprojectberlin.com\/wp-content\/uploads\/2019\/08\/Trampoline-Crellestrasse-1.jpg&#8220;][et_pb_row _builder_version=&#8220;3.25&#8243; background_size=&#8220;initial&#8220; background_position=&#8220;top_left&#8220; background_repeat=&#8220;repeat&#8220;][et_pb_column type=&#8220;4_4&#8243; _builder_version=&#8220;3.25&#8243; custom_padding=&#8220;|||&#8220; custom_padding__hover=&#8220;|||&#8220;][et_pb_text _builder_version=&#8220;4.7.7&#8243; text_font=&#8220;PT Sans||||||||&#8220; text_text_color=&#8220;#ffffff&#8220; text_font_size=&#8220;30px&#8220; hover_enabled=&#8220;0&#8243; header_font=&#8220;|300|||||||&#8220; header_font_size_last_edited=&#8220;on|phone&#8220; sticky_enabled=&#8220;0&#8243; header_font_size_phone=&#8220;52px&#8220;]<\/p>\n<h1 style=\"text-align: center;\">Trampoline<\/h1>\n<p>[\/et_pb_text][\/et_pb_column][\/et_pb_row][\/et_pb_section][et_pb_section fb_built=&#8220;1&#8243; fullwidth=&#8220;on&#8220; _builder_version=&#8220;3.22&#8243;][et_pb_fullwidth_menu menu_id=&#8220;33&#8243; submenu_direction=&#8220;downwards&#8220; fullwidth_menu=&#8220;off&#8220; active_link_color=&#8220;#000000&#8243; dropdown_menu_text_color=&#8220;#b6465f&#8220; _builder_version=&#8220;3.0.106&#8243; menu_font=&#8220;Open Sans||||||||&#8220; menu_text_color=&#8220;#8d2424&#8243; text_orientation=&#8220;center&#8220;][\/et_pb_fullwidth_menu][\/et_pb_section][et_pb_section fb_built=&#8220;1&#8243; _builder_version=&#8220;3.22&#8243; custom_padding=&#8220;0|0px|4px|0px|false|false&#8220;][et_pb_row _builder_version=&#8220;3.25&#8243; custom_padding=&#8220;27px|0px|15px|0px|false|false&#8220;][et_pb_column type=&#8220;4_4&#8243; _builder_version=&#8220;3.25&#8243; custom_padding=&#8220;|||&#8220; custom_padding__hover=&#8220;|||&#8220;][et_pb_text _builder_version=&#8220;4.7.7&#8243; hover_enabled=&#8220;0&#8243; header_font=&#8220;|300|||||||&#8220; header_text_color=&#8220;#000000&#8243; header_5_text_color=&#8220;#000000&#8243; header_5_font_size=&#8220;32px&#8220; header_5_font=&#8220;|300|||||||&#8220; header_5_font_size_last_edited=&#8220;on|phone&#8220; sticky_enabled=&#8220;0&#8243; header_5_font_size_phone=&#8220;26px&#8220;]<\/p>\n<h5 style=\"text-align: center;\">TRAMPOLINE | trampolines<\/h5>\n<p>[\/et_pb_text][et_pb_text _builder_version=&#8220;4.4.1&#8243;]<\/p>\n<p>\u200bTrampoline sind in ganz Berlin etwas versteckt. Das sind keine typischen Hinterhof-Trampoline, sondern kleine Quadrate oder Fahrr\u00e4der f\u00fcr 1-4 Personen, die ebenerdig oder knapp dar\u00fcber in einem H\u00fcgel aus recycelter Plastikmatte stehen. Darunter befindet sich etwa ein Fu\u00df ausgeh\u00f6hlter Gehsteig- oder Plastikmattenraum, genug, um einen guten, aber sicheren Sprung zu bekommen.<\/p>\n<p>Aus irgendeinem Grund bringt mich jede neue Entdeckung zum Schmunzeln. Ich versuche, eine vollst\u00e4ndige Datenbank zu sammeln. Hier finden Sie einige Trampoline in Aktion zusammen mit einer Karte, die die Trampoline markiert, die ich bisher gefunden habe.<\/p>\n<p>[\/et_pb_text][\/et_pb_column][\/et_pb_row][\/et_pb_section][et_pb_section fb_built=&#8220;1&#8243; _builder_version=&#8220;3.22&#8243; custom_padding=&#8220;0|0px|53px|0px|false|false&#8220;][et_pb_row _builder_version=&#8220;3.25&#8243;][et_pb_column type=&#8220;4_4&#8243; _builder_version=&#8220;3.25&#8243; custom_padding=&#8220;|||&#8220; custom_padding__hover=&#8220;|||&#8220;][et_pb_video_slider play_icon_color=&#8220;#ffffff&#8220; thumbnail_overlay_color=&#8220;#ffffff&#8220; _builder_version=&#8220;3.18.7&#8243;][et_pb_video_slider_item admin_title=&#8220;Annemirl Bauer Platz&#8220; src=&#8220;https:\/\/vimeo.com\/316303039&#8243; _builder_version=&#8220;3.18.7&#8243; show_image_overlay=&#8220;off&#8220;][\/et_pb_video_slider_item][et_pb_video_slider_item admin_title=&#8220;Wasserturm&#8220; src=&#8220;https:\/\/vimeo.com\/316279517&#8243; _builder_version=&#8220;3.18.7&#8243; show_image_overlay=&#8220;off&#8220;][\/et_pb_video_slider_item][et_pb_video_slider_item admin_title=&#8220;Pekinger Platz&#8220; src=&#8220;https:\/\/vimeo.com\/316279310&#8243; _builder_version=&#8220;3.18.7&#8243; show_image_overlay=&#8220;off&#8220;][\/et_pb_video_slider_item][et_pb_video_slider_item admin_title=&#8220;Ekensunder Platz&#8220; src=&#8220;https:\/\/vimeo.com\/316279013&#8243; _builder_version=&#8220;3.18.7&#8243; show_image_overlay=&#8220;off&#8220;][\/et_pb_video_slider_item][et_pb_video_slider_item admin_title=&#8220;Leopold Platz&#8220; src=&#8220;https:\/\/vimeo.com\/316278652&#8243; _builder_version=&#8220;3.18.7&#8243; show_image_overlay=&#8220;off&#8220;][\/et_pb_video_slider_item][et_pb_video_slider_item admin_title=&#8220;Gleisdreieck&#8220; src=&#8220;https:\/\/vimeo.com\/316278415&#8243; _builder_version=&#8220;3.18.7&#8243; show_image_overlay=&#8220;off&#8220;][\/et_pb_video_slider_item][et_pb_video_slider_item admin_title=&#8220;Corner Playground&#8220; src=&#8220;https:\/\/vimeo.com\/316277839&#8243; _builder_version=&#8220;3.18.7&#8243; show_image_overlay=&#8220;off&#8220;][\/et_pb_video_slider_item][et_pb_video_slider_item admin_title=&#8220;Alexander Platz&#8220; src=&#8220;https:\/\/vimeo.com\/316277089&#8243; _builder_version=&#8220;3.18.7&#8243; show_image_overlay=&#8220;off&#8220;][\/et_pb_video_slider_item][et_pb_video_slider_item admin_title=&#8220;Garten Platz&#8220; src=&#8220;https:\/\/vimeo.com\/316278256&#8243; _builder_version=&#8220;3.18.7&#8243; show_image_overlay=&#8220;off&#8220;][\/et_pb_video_slider_item][\/et_pb_video_slider][\/et_pb_column][\/et_pb_row][\/et_pb_section][et_pb_section fb_built=&#8220;1&#8243; fullwidth=&#8220;on&#8220; _builder_version=&#8220;3.22&#8243;][et_pb_fullwidth_map address=&#8220; Hufelandstra\u00dfe 42, 10407 Berlin&#8220; zoom_level=&#8220;11&#8243; address_lat=&#8220;52.516797104199&#8243; address_lng=&#8220;13.312858612155&#8243; mouse_wheel=&#8220;off&#8220; mobile_dragging=&#8220;off&#8220; _builder_version=&#8220;3.18.7&#8243; child_filter_sepia=&#8220;14%&#8220;][et_pb_map_pin title=&#8220;ANNEMIRL BAUER PLATZ&#8220; pin_address=&#8220;Annemirl-Bauer-Platz, 10245 Berlin, Germany&#8220; pin_address_lat=&#8220;52.5048355&#8243; pin_address_lng=&#8220;13.46667679999996&#8243; _builder_version=&#8220;3.18.7&#8243;][\/et_pb_map_pin][et_pb_map_pin title=&#8220;DER VOLKSPARK AM WEINBERG&#8220; pin_address=&#8220;Weinbergspark, Weinbergsweg 15, 10119 Berlin, Germany&#8220; pin_address_lat=&#8220;52.5328289&#8243; pin_address_lng=&#8220;13.403403499999968&#8243; _builder_version=&#8220;3.18.7&#8243;][\/et_pb_map_pin][et_pb_map_pin title=&#8220;WASSERTURM&#8220; pin_address=&#8220;Kolmarer Str. 6, 10405 Berlin, Germany&#8220; pin_address_lat=&#8220;52.53345970889282&#8243; pin_address_lng=&#8220;13.41857731282812&#8243; _builder_version=&#8220;3.18.7&#8243;]<iframe loading=\"lazy\" title=\"WASSERTURM | trampolines\" src=\"https:\/\/player.vimeo.com\/video\/316279517?dnt=1&amp;app_id=122963\" width=\"1080\" height=\"608\" frameborder=\"0\" allow=\"autoplay; fullscreen\" allowfullscreen><\/iframe><br \/>\n[\/et_pb_map_pin][et_pb_map_pin title=&#8220;GARTENPLATZ&#8220; pin_address=&#8220;Gartenstra\u00dfe 55, 13355 Berlin, Germany&#8220; pin_address_lat=&#8220;52.5376489251173&#8243; pin_address_lng=&#8220;13.383105866376809&#8243; _builder_version=&#8220;3.18.7&#8243;]<iframe loading=\"lazy\" title=\"GARTENPLATZ |  trampolines\" src=\"https:\/\/player.vimeo.com\/video\/316278256?dnt=1&amp;app_id=122963\" width=\"1080\" height=\"608\" frameborder=\"0\" allow=\"autoplay; fullscreen\" allowfullscreen><\/iframe><br \/>\n[\/et_pb_map_pin][et_pb_map_pin title=&#8220;PEKINGER PLATZ&#8220; pin_address=&#8220;Kiautschoustra\u00dfe 11, 13353 Berlin, Germany&#8220; pin_address_lat=&#8220;52.53995642536463&#8243; pin_address_lng=&#8220;13.353965862040695&#8243; _builder_version=&#8220;3.18.7&#8243;]<iframe loading=\"lazy\" title=\"PEKINGER PLATZ | trampolines\" src=\"https:\/\/player.vimeo.com\/video\/316279310?dnt=1&amp;app_id=122963\" width=\"1080\" height=\"608\" frameborder=\"0\" allow=\"autoplay; fullscreen\" allowfullscreen><\/iframe><br \/>\n[\/et_pb_map_pin][et_pb_map_pin title=&#8220;GLEISDREIECK PARK&#8220; pin_address=&#8220;Yorckstra\u00dfe 34, 10965 Berlin, Germany&#8220; pin_address_lat=&#8220;52.494941396935&#8243; pin_address_lng=&#8220;13.374534808984&#8243; _builder_version=&#8220;3.18.7&#8243;]<iframe loading=\"lazy\" title=\"GLEISDREIECK | trampolines\" src=\"https:\/\/player.vimeo.com\/video\/316278415?dnt=1&amp;app_id=122963\" width=\"1080\" height=\"608\" frameborder=\"0\" allow=\"autoplay; fullscreen\" allowfullscreen><\/iframe><br \/>\n[\/et_pb_map_pin][et_pb_map_pin title=&#8220;ALEXANDERPLATZ&#8220; pin_address=&#8220;Alexanderpl. 5, 10178 Berlin, Germany&#8220; pin_address_lat=&#8220;52.521791130011&#8243; pin_address_lng=&#8220;13.412998069311&#8243; _builder_version=&#8220;3.18.7&#8243;]<iframe loading=\"lazy\" title=\"ALEXANDERPLATZ | trampolines\" src=\"https:\/\/player.vimeo.com\/video\/316277089?dnt=1&amp;app_id=122963\" width=\"1080\" height=\"608\" frameborder=\"0\" allow=\"autoplay; fullscreen\" allowfullscreen><\/iframe><br \/>\n[\/et_pb_map_pin][et_pb_map_pin title=&#8220;CORNER PLAYGROUND&#8220; pin_address=&#8220;Hufelandstra\u00dfe 42, 10407 Berlin, Germany&#8220; pin_address_lat=&#8220;52.52992&#8243; pin_address_lng=&#8220;13.43545&#8243; _builder_version=&#8220;3.18.7&#8243;]<iframe loading=\"lazy\" title=\"CORNER PLAYGROUND | trampolines\" src=\"https:\/\/player.vimeo.com\/video\/316277839?dnt=1&amp;app_id=122963\" width=\"1080\" height=\"608\" frameborder=\"0\" allow=\"autoplay; fullscreen\" allowfullscreen><\/iframe><br \/>\n[\/et_pb_map_pin][et_pb_map_pin title=&#8220;PARK AM NORDBAHNHOF&#8220; pin_address=&#8220;Park am Nordbahnhof, Gartenstra\u00dfe 45, 13355 Berlin, Germany&#8220; pin_address_lat=&#8220;52.5356479&#8243; pin_address_lng=&#8220;13.384052&#8243; _builder_version=&#8220;3.18.7&#8243;][\/et_pb_map_pin][et_pb_map_pin title=&#8220;Park next to Flutgraben south of Gorlitzer Park&#8220; pin_address=&#8220;Lohm\u00fchlenstra\u00dfe, 10997 Berlin, Germany&#8220; pin_address_lat=&#8220;52.4958081&#8243; pin_address_lng=&#8220;13.4482433&#8243; _builder_version=&#8220;3.11.1&#8243;][\/et_pb_map_pin][et_pb_map_pin title=&#8220;LEOPOLDPLATZ&#8220; pin_address=&#8220;52.548305, 13.360575&#8243; _builder_version=&#8220;3.18.7&#8243;]<iframe loading=\"lazy\" title=\"LEOPOLDPLATZ | trampoline\" src=\"https:\/\/player.vimeo.com\/video\/316278652?dnt=1&amp;app_id=122963\" width=\"1080\" height=\"608\" frameborder=\"0\" allow=\"autoplay; fullscreen\" allowfullscreen><\/iframe><br \/>\n[\/et_pb_map_pin][et_pb_map_pin title=&#8220;EKUNDSUNDER PLATZ&#8220; pin_address=&#8220;Ekensunder Platz, 12305 Berlin, Germany&#8220; pin_address_lat=&#8220;52.3965482&#8243; pin_address_lng=&#8220;13.3973448&#8243; _builder_version=&#8220;3.18.7&#8243;]7 trampolines<br \/>\n[\/et_pb_map_pin][et_pb_map_pin title=&#8220;PLANETEN SPIELPLATZ&#8220; pin_address=&#8220;Dossestra\u00dfe 20, 10247 Berlin, Germany&#8220; pin_address_lat=&#8220;52.5109&#8243; pin_address_lng=&#8220;13.47358&#8243; _builder_version=&#8220;3.18.7&#8243;][\/et_pb_map_pin][et_pb_map_pin title=&#8220;GIPPSTRASSE SPIELPLATZ&#8220; pin_address=&#8220;Gipsstra\u00dfe 27, 10119 Berlin, Germany&#8220; zoom_level=&#8220;11&#8243; pin_address_lat=&#8220;52.5270805&#8243; pin_address_lng=&#8220;13.4004369&#8243; _builder_version=&#8220;3.18.7&#8243;][\/et_pb_map_pin][\/et_pb_fullwidth_map][\/et_pb_section][et_pb_section fb_built=&#8220;1&#8243; fullwidth=&#8220;on&#8220; disabled_on=&#8220;on|on|on&#8220; _builder_version=&#8220;3.22&#8243; disabled=&#8220;on&#8220;][et_pb_fullwidth_portfolio title=&#8220;TRAMPOLINES&#8220; fullwidth=&#8220;off&#8220; include_categories=&#8220;57&#8243; show_date=&#8220;off&#8220; hover_icon=&#8220;%%40%%&#8220; _builder_version=&#8220;3.18.7&#8243; portfolio_header_level=&#8220;h5&#8243; title_level=&#8220;h6&#8243; title_font=&#8220;||||||||&#8220; portfolio_header_font_size_tablet=&#8220;51&#8243; portfolio_header_line_height_tablet=&#8220;2&#8243;][\/et_pb_fullwidth_portfolio][\/et_pb_section]<\/p>\n","protected":false},"excerpt":{"rendered":"<p>Trampoline TRAMPOLINE | trampolines \u200bTrampoline sind in ganz Berlin etwas versteckt. Das sind keine typischen Hinterhof-Trampoline, sondern kleine Quadrate oder Fahrr\u00e4der f\u00fcr 1-4 Personen, die ebenerdig oder knapp dar\u00fcber in einem H\u00fcgel aus recycelter Plastikmatte stehen. Darunter befindet sich etwa ein Fu\u00df ausgeh\u00f6hlter Gehsteig- oder Plastikmattenraum, genug, um einen guten, aber sicheren Sprung zu bekommen. [&hellip;]<\/p>\n","protected":false},"author":1,"featured_media":0,"parent":0,"menu_order":0,"comment_status":"closed","ping_status":"closed","template":"","meta":{"_et_pb_use_builder":"on","_et_pb_old_content":"<p>[et_pb_section fb_built=\"1\" _builder_version=\"3.18.7\" background_image=\"http:\/\/parkprojectberlin.com\/wp-content\/uploads\/2019\/08\/Trampoline-Crellestrasse-1.jpg\"][et_pb_row _builder_version=\"3.0.48\" background_size=\"initial\" background_position=\"top_left\" background_repeat=\"repeat\"][et_pb_column type=\"4_4\" _builder_version=\"3.0.47\" parallax=\"off\" parallax_method=\"on\"][et_pb_text _builder_version=\"3.18.7\" text_font=\"PT Sans||||||||\" text_text_color=\"#ffffff\" text_font_size=\"30px\"]<\/p><p style=\"text-align: center;\">TRAMPOLINES<\/p><p>[\/et_pb_text][\/et_pb_column][\/et_pb_row][\/et_pb_section][et_pb_section fb_built=\"1\" fullwidth=\"on\" _builder_version=\"3.0.47\"][et_pb_fullwidth_menu menu_id=\"33\" submenu_direction=\"downwards\" fullwidth_menu=\"off\" active_link_color=\"#000000\" dropdown_menu_text_color=\"#b6465f\" _builder_version=\"3.0.106\" menu_font=\"Open Sans||||||||\" menu_text_color=\"#8d2424\" text_orientation=\"center\"][\/et_pb_fullwidth_menu][\/et_pb_section][et_pb_section fb_built=\"1\" _builder_version=\"3.18.7\" custom_padding=\"0|0px|4px|0px|false|false\"][et_pb_row _builder_version=\"3.18.7\" custom_padding=\"27px|0px|15px|0px|false|false\"][et_pb_column type=\"4_4\" _builder_version=\"3.18.7\" parallax=\"off\" parallax_method=\"on\"][et_pb_text _builder_version=\"3.18.7\"]<\/p><h4 style=\"text-align: center;\">TRAMPOLINES<\/h4><p>[\/et_pb_text][et_pb_text _builder_version=\"3.18.7\"]<\/p><p>Trampolines are somewhat hidden throughout Berlin. These aren't typical, backyard variety trampolines but rather 1-4 person little squares or cicles that sit at ground level or just above in a hill made of recycled plastic mat. Below is about a foot of hollowed out sidewalk or plastic mat space, enough to get a good but safe bounce.\u00a0<\/p><p>For some reason each new discovery makes me smile. I'm trying to collect a full database. Here you'll find some trampolines in action along with a map that marks the trampolines I've found so far.<\/p><p>[\/et_pb_text][\/et_pb_column][\/et_pb_row][\/et_pb_section][et_pb_section fb_built=\"1\" _builder_version=\"3.18.7\" custom_padding=\"0|0px|53px|0px|false|false\"][et_pb_row _builder_version=\"3.18.7\"][et_pb_column type=\"4_4\" _builder_version=\"3.18.7\" parallax=\"off\" parallax_method=\"on\"][et_pb_video_slider play_icon_color=\"#ffffff\" thumbnail_overlay_color=\"#ffffff\" _builder_version=\"3.18.7\"][et_pb_video_slider_item admin_title=\"Annemirl Bauer Platz\" src=\"https:\/\/vimeo.com\/316303039\" _builder_version=\"3.18.7\" show_image_overlay=\"off\"][\/et_pb_video_slider_item][et_pb_video_slider_item admin_title=\"Wasserturm\" src=\"https:\/\/vimeo.com\/316279517\" _builder_version=\"3.18.7\" show_image_overlay=\"off\"][\/et_pb_video_slider_item][et_pb_video_slider_item admin_title=\"Pekinger Platz\" src=\"https:\/\/vimeo.com\/316279310\" _builder_version=\"3.18.7\" show_image_overlay=\"off\"][\/et_pb_video_slider_item][et_pb_video_slider_item admin_title=\"Ekensunder Platz\" src=\"https:\/\/vimeo.com\/316279013\" _builder_version=\"3.18.7\" show_image_overlay=\"off\"][\/et_pb_video_slider_item][et_pb_video_slider_item admin_title=\"Leopold Platz\" src=\"https:\/\/vimeo.com\/316278652\" _builder_version=\"3.18.7\" show_image_overlay=\"off\"][\/et_pb_video_slider_item][et_pb_video_slider_item admin_title=\"Gleisdreieck\" src=\"https:\/\/vimeo.com\/316278415\" _builder_version=\"3.18.7\" show_image_overlay=\"off\"][\/et_pb_video_slider_item][et_pb_video_slider_item admin_title=\"Corner Playground\" src=\"https:\/\/vimeo.com\/316277839\" _builder_version=\"3.18.7\" show_image_overlay=\"off\"][\/et_pb_video_slider_item][et_pb_video_slider_item admin_title=\"Alexander Platz\" src=\"https:\/\/vimeo.com\/316277089\" _builder_version=\"3.18.7\" show_image_overlay=\"off\"][\/et_pb_video_slider_item][et_pb_video_slider_item admin_title=\"Garten Platz\" src=\"https:\/\/vimeo.com\/316278256\" _builder_version=\"3.18.7\" show_image_overlay=\"off\"][\/et_pb_video_slider_item][\/et_pb_video_slider][\/et_pb_column][\/et_pb_row][\/et_pb_section][et_pb_section fb_built=\"1\" fullwidth=\"on\" _builder_version=\"3.18.7\"][et_pb_fullwidth_map address=\" Hufelandstra\u00dfe 42, 10407 Berlin\" zoom_level=\"11\" address_lat=\"52.516797104199\" address_lng=\"13.312858612155\" mouse_wheel=\"off\" mobile_dragging=\"off\" _builder_version=\"3.18.7\" child_filter_sepia=\"14%\"][et_pb_map_pin title=\"ANNEMIRL BAUER PLATZ\" pin_address=\"Annemirl-Bauer-Platz, 10245 Berlin, Germany\" pin_address_lat=\"52.5048355\" pin_address_lng=\"13.46667679999996\" _builder_version=\"3.18.7\"][\/et_pb_map_pin][et_pb_map_pin title=\"DER VOLKSPARK AM WEINBERG\" pin_address=\"Weinbergspark, Weinbergsweg 15, 10119 Berlin, Germany\" pin_address_lat=\"52.5328289\" pin_address_lng=\"13.403403499999968\" _builder_version=\"3.18.7\"][\/et_pb_map_pin][et_pb_map_pin title=\"WASSERTURM\" pin_address=\"Kolmarer Str. 6, 10405 Berlin, Germany\" pin_address_lat=\"52.53345970889282\" pin_address_lng=\"13.41857731282812\" _builder_version=\"3.18.7\"]<\/p><p>[embed]https:\/\/vimeo.com\/316279517[\/embed]<\/p><p>[\/et_pb_map_pin][et_pb_map_pin title=\"GARTENPLATZ\" pin_address=\"Gartenstra\u00dfe 55, 13355 Berlin, Germany\" pin_address_lat=\"52.5376489251173\" pin_address_lng=\"13.383105866376809\" _builder_version=\"3.18.7\"]<\/p><p>[embed]https:\/\/vimeo.com\/316278256[\/embed]<\/p><p>[\/et_pb_map_pin][et_pb_map_pin title=\"PEKINGER PLATZ\" pin_address=\"Kiautschoustra\u00dfe 11, 13353 Berlin, Germany\" pin_address_lat=\"52.53995642536463\" pin_address_lng=\"13.353965862040695\" _builder_version=\"3.18.7\"]<\/p><p>[embed]https:\/\/vimeo.com\/316279310[\/embed]<\/p><p>[\/et_pb_map_pin][et_pb_map_pin title=\"GLEISDREIECK PARK\" pin_address=\"Yorckstra\u00dfe 34, 10965 Berlin, Germany\" pin_address_lat=\"52.494941396935\" pin_address_lng=\"13.374534808984\" _builder_version=\"3.18.7\"]<\/p><p>[embed]https:\/\/vimeo.com\/316278415[\/embed]<\/p><p>[\/et_pb_map_pin][et_pb_map_pin title=\"ALEXANDERPLATZ\" pin_address=\"Alexanderpl. 5, 10178 Berlin, Germany\" pin_address_lat=\"52.521791130011\" pin_address_lng=\"13.412998069311\" _builder_version=\"3.18.7\"]<\/p><p>[embed]https:\/\/vimeo.com\/316277089[\/embed]<\/p><p>[\/et_pb_map_pin][et_pb_map_pin title=\"CORNER PLAYGROUND\" pin_address=\"Hufelandstra\u00dfe 42, 10407 Berlin, Germany\" pin_address_lat=\"52.52992\" pin_address_lng=\"13.43545\" _builder_version=\"3.18.7\"]<\/p><p>[embed]https:\/\/vimeo.com\/316277839[\/embed]<\/p><p>[\/et_pb_map_pin][et_pb_map_pin title=\"PARK AM NORDBAHNHOF\" pin_address=\"Park am Nordbahnhof, Gartenstra\u00dfe 45, 13355 Berlin, Germany\" pin_address_lat=\"52.5356479\" pin_address_lng=\"13.384052\" _builder_version=\"3.18.7\"][\/et_pb_map_pin][et_pb_map_pin title=\"Park next to Flutgraben south of Gorlitzer Park\" pin_address=\"Lohm\u00fchlenstra\u00dfe, 10997 Berlin, Germany\" pin_address_lat=\"52.4958081\" pin_address_lng=\"13.4482433\" _builder_version=\"3.11.1\"][\/et_pb_map_pin][et_pb_map_pin title=\"LEOPOLDPLATZ\" pin_address=\"52.548305, 13.360575\" _builder_version=\"3.18.7\"]<\/p><p>[embed]https:\/\/vimeo.com\/316278652[\/embed]<\/p><p>[\/et_pb_map_pin][et_pb_map_pin title=\"EKUNDSUNDER PLATZ\" pin_address=\"Ekensunder Platz, 12305 Berlin, Germany\" pin_address_lat=\"52.3965482\" pin_address_lng=\"13.3973448\" _builder_version=\"3.18.7\"]<\/p><p>7 trampolines<\/p><p>[\/et_pb_map_pin][et_pb_map_pin title=\"PLANETEN SPIELPLATZ\" pin_address=\"Dossestra\u00dfe 20, 10247 Berlin, Germany\" pin_address_lat=\"52.5109\" pin_address_lng=\"13.47358\" _builder_version=\"3.18.7\"][\/et_pb_map_pin][et_pb_map_pin title=\"GIPPSTRASSE SPIELPLATZ\" pin_address=\"Gipsstra\u00dfe 27, 10119 Berlin, Germany\" zoom_level=\"11\" pin_address_lat=\"52.5270805\" pin_address_lng=\"13.4004369\" _builder_version=\"3.18.7\"][\/et_pb_map_pin][\/et_pb_fullwidth_map][\/et_pb_section][et_pb_section fb_built=\"1\" fullwidth=\"on\" disabled_on=\"on|on|on\" _builder_version=\"3.18.7\" disabled=\"on\"][et_pb_fullwidth_portfolio title=\"TRAMPOLINES\" fullwidth=\"off\" include_categories=\"57\" show_date=\"off\" hover_icon=\"%%40%%\" _builder_version=\"3.18.7\" portfolio_header_level=\"h5\" portfolio_header_font_size_tablet=\"51\" portfolio_header_line_height_tablet=\"2\" title_level=\"h6\" title_font=\"||||||||\"][\/et_pb_fullwidth_portfolio][\/et_pb_section]<\/p>","_et_gb_content_width":"","footnotes":""},"class_list":["post-36767","page","type-page","status-publish","hentry"],"_links":{"self":[{"href":"https:\/\/parkprojectberlin.com\/de\/wp-json\/wp\/v2\/pages\/36767","targetHints":{"allow":["GET"]}}],"collection":[{"href":"https:\/\/parkprojectberlin.com\/de\/wp-json\/wp\/v2\/pages"}],"about":[{"href":"https:\/\/parkprojectberlin.com\/de\/wp-json\/wp\/v2\/types\/page"}],"author":[{"embeddable":true,"href":"https:\/\/parkprojectberlin.com\/de\/wp-json\/wp\/v2\/users\/1"}],"replies":[{"embeddable":true,"href":"https:\/\/parkprojectberlin.com\/de\/wp-json\/wp\/v2\/comments?post=36767"}],"version-history":[{"count":1,"href":"https:\/\/parkprojectberlin.com\/de\/wp-json\/wp\/v2\/pages\/36767\/revisions"}],"predecessor-version":[{"id":38522,"href":"https:\/\/parkprojectberlin.com\/de\/wp-json\/wp\/v2\/pages\/36767\/revisions\/38522"}],"wp:attachment":[{"href":"https:\/\/parkprojectberlin.com\/de\/wp-json\/wp\/v2\/media?parent=36767"}],"curies":[{"name":"wp","href":"https:\/\/api.w.org\/{rel}","templated":true}]}}