{"id":36761,"date":"2020-04-15T11:08:57","date_gmt":"2020-04-15T11:08:57","guid":{"rendered":"https:\/\/parkprojectberlin.com\/?page_id=36761"},"modified":"2022-02-27T21:34:43","modified_gmt":"2022-02-27T21:34:43","slug":"history","status":"publish","type":"page","link":"https:\/\/parkprojectberlin.com\/de\/history\/","title":{"rendered":"HISTORY"},"content":{"rendered":"<p>[et_pb_section fb_built=&#8220;1&#8243; _builder_version=&#8220;3.22&#8243; background_color=&#8220;#222222&#8243; background_image=&#8220;https:\/\/parkprojectberlin.com\/wp-content\/uploads\/2017\/08\/Soviet.jpg&#8220;][et_pb_row _builder_version=&#8220;3.25&#8243; background_size=&#8220;initial&#8220; background_position=&#8220;top_left&#8220; background_repeat=&#8220;repeat&#8220;][et_pb_column type=&#8220;4_4&#8243; _builder_version=&#8220;3.25&#8243; custom_padding=&#8220;|||&#8220; custom_padding__hover=&#8220;|||&#8220;][et_pb_text _builder_version=&#8220;4.7.7&#8243; text_font=&#8220;PT Sans||||||||&#8220; text_text_color=&#8220;#ffffff&#8220; text_font_size=&#8220;30px&#8220; hover_enabled=&#8220;0&#8243; header_font=&#8220;Montserrat|300|||||||&#8220; header_font_size_last_edited=&#8220;on|phone&#8220; sticky_enabled=&#8220;0&#8243; header_font_size_phone=&#8220;46px&#8220;]<\/p>\n<h1 style=\"text-align: center;\">Geschichte\u00a0<\/h1>\n<p>[\/et_pb_text][\/et_pb_column][\/et_pb_row][\/et_pb_section][et_pb_section fb_built=&#8220;1&#8243; fullwidth=&#8220;on&#8220; _builder_version=&#8220;3.22&#8243;][et_pb_fullwidth_menu menu_id=&#8220;33&#8243; submenu_direction=&#8220;downwards&#8220; fullwidth_menu=&#8220;off&#8220; active_link_color=&#8220;#000000&#8243; dropdown_menu_text_color=&#8220;#b6465f&#8220; _builder_version=&#8220;3.0.106&#8243; menu_font=&#8220;Open Sans||||||||&#8220; menu_text_color=&#8220;#8d2424&#8243; text_orientation=&#8220;center&#8220;][\/et_pb_fullwidth_menu][\/et_pb_section][et_pb_section fb_built=&#8220;1&#8243; _builder_version=&#8220;3.22&#8243; custom_padding=&#8220;1px|0px|0|0px|false|false&#8220;][et_pb_row _builder_version=&#8220;3.25&#8243; custom_padding=&#8220;23px|0px|4px|0px|false|false&#8220;][et_pb_column type=&#8220;4_4&#8243; _builder_version=&#8220;3.25&#8243; custom_padding=&#8220;|||&#8220; custom_padding__hover=&#8220;|||&#8220;][et_pb_text _builder_version=&#8220;4.7.7&#8243; hover_enabled=&#8220;0&#8243; header_5_font=&#8220;|300|||||||&#8220; header_5_text_color=&#8220;#000000&#8243; sticky_enabled=&#8220;0&#8243; header_font_size_last_edited=&#8220;on|desktop&#8220; header_5_font_size_last_edited=&#8220;on|phone&#8220; header_5_font_size_phone=&#8220;26px&#8220;]<\/p>\n<h5 style=\"text-align: center;\">GESCHICHTE | history<\/h5>\n<p>[\/et_pb_text][\/et_pb_column][\/et_pb_row][et_pb_row _builder_version=&#8220;3.25&#8243; custom_padding=&#8220;6px|0px|4px|0px|false|false&#8220;][et_pb_column type=&#8220;4_4&#8243; _builder_version=&#8220;3.25&#8243; custom_padding=&#8220;|||&#8220; custom_padding__hover=&#8220;|||&#8220;][et_pb_text _builder_version=&#8220;4.4.1&#8243;]<\/p>\n<p class=\"_2bZs5FGitKbReTGm_P5_bY direction-ltr align-start para-style-body\">\u200bWas wird in unseren \u00f6ffentlichen R\u00e4umen dargestellt?\u00a0Bevor Fernseher und Werbetafeln, Statuen und Geb\u00e4ude der Werbung des Tages dienten. Von den moralischen Erz\u00e4hlungen der Mythologie und religi\u00f6sen Ikonographie bis hin zu Erinnerungen an das Nationalbewusstsein und Bildern menschlicher St\u00e4rke und Macht.<\/p>\n<p>In Berlin werden Plakate und Erkl\u00e4rungen an alten sowjetischen Denkm\u00e4lern angebracht. An der Mauer gibt es viele interaktive Erinnerungen an die Ereignisse w\u00e4hrend der deutschen Teilung. Doch andere Denkm\u00e4ler, darunter auch preu\u00dfische \u00dcberreste, erhalten wenig oder gar keinen Kontext. Auch sie vermitteln fr\u00fchere Ideale, Hoffnungen, Tr\u00e4ume, Verluste, Gewinne und Erinnerungen.<\/p>\n<p>[\/et_pb_text][\/et_pb_column][\/et_pb_row][\/et_pb_section][et_pb_section fb_built=&#8220;1&#8243; fullwidth=&#8220;on&#8220; _builder_version=&#8220;3.22&#8243;][et_pb_fullwidth_portfolio title=&#8220; &#8220; fullwidth=&#8220;off&#8220; include_categories=&#8220;32&#8243; show_date=&#8220;off&#8220; hover_icon=&#8220;%%40%%&#8220; _builder_version=&#8220;4.7.7&#8243; portfolio_header_level=&#8220;h5&#8243; title_level=&#8220;h6&#8243; title_font=&#8220;|300|||||||&#8220; hover_enabled=&#8220;0&#8243; portfolio_header_font_size_tablet=&#8220;51&#8243; portfolio_header_line_height_tablet=&#8220;2&#8243; title_text_color=&#8220;#8d2424&#8243; title_font_size=&#8220;26px&#8220; sticky_enabled=&#8220;0&#8243;][\/et_pb_fullwidth_portfolio][\/et_pb_section]<\/p>\n","protected":false},"excerpt":{"rendered":"<p>Geschichte\u00a0 GESCHICHTE | history \u200bWas wird in unseren \u00f6ffentlichen R\u00e4umen dargestellt?\u00a0Bevor Fernseher und Werbetafeln, Statuen und Geb\u00e4ude der Werbung des Tages dienten. Von den moralischen Erz\u00e4hlungen der Mythologie und religi\u00f6sen Ikonographie bis hin zu Erinnerungen an das Nationalbewusstsein und Bildern menschlicher St\u00e4rke und Macht. In Berlin werden Plakate und Erkl\u00e4rungen an alten sowjetischen Denkm\u00e4lern angebracht. [&hellip;]<\/p>\n","protected":false},"author":1,"featured_media":0,"parent":0,"menu_order":0,"comment_status":"closed","ping_status":"closed","template":"","meta":{"_et_pb_use_builder":"on","_et_pb_old_content":"<p>[et_pb_section fb_built=\"1\" _builder_version=\"3.18.7\" background_color=\"#222222\" background_image=\"http:\/\/parkprojectberlin.com\/wp-content\/uploads\/2017\/08\/Soviet.jpg\"][et_pb_row _builder_version=\"3.0.48\" background_size=\"initial\" background_position=\"top_left\" background_repeat=\"repeat\"][et_pb_column type=\"4_4\" _builder_version=\"3.0.47\" parallax=\"off\" parallax_method=\"on\"][et_pb_text _builder_version=\"3.18.7\" text_font=\"PT Sans||||||||\" text_text_color=\"#ffffff\" text_font_size=\"30px\"]<\/p><p style=\"text-align: center;\">HISTORY<\/p><p>[\/et_pb_text][\/et_pb_column][\/et_pb_row][\/et_pb_section][et_pb_section fb_built=\"1\" fullwidth=\"on\" _builder_version=\"3.0.47\"][et_pb_fullwidth_menu menu_id=\"33\" submenu_direction=\"downwards\" fullwidth_menu=\"off\" active_link_color=\"#000000\" dropdown_menu_text_color=\"#b6465f\" _builder_version=\"3.0.106\" menu_font=\"Open Sans||||||||\" menu_text_color=\"#8d2424\" text_orientation=\"center\"][\/et_pb_fullwidth_menu][\/et_pb_section][et_pb_section fb_built=\"1\" _builder_version=\"3.18.7\" custom_padding=\"1px|0px|0|0px|false|false\"][et_pb_row custom_padding=\"23px|0px|4px|0px|false|false\" _builder_version=\"3.18.7\"][et_pb_column type=\"4_4\" _builder_version=\"3.18.7\" parallax=\"off\" parallax_method=\"on\"][et_pb_text _builder_version=\"3.18.7\"]<\/p><h5 style=\"text-align: center;\">HISTORY<\/h5><p>[\/et_pb_text][\/et_pb_column][\/et_pb_row][et_pb_row _builder_version=\"3.18.7\" custom_padding=\"6px|0px|4px|0px|false|false\"][et_pb_column type=\"4_4\" _builder_version=\"3.18.7\" parallax=\"off\" parallax_method=\"on\"][et_pb_text _builder_version=\"3.18.7\"]<\/p><p class=\"_2bZs5FGitKbReTGm_P5_bY direction-ltr align-start para-style-body\">What is represented in our public spaces?\u00a0Before televisions and billboards, statues and buildings served up the advertising of the day. From the moral tales of mythology and religious iconography, to reminders of nationhood and images of human strength and power.<\/p><p class=\"_2bZs5FGitKbReTGm_P5_bY direction-ltr align-start para-style-body\">In Berlin, placards and explanations are placed by old Soviet monuments. The Wall has many interactive reminders of what happened when Germany was split. Yet other monuments including Prussian remnants are given little or no context. These, too, are broadcasting former ideals, hopes, dreams, losses, gains and remembrances.<\/p><p>[\/et_pb_text][\/et_pb_column][\/et_pb_row][\/et_pb_section][et_pb_section fb_built=\"1\" fullwidth=\"on\" _builder_version=\"3.0.47\"][et_pb_fullwidth_portfolio title=\" \" fullwidth=\"off\" include_categories=\"32\" show_date=\"off\" hover_icon=\"%%40%%\" _builder_version=\"3.18.7\" portfolio_header_level=\"h5\" portfolio_header_font_size_tablet=\"51\" portfolio_header_line_height_tablet=\"2\" title_level=\"h6\" title_font=\"||||||||\"][\/et_pb_fullwidth_portfolio][\/et_pb_section]<\/p>","_et_gb_content_width":"","footnotes":""},"class_list":["post-36761","page","type-page","status-publish","hentry"],"_links":{"self":[{"href":"https:\/\/parkprojectberlin.com\/de\/wp-json\/wp\/v2\/pages\/36761","targetHints":{"allow":["GET"]}}],"collection":[{"href":"https:\/\/parkprojectberlin.com\/de\/wp-json\/wp\/v2\/pages"}],"about":[{"href":"https:\/\/parkprojectberlin.com\/de\/wp-json\/wp\/v2\/types\/page"}],"author":[{"embeddable":true,"href":"https:\/\/parkprojectberlin.com\/de\/wp-json\/wp\/v2\/users\/1"}],"replies":[{"embeddable":true,"href":"https:\/\/parkprojectberlin.com\/de\/wp-json\/wp\/v2\/comments?post=36761"}],"version-history":[{"count":2,"href":"https:\/\/parkprojectberlin.com\/de\/wp-json\/wp\/v2\/pages\/36761\/revisions"}],"predecessor-version":[{"id":38519,"href":"https:\/\/parkprojectberlin.com\/de\/wp-json\/wp\/v2\/pages\/36761\/revisions\/38519"}],"wp:attachment":[{"href":"https:\/\/parkprojectberlin.com\/de\/wp-json\/wp\/v2\/media?parent=36761"}],"curies":[{"name":"wp","href":"https:\/\/api.w.org\/{rel}","templated":true}]}}