{"id":36739,"date":"2020-04-15T10:41:03","date_gmt":"2020-04-15T10:41:03","guid":{"rendered":"https:\/\/parkprojectberlin.com\/?page_id=36739"},"modified":"2022-02-27T21:38:06","modified_gmt":"2022-02-27T21:38:06","slug":"forest-baths","status":"publish","type":"page","link":"https:\/\/parkprojectberlin.com\/de\/forest-baths\/","title":{"rendered":"FOREST BATHS"},"content":{"rendered":"<p>[et_pb_section fb_built=&#8220;1&#8243; _builder_version=&#8220;3.22&#8243; background_color=&#8220;#222222&#8243; background_image=&#8220;https:\/\/parkprojectberlin.com\/wp-content\/uploads\/2019\/08\/SpandauerForst_ForestBath-Sky.png&#8220;][et_pb_row _builder_version=&#8220;3.25&#8243; background_size=&#8220;initial&#8220; background_position=&#8220;top_left&#8220; background_repeat=&#8220;repeat&#8220;][et_pb_column type=&#8220;4_4&#8243; _builder_version=&#8220;3.25&#8243; custom_padding=&#8220;|||&#8220; custom_padding__hover=&#8220;|||&#8220;][et_pb_text _builder_version=&#8220;4.7.7&#8243; text_font=&#8220;PT Sans||||||||&#8220; text_text_color=&#8220;#ffffff&#8220; text_font_size=&#8220;30px&#8220; hover_enabled=&#8220;0&#8243; header_font=&#8220;|300|||||||&#8220; header_font_size_last_edited=&#8220;on|phone&#8220; sticky_enabled=&#8220;0&#8243; header_font_size_phone=&#8220;58px&#8220;]<\/p>\n<h1 style=\"text-align: center;\">Wald Bad<\/h1>\n<p>[\/et_pb_text][\/et_pb_column][\/et_pb_row][\/et_pb_section][et_pb_section fb_built=&#8220;1&#8243; fullwidth=&#8220;on&#8220; _builder_version=&#8220;3.22&#8243;][et_pb_fullwidth_menu menu_id=&#8220;33&#8243; submenu_direction=&#8220;downwards&#8220; fullwidth_menu=&#8220;off&#8220; active_link_color=&#8220;#000000&#8243; dropdown_menu_text_color=&#8220;#b6465f&#8220; _builder_version=&#8220;3.0.106&#8243; menu_font=&#8220;Open Sans||||||||&#8220; menu_text_color=&#8220;#8d2424&#8243; text_orientation=&#8220;center&#8220;][\/et_pb_fullwidth_menu][\/et_pb_section][et_pb_section fb_built=&#8220;1&#8243; _builder_version=&#8220;3.22&#8243; custom_padding=&#8220;0|0px|5px|0px|false|false&#8220;][et_pb_row _builder_version=&#8220;3.25&#8243; custom_padding=&#8220;22px|0px|4px|0px|false|false&#8220;][et_pb_column type=&#8220;4_4&#8243; _builder_version=&#8220;3.25&#8243; custom_padding=&#8220;|||&#8220; custom_padding__hover=&#8220;|||&#8220;][et_pb_text _builder_version=&#8220;4.7.7&#8243; hover_enabled=&#8220;0&#8243; header_5_font=&#8220;|300|||||||&#8220; header_5_text_color=&#8220;#000000&#8243; header_5_font_size_last_edited=&#8220;on|phone&#8220; sticky_enabled=&#8220;0&#8243; header_5_font_size_phone=&#8220;22px&#8220;]<\/p>\n<h5 style=\"text-align: center;\">WALD BAD | forest baths<\/h5>\n<p>[\/et_pb_text][et_pb_text _builder_version=&#8220;4.4.1&#8243;]<\/p>\n<p>Berlin hat 29 Bezirksforstwirtschaften innerhalb der Stadtgrenzen. Obwohl man nicht tief im Wald sein muss, um die Vorteile eines Waldbades zu nutzen. Baumgruppen finden Sie in gr\u00f6\u00dferen Parks vieler St\u00e4dte. Stellen Sie sich dort hin, entspannen Sie sich und atmen Sie durch. Wenn Sie keine Baumgruppe finden k\u00f6nnen, sehen Sie sich diese Videos an. Auch ohne die Baumchemikalien k\u00f6nnen Sie die Vorteile eines Waldbades nutzen.<\/p>\n<p>Das Waldbad wurde in Japan entwickelt, wo gestresste Arbeiter in einen Wald au\u00dferhalb von Tokio reisen und dort als eine Form der Meditation im Freien ruhig zwischen den B\u00e4umen sitzen. Teil der Sch\u00f6nheit des Waldes ist das Licht, das durch die Bl\u00e4tter f\u00e4llt, die verschiedenen Farbabstufungen und die Bewegungen der \u00c4ste, die ich mit meiner Kamera einzufangen suche.<\/p>\n<p class=\"_2bZs5FGitKbReTGm_P5_bY direction-ltr align-start para-style-body\">W\u00c4LDER BERLINS<\/p>\n<p class=\"_2bZs5FGitKbReTGm_P5_bY direction-ltr align-start para-style-body\">Bucher Forst | Grunewald | D\u00fcppeler Forest | Fauler See | Jungfernheide | M\u00fcggelberge | Pl\u00e4nterwald | Spandauer Forst | Tegeler Forst | Wuhlheide<\/p>\n<p>[\/et_pb_text][\/et_pb_column][\/et_pb_row][\/et_pb_section][et_pb_section fb_built=&#8220;1&#8243; fullwidth=&#8220;on&#8220; _builder_version=&#8220;3.22&#8243;][et_pb_fullwidth_portfolio title=&#8220; &#8220; fullwidth=&#8220;off&#8220; include_categories=&#8220;56&#8243; show_date=&#8220;off&#8220; hover_icon=&#8220;%%40%%&#8220; _builder_version=&#8220;4.7.7&#8243; portfolio_header_level=&#8220;h5&#8243; title_level=&#8220;h6&#8243; title_font=&#8220;|300|||||||&#8220; hover_enabled=&#8220;0&#8243; portfolio_header_font_size_tablet=&#8220;51&#8243; portfolio_header_line_height_tablet=&#8220;2&#8243; title_text_color=&#8220;#8d2424&#8243; title_font_size_last_edited=&#8220;on|desktop&#8220; title_font_size=&#8220;26px&#8220; sticky_enabled=&#8220;0&#8243;][\/et_pb_fullwidth_portfolio][\/et_pb_section]<\/p>\n","protected":false},"excerpt":{"rendered":"<p>Wald Bad WALD BAD | forest baths Berlin hat 29 Bezirksforstwirtschaften innerhalb der Stadtgrenzen. Obwohl man nicht tief im Wald sein muss, um die Vorteile eines Waldbades zu nutzen. Baumgruppen finden Sie in gr\u00f6\u00dferen Parks vieler St\u00e4dte. Stellen Sie sich dort hin, entspannen Sie sich und atmen Sie durch. Wenn Sie keine Baumgruppe finden k\u00f6nnen, [&hellip;]<\/p>\n","protected":false},"author":1,"featured_media":0,"parent":0,"menu_order":0,"comment_status":"closed","ping_status":"closed","template":"","meta":{"_et_pb_use_builder":"on","_et_pb_old_content":"<p>[et_pb_section fb_built=\"1\" _builder_version=\"3.18.7\" background_color=\"#222222\" background_image=\"http:\/\/parkprojectberlin.com\/wp-content\/uploads\/2019\/08\/SpandauerForst_ForestBath-Sky.png\"][et_pb_row _builder_version=\"3.0.48\" background_size=\"initial\" background_position=\"top_left\" background_repeat=\"repeat\"][et_pb_column type=\"4_4\" _builder_version=\"3.0.47\" parallax=\"off\" parallax_method=\"on\"][et_pb_text _builder_version=\"3.18.7\" text_font=\"PT Sans||||||||\" text_text_color=\"#ffffff\" text_font_size=\"30px\"]<\/p><p style=\"text-align: center;\">FOREST BATHS<\/p><p>[\/et_pb_text][\/et_pb_column][\/et_pb_row][\/et_pb_section][et_pb_section fb_built=\"1\" fullwidth=\"on\" _builder_version=\"3.0.47\"][et_pb_fullwidth_menu menu_id=\"33\" submenu_direction=\"downwards\" fullwidth_menu=\"off\" active_link_color=\"#000000\" dropdown_menu_text_color=\"#b6465f\" _builder_version=\"3.0.106\" menu_font=\"Open Sans||||||||\" menu_text_color=\"#8d2424\" text_orientation=\"center\"][\/et_pb_fullwidth_menu][\/et_pb_section][et_pb_section fb_built=\"1\" _builder_version=\"3.18.7\" custom_padding=\"0|0px|5px|0px|false|false\"][et_pb_row custom_padding=\"22px|0px|4px|0px|false|false\" _builder_version=\"3.18.7\"][et_pb_column type=\"4_4\" _builder_version=\"3.18.7\" parallax=\"off\" parallax_method=\"on\"][et_pb_text _builder_version=\"3.18.7\"]<\/p><h5 style=\"text-align: center;\">FOREST BATHS<\/h5><p>[\/et_pb_text][et_pb_text _builder_version=\"3.18.7\"]<\/p><p class=\"_2bZs5FGitKbReTGm_P5_bY direction-ltr align-start para-style-body\">Berlin has 29 district forestries within the city limits. Although you don\u2019t have to be deep in the forest to gain the benefits of a forest bath. You can find clusters of trees in larger parks of many cities. Go stand there, relax and breath. If you can\u2019t find a patch of trees, watch these videos. You can gain benefits even without the tree chemicals.<\/p><p class=\"_2bZs5FGitKbReTGm_P5_bY direction-ltr align-start para-style-body\">The forest bath was developed in Japan, where stressed out workers travel to a forest outside of Tokyo and sit quietly among the trees as a form of outdoor meditation. Part of the beauty of the forest is the light falling through the leaves, the various gradations of color and the movements of the branches which I look to capture with my camera.<\/p><p class=\"_2bZs5FGitKbReTGm_P5_bY direction-ltr align-start para-style-body\">FORESTS OF BERLIN<\/p><p class=\"_2bZs5FGitKbReTGm_P5_bY direction-ltr align-start para-style-body\">Bucher Forst | Grunewald | D\u00fcppeler Forest | Fauler See | Jungfernheide | M\u00fcggelberge | Pl\u00e4nterwald | Spandauer Forst | Tegeler Forst | Wuhlheide<\/p><p>[\/et_pb_text][\/et_pb_column][\/et_pb_row][\/et_pb_section][et_pb_section fb_built=\"1\" fullwidth=\"on\" _builder_version=\"3.0.47\"][et_pb_fullwidth_portfolio title=\" \" fullwidth=\"off\" include_categories=\"56\" show_date=\"off\" hover_icon=\"%%40%%\" _builder_version=\"3.18.7\" portfolio_header_level=\"h5\" portfolio_header_font_size_tablet=\"51\" portfolio_header_line_height_tablet=\"2\" title_level=\"h6\" title_font=\"||||||||\"][\/et_pb_fullwidth_portfolio][\/et_pb_section]<\/p><p class=\"_2bZs5FGitKbReTGm_P5_bY direction-ltr align-start para-style-body\">\u00a0<\/p>","_et_gb_content_width":"","footnotes":""},"class_list":["post-36739","page","type-page","status-publish","hentry"],"_links":{"self":[{"href":"https:\/\/parkprojectberlin.com\/de\/wp-json\/wp\/v2\/pages\/36739","targetHints":{"allow":["GET"]}}],"collection":[{"href":"https:\/\/parkprojectberlin.com\/de\/wp-json\/wp\/v2\/pages"}],"about":[{"href":"https:\/\/parkprojectberlin.com\/de\/wp-json\/wp\/v2\/types\/page"}],"author":[{"embeddable":true,"href":"https:\/\/parkprojectberlin.com\/de\/wp-json\/wp\/v2\/users\/1"}],"replies":[{"embeddable":true,"href":"https:\/\/parkprojectberlin.com\/de\/wp-json\/wp\/v2\/comments?post=36739"}],"version-history":[{"count":1,"href":"https:\/\/parkprojectberlin.com\/de\/wp-json\/wp\/v2\/pages\/36739\/revisions"}],"predecessor-version":[{"id":38521,"href":"https:\/\/parkprojectberlin.com\/de\/wp-json\/wp\/v2\/pages\/36739\/revisions\/38521"}],"wp:attachment":[{"href":"https:\/\/parkprojectberlin.com\/de\/wp-json\/wp\/v2\/media?parent=36739"}],"curies":[{"name":"wp","href":"https:\/\/api.w.org\/{rel}","templated":true}]}}