{"id":36727,"date":"2020-04-15T10:34:17","date_gmt":"2020-04-15T10:34:17","guid":{"rendered":"https:\/\/parkprojectberlin.com\/?page_id=36727"},"modified":"2022-02-27T21:35:37","modified_gmt":"2022-02-27T21:35:37","slug":"nature","status":"publish","type":"page","link":"https:\/\/parkprojectberlin.com\/de\/nature\/","title":{"rendered":"NATURE"},"content":{"rendered":"<p>[et_pb_section fb_built=&#8220;1&#8243; _builder_version=&#8220;3.22&#8243; background_color=&#8220;#222222&#8243; background_image=&#8220;https:\/\/parkprojectberlin.com\/wp-content\/uploads\/2019\/08\/Mauer-Weg-trees-and-land.png&#8220;][et_pb_row _builder_version=&#8220;3.25&#8243; background_size=&#8220;initial&#8220; background_position=&#8220;top_left&#8220; background_repeat=&#8220;repeat&#8220;][et_pb_column type=&#8220;4_4&#8243; _builder_version=&#8220;3.25&#8243; custom_padding=&#8220;|||&#8220; custom_padding__hover=&#8220;|||&#8220;][et_pb_text _builder_version=&#8220;4.7.7&#8243; text_font=&#8220;PT Sans||||||||&#8220; text_text_color=&#8220;#ffffff&#8220; text_font_size=&#8220;30px&#8220; header_font=&#8220;|300|||||||&#8220; hover_enabled=&#8220;0&#8243; header_font_size_tablet=&#8220;&#8220; header_font_size_phone=&#8220;58px&#8220; header_font_size_last_edited=&#8220;on|phone&#8220; sticky_enabled=&#8220;0&#8243;]<\/p>\n<h1 style=\"text-align: center;\">Natur<\/h1>\n<p>[\/et_pb_text][\/et_pb_column][\/et_pb_row][\/et_pb_section][et_pb_section fb_built=&#8220;1&#8243; fullwidth=&#8220;on&#8220; _builder_version=&#8220;3.22&#8243;][et_pb_fullwidth_menu menu_id=&#8220;33&#8243; submenu_direction=&#8220;downwards&#8220; fullwidth_menu=&#8220;off&#8220; active_link_color=&#8220;#8d2424&#8243; dropdown_menu_text_color=&#8220;rgba(0,0,0,0.55)&#8220; _builder_version=&#8220;3.0.106&#8243; menu_font=&#8220;Open Sans||||||||&#8220; menu_text_color=&#8220;#000000&#8243; text_orientation=&#8220;center&#8220;][\/et_pb_fullwidth_menu][\/et_pb_section][et_pb_section fb_built=&#8220;1&#8243; _builder_version=&#8220;3.22&#8243; custom_padding=&#8220;6px|0px|4px|0px|false|false&#8220;][et_pb_row _builder_version=&#8220;3.25&#8243; custom_padding=&#8220;25px|0px|5px|0px|false|false&#8220;][et_pb_column type=&#8220;4_4&#8243; _builder_version=&#8220;3.25&#8243; custom_padding=&#8220;|||&#8220; custom_padding__hover=&#8220;|||&#8220;][et_pb_text _builder_version=&#8220;4.7.7&#8243; header_2_font=&#8220;|300|||||||&#8220; header_2_text_color=&#8220;#000000&#8243; header_3_font=&#8220;|300|||||||&#8220; header_3_text_color=&#8220;#000000&#8243; header_5_font=&#8220;|300|||||||&#8220; header_5_text_color=&#8220;#000000&#8243;]<\/p>\n<h5 style=\"text-align: center;\">NATUR | nature<\/h5>\n<p>[\/et_pb_text][\/et_pb_column][\/et_pb_row][et_pb_row _builder_version=&#8220;3.25&#8243; custom_padding=&#8220;5px|0px|0|0px|false|false&#8220;][et_pb_column type=&#8220;4_4&#8243; _builder_version=&#8220;3.25&#8243; custom_padding=&#8220;|||&#8220; custom_padding__hover=&#8220;|||&#8220;][et_pb_text _builder_version=&#8220;4.4.1&#8243;]<\/p>\n<p>In der Natur zu sein f\u00fchlt sich gut an. Nun zeigen wissenschaftliche Studien messbare Gesundheitsvorteile durch den Aufenthalt in der Natur. Wenn wir auf Gras oder Sand stehen, erhalten unsere F\u00fc\u00dfe negative Ionen aus der Erde, die Entz\u00fcndungen, Cortisolspiegel und Schmerzen verringern und das sympathische Nervensystem beruhigen. Auch das Einatmen der Waldluft senkt nachweislich den Cortisolspiegel. Aber neue Studien zeigen, dass auch der Blick in die Natur Vorteile bringen kann. Allein der Blick auf die nur in der Natur vorkommenden geometrischen Muster, die Fraktale, verbessert die kognitiven Funktionen.<\/p>\n<p>Das Ansehen dieser Videos kann also gut f\u00fcr Sie sein. Aber ich hoffe auch, dass diese Parkprofile die Menschen dazu inspirieren, in ihre eigenen lokalen Parks hinauszugehen.<\/p>\n<p>[\/et_pb_text][\/et_pb_column][\/et_pb_row][\/et_pb_section][et_pb_section fb_built=&#8220;1&#8243; fullwidth=&#8220;on&#8220; _builder_version=&#8220;3.22&#8243; custom_padding=&#8220;0|0px|0px|0px|false|false&#8220;][et_pb_fullwidth_portfolio title=&#8220;NATURE&#8220; fullwidth=&#8220;off&#8220; include_categories=&#8220;30&#8243; show_date=&#8220;off&#8220; zoom_icon_color=&#8220;#ffffff&#8220; hover_icon=&#8220;%%40%%&#8220; _builder_version=&#8220;4.7.7&#8243; portfolio_header_level=&#8220;h6&#8243; portfolio_header_font=&#8220;Source Sans Pro||||||||&#8220; portfolio_header_text_color=&#8220;rgba(0,0,0,0)&#8220; portfolio_header_font_size=&#8220;24px&#8220; title_level=&#8220;h6&#8243; title_font=&#8220;|300|||||||&#8220; title_text_color=&#8220;#ffffff&#8220; title_font_size=&#8220;26px&#8220; background_layout=&#8220;dark&#8220; portfolio_header_font_size_tablet=&#8220;51&#8243; portfolio_header_line_height_tablet=&#8220;2&#8243;][\/et_pb_fullwidth_portfolio][\/et_pb_section]<\/p>\n","protected":false},"excerpt":{"rendered":"<p>Natur NATUR | natureIn der Natur zu sein f\u00fchlt sich gut an. Nun zeigen wissenschaftliche Studien messbare Gesundheitsvorteile durch den Aufenthalt in der Natur. Wenn wir auf Gras oder Sand stehen, erhalten unsere F\u00fc\u00dfe negative Ionen aus der Erde, die Entz\u00fcndungen, Cortisolspiegel und Schmerzen verringern und das sympathische Nervensystem beruhigen. Auch das Einatmen der Waldluft [&hellip;]<\/p>\n","protected":false},"author":1,"featured_media":0,"parent":0,"menu_order":0,"comment_status":"closed","ping_status":"closed","template":"","meta":{"_et_pb_use_builder":"on","_et_pb_old_content":"<p>[et_pb_section fb_built=\"1\" _builder_version=\"3.18.7\" background_color=\"#222222\" background_image=\"http:\/\/parkprojectberlin.com\/wp-content\/uploads\/2019\/08\/Mauer-Weg-trees-and-land.png\"][et_pb_row _builder_version=\"3.0.47\" background_size=\"initial\" background_position=\"top_left\" background_repeat=\"repeat\"][et_pb_column type=\"4_4\" _builder_version=\"3.0.47\" parallax=\"off\" parallax_method=\"on\"][et_pb_text _builder_version=\"3.18.7\" text_font=\"PT Sans||||||||\" text_text_color=\"#ffffff\" text_font_size=\"30px\"]<\/p><p style=\"text-align: center;\">NATURE<\/p><p>[\/et_pb_text][\/et_pb_column][\/et_pb_row][\/et_pb_section][et_pb_section fb_built=\"1\" fullwidth=\"on\" _builder_version=\"3.0.47\"][et_pb_fullwidth_menu menu_id=\"33\" submenu_direction=\"downwards\" fullwidth_menu=\"off\" active_link_color=\"#8d2424\" dropdown_menu_text_color=\"rgba(0,0,0,0.55)\" _builder_version=\"3.0.106\" menu_font=\"Open Sans||||||||\" menu_text_color=\"#000000\" text_orientation=\"center\"][\/et_pb_fullwidth_menu][\/et_pb_section][et_pb_section fb_built=\"1\" _builder_version=\"3.18.7\" custom_padding=\"6px|0px|4px|0px|false|false\"][et_pb_row custom_padding=\"25px|0px|5px|0px|false|false\" _builder_version=\"3.18.7\"][et_pb_column type=\"4_4\" _builder_version=\"3.18.7\" parallax=\"off\" parallax_method=\"on\"][et_pb_text _builder_version=\"3.18.7\"]<\/p><h5 style=\"text-align: center;\">NATURE<\/h5><p>[\/et_pb_text][\/et_pb_column][\/et_pb_row][et_pb_row custom_padding=\"5px|0px|0|0px|false|false\" _builder_version=\"3.18.7\"][et_pb_column type=\"4_4\" _builder_version=\"3.18.7\" parallax=\"off\" parallax_method=\"on\"][et_pb_text _builder_version=\"3.18.7\"]<\/p><p class=\"_2bZs5FGitKbReTGm_P5_bY direction-ltr align-start para-style-body\">Being in nature feels good. Now scientific studies show measurable health benefits from spending time in nature. When standing on grass or sand our feet receive negative ions from the earth which reduce inflammation, cortisol levels, pain and calm the sympathetic nervous system. Breathing in the forest air also has been shown to lower cortisol levels. But new studies show that you can also gain benefits from looking at nature. Just looking at the geometric patterns only found in nature, fractals, improves cognitive functioning.<\/p><p class=\"_2bZs5FGitKbReTGm_P5_bY direction-ltr align-start para-style-body\">So watching these videos can be good for you. But I also hope these park profiles inspire people to get out into their own local parks.<\/p><p>[\/et_pb_text][\/et_pb_column][\/et_pb_row][\/et_pb_section][et_pb_section fb_built=\"1\" fullwidth=\"on\" _builder_version=\"3.0.47\" custom_padding=\"0|0px|0px|0px|false|false\"][et_pb_fullwidth_portfolio title=\"NATURE\" fullwidth=\"off\" include_categories=\"30\" show_date=\"off\" zoom_icon_color=\"#ffffff\" hover_icon=\"%%40%%\" _builder_version=\"3.18.7\" portfolio_header_level=\"h6\" portfolio_header_font=\"Source Sans Pro||||||||\" portfolio_header_font_size=\"20px\" portfolio_header_font_size_tablet=\"51\" portfolio_header_line_height_tablet=\"2\" title_level=\"h6\" title_font=\"||||||||\" background_layout=\"dark\"][\/et_pb_fullwidth_portfolio][\/et_pb_section]<\/p><p class=\"_2bZs5FGitKbReTGm_P5_bY direction-ltr align-start para-style-body\">\u00a0<\/p>","_et_gb_content_width":"","footnotes":""},"class_list":["post-36727","page","type-page","status-publish","hentry"],"_links":{"self":[{"href":"https:\/\/parkprojectberlin.com\/de\/wp-json\/wp\/v2\/pages\/36727","targetHints":{"allow":["GET"]}}],"collection":[{"href":"https:\/\/parkprojectberlin.com\/de\/wp-json\/wp\/v2\/pages"}],"about":[{"href":"https:\/\/parkprojectberlin.com\/de\/wp-json\/wp\/v2\/types\/page"}],"author":[{"embeddable":true,"href":"https:\/\/parkprojectberlin.com\/de\/wp-json\/wp\/v2\/users\/1"}],"replies":[{"embeddable":true,"href":"https:\/\/parkprojectberlin.com\/de\/wp-json\/wp\/v2\/comments?post=36727"}],"version-history":[{"count":2,"href":"https:\/\/parkprojectberlin.com\/de\/wp-json\/wp\/v2\/pages\/36727\/revisions"}],"predecessor-version":[{"id":38520,"href":"https:\/\/parkprojectberlin.com\/de\/wp-json\/wp\/v2\/pages\/36727\/revisions\/38520"}],"wp:attachment":[{"href":"https:\/\/parkprojectberlin.com\/de\/wp-json\/wp\/v2\/media?parent=36727"}],"curies":[{"name":"wp","href":"https:\/\/api.w.org\/{rel}","templated":true}]}}