{"id":36723,"date":"2020-04-15T10:32:25","date_gmt":"2020-04-15T10:32:25","guid":{"rendered":"https:\/\/parkprojectberlin.com\/?page_id=36723"},"modified":"2022-02-27T21:45:34","modified_gmt":"2022-02-27T21:45:34","slug":"play","status":"publish","type":"page","link":"https:\/\/parkprojectberlin.com\/de\/play\/","title":{"rendered":"PLAY"},"content":{"rendered":"<p>[et_pb_section fb_built=&#8220;1&#8243; _builder_version=&#8220;3.22&#8243; background_color=&#8220;#222222&#8243; background_image=&#8220;https:\/\/parkprojectberlin.com\/wp-content\/uploads\/2019\/08\/TempelhofFeld-Skate-kites.png&#8220;][et_pb_row _builder_version=&#8220;3.25&#8243; background_size=&#8220;initial&#8220; background_position=&#8220;top_left&#8220; background_repeat=&#8220;repeat&#8220;][et_pb_column type=&#8220;4_4&#8243; _builder_version=&#8220;3.25&#8243; custom_padding=&#8220;|||&#8220; custom_padding__hover=&#8220;|||&#8220;][et_pb_text _builder_version=&#8220;4.7.7&#8243; text_font=&#8220;PT Sans||||||||&#8220; text_text_color=&#8220;#ffffff&#8220; text_font_size=&#8220;30px&#8220; hover_enabled=&#8220;0&#8243; header_font=&#8220;|300|||||||&#8220; header_font_size_last_edited=&#8220;on|phone&#8220; sticky_enabled=&#8220;0&#8243; header_font_size_phone=&#8220;58px&#8220;]<\/p>\n<h1 style=\"text-align: center;\">Spielen<\/h1>\n<p>[\/et_pb_text][\/et_pb_column][\/et_pb_row][\/et_pb_section][et_pb_section fb_built=&#8220;1&#8243; fullwidth=&#8220;on&#8220; _builder_version=&#8220;3.22&#8243;][et_pb_fullwidth_menu menu_id=&#8220;33&#8243; submenu_direction=&#8220;downwards&#8220; fullwidth_menu=&#8220;off&#8220; active_link_color=&#8220;#8d2424&#8243; dropdown_menu_text_color=&#8220;rgba(0,0,0,0.55)&#8220; _builder_version=&#8220;3.0.106&#8243; menu_font=&#8220;Open Sans||||||||&#8220; menu_text_color=&#8220;#000000&#8243; text_orientation=&#8220;center&#8220;][\/et_pb_fullwidth_menu][\/et_pb_section][et_pb_section fb_built=&#8220;1&#8243; _builder_version=&#8220;3.22&#8243; custom_padding=&#8220;3px|0px|2px|0px|false|false&#8220;][et_pb_row _builder_version=&#8220;3.25&#8243; custom_padding=&#8220;22px|0px|6px|0px|false|false&#8220;][et_pb_column type=&#8220;4_4&#8243; _builder_version=&#8220;3.25&#8243; custom_padding=&#8220;|||&#8220; custom_padding__hover=&#8220;|||&#8220;][et_pb_text _builder_version=&#8220;4.7.7&#8243; hover_enabled=&#8220;0&#8243; header_font=&#8220;|300|||||||&#8220; header_text_color=&#8220;#000000&#8243; header_5_font=&#8220;|300|||||||&#8220; header_5_text_color=&#8220;#000000&#8243; header_5_font_size_last_edited=&#8220;on|phone&#8220; sticky_enabled=&#8220;0&#8243; header_5_font_size_phone=&#8220;26px&#8220;]<\/p>\n<h5 style=\"text-align: center;\">SPEILEN | play<\/h5>\n<p>[\/et_pb_text][\/et_pb_column][\/et_pb_row][et_pb_row _builder_version=&#8220;3.25&#8243; custom_padding=&#8220;5px|0px|0|0px|false|false&#8220;][et_pb_column type=&#8220;4_4&#8243; _builder_version=&#8220;3.25&#8243; custom_padding=&#8220;|||&#8220; custom_padding__hover=&#8220;|||&#8220;][et_pb_text _builder_version=&#8220;4.4.1&#8243;]<\/p>\n<p>Den Parks nach zu urteilen, spielen die Berliner Alt und Jung gerne. Zus\u00e4tzlich zu den Trampolinen gibt es Rutschen, Schaukeln, Tischtennisplatten, scheinbar handgeschnitzte Kreaturen, auf denen Kinder klettern k\u00f6nnen. In vielen Parks stehen W\u00e4nde zum Graffiti-Malen zur Verf\u00fcgung. Wenn Sie nach dem Spiel hungrig werden, finden Sie im Park oft ein Caf\u00e9 oder Essensst\u00e4nde.<\/p>\n<p>In Berlin gibt es \u00fcberall Spielpl\u00e4tze. Ich sehe sie in Landtaschen zwischen Geb\u00e4uden, an leeren Ecken, in Parks und auf \u00f6ffentlichen Pl\u00e4tzen. Es gibt Tischtennisplatten auf Parkpl\u00e4tzen und Streifen ungenutzter Stra\u00dfen. Es gibt auch Skateparks, Fu\u00dfballfelder, Kletterw\u00e4nde, Schaukeln, Wege f\u00fcr Rollschuhe, Laufen und Kiteboards. Und eine Achterbahn.<\/p>\n<p>In der Stadt Berlin gibt es \u00fcber 80 Seen, zwei Fl\u00fcsse und drei Kan\u00e4le. Je nach Aufenthaltsort und Jahreszeit k\u00f6nnen Sie schwimmen, Schlittschuh laufen, segeln, kreuzen, paddeln, V\u00f6gel beobachten, spazieren gehen, Rad fahren, Kaffee oder Bier trinken oder einfach nur eine Decke weglegen und mit Freunden abh\u00e4ngen oder sitzen und lesen.<\/p>\n<p>[\/et_pb_text][\/et_pb_column][\/et_pb_row][\/et_pb_section][et_pb_section fb_built=&#8220;1&#8243; fullwidth=&#8220;on&#8220; _builder_version=&#8220;3.22&#8243;][et_pb_fullwidth_portfolio title=&#8220; &#8220; fullwidth=&#8220;off&#8220; show_date=&#8220;off&#8220; hover_icon=&#8220;%%40%%&#8220; _builder_version=&#8220;4.7.7&#8243; portfolio_header_level=&#8220;h5&#8243; title_level=&#8220;h6&#8243; title_font=&#8220;|300|||||||&#8220; hover_enabled=&#8220;0&#8243; portfolio_header_font_size_tablet=&#8220;51&#8243; portfolio_header_line_height_tablet=&#8220;2&#8243; title_text_color=&#8220;#8d2424&#8243; title_font_size=&#8220;26px&#8220; sticky_enabled=&#8220;0&#8243;][\/et_pb_fullwidth_portfolio][\/et_pb_section]<\/p>\n","protected":false},"excerpt":{"rendered":"<p>Spielen SPEILEN | play Den Parks nach zu urteilen, spielen die Berliner Alt und Jung gerne. Zus\u00e4tzlich zu den Trampolinen gibt es Rutschen, Schaukeln, Tischtennisplatten, scheinbar handgeschnitzte Kreaturen, auf denen Kinder klettern k\u00f6nnen. In vielen Parks stehen W\u00e4nde zum Graffiti-Malen zur Verf\u00fcgung. Wenn Sie nach dem Spiel hungrig werden, finden Sie im Park oft ein [&hellip;]<\/p>\n","protected":false},"author":1,"featured_media":0,"parent":0,"menu_order":0,"comment_status":"closed","ping_status":"closed","template":"","meta":{"_et_pb_use_builder":"on","_et_pb_old_content":"<p>[et_pb_section fb_built=\"1\" _builder_version=\"3.18.7\" background_color=\"#222222\" background_image=\"http:\/\/parkprojectberlin.com\/wp-content\/uploads\/2019\/08\/TempelhofFeld-Skate-kites.png\"][et_pb_row _builder_version=\"3.0.47\" background_size=\"initial\" background_position=\"top_left\" background_repeat=\"repeat\"][et_pb_column type=\"4_4\" _builder_version=\"3.0.47\" parallax=\"off\" parallax_method=\"on\"][et_pb_text _builder_version=\"3.18.7\" text_font=\"PT Sans||||||||\" text_text_color=\"#ffffff\" text_font_size=\"30px\"]<\/p><p style=\"text-align: center;\">PLAY<\/p><p>[\/et_pb_text][\/et_pb_column][\/et_pb_row][\/et_pb_section][et_pb_section fb_built=\"1\" fullwidth=\"on\" _builder_version=\"3.0.47\"][et_pb_fullwidth_menu menu_id=\"33\" submenu_direction=\"downwards\" fullwidth_menu=\"off\" active_link_color=\"#8d2424\" dropdown_menu_text_color=\"rgba(0,0,0,0.55)\" _builder_version=\"3.0.106\" menu_font=\"Open Sans||||||||\" menu_text_color=\"#000000\" text_orientation=\"center\"][\/et_pb_fullwidth_menu][\/et_pb_section][et_pb_section fb_built=\"1\" _builder_version=\"3.18.7\" custom_padding=\"3px|0px|2px|0px|false|false\"][et_pb_row _builder_version=\"3.18.7\" custom_padding=\"22px|0px|6px|0px|false|false\"][et_pb_column type=\"4_4\" _builder_version=\"3.18.7\" parallax=\"off\" parallax_method=\"on\"][et_pb_text _builder_version=\"3.18.7\"]<\/p><h5 style=\"text-align: center;\">PLAY<\/h5><p>[\/et_pb_text][\/et_pb_column][\/et_pb_row][et_pb_row _builder_version=\"3.18.7\" custom_padding=\"5px|0px|0|0px|false|false\"][et_pb_column type=\"4_4\" _builder_version=\"3.18.7\" parallax=\"off\" parallax_method=\"on\"][et_pb_text _builder_version=\"3.18.7\"]<\/p><p class=\"_2bZs5FGitKbReTGm_P5_bY direction-ltr align-start para-style-body\">Judging from the parks, Berliners old and young enjoy play. In addition to the trampolines, you can find slides, swings, ping pong tables, seemingly hand-carved creatures for children to climb. Many parks have walls available for painting graffiti. If you get hungry after your play you can often find a cafe\u00a0or food kiosks inside the park.<\/p><p class=\"_2bZs5FGitKbReTGm_P5_bY direction-ltr align-start para-style-body\">Berlin has playgrounds everywhere. I see them in pockets of land between buildings, on empty corners, in parks and public squares. There are ping pong tables in parking spaces and strips of unused road. There are also skate parks, soccer fields, climbing walls, swings, pathways for rollerblades, running and kiteboards. And one rollercoaster.\u00a0<\/p><p class=\"_2bZs5FGitKbReTGm_P5_bY direction-ltr align-start para-style-body\">Within the city of Berlin, there are over 80 lakes, two rivers, and three canals. Depending on where you are and the time of year you can swim, skate, sail, cruise, paddle, bird watch, walk, bike ride, drink coffee or beer, or just put down a blanket and hang out with friends or sit and read.<\/p><p>[\/et_pb_text][\/et_pb_column][\/et_pb_row][\/et_pb_section][et_pb_section fb_built=\"1\" fullwidth=\"on\" _builder_version=\"3.0.47\"][et_pb_fullwidth_portfolio title=\" \" fullwidth=\"off\" include_categories=\"19\" show_date=\"off\" hover_icon=\"%%40%%\" _builder_version=\"3.18.7\" portfolio_header_level=\"h5\" portfolio_header_font_size_tablet=\"51\" portfolio_header_line_height_tablet=\"2\" title_level=\"h6\" title_font=\"||||||||\"][\/et_pb_fullwidth_portfolio][\/et_pb_section]<\/p>","_et_gb_content_width":"","footnotes":""},"class_list":["post-36723","page","type-page","status-publish","hentry"],"_links":{"self":[{"href":"https:\/\/parkprojectberlin.com\/de\/wp-json\/wp\/v2\/pages\/36723","targetHints":{"allow":["GET"]}}],"collection":[{"href":"https:\/\/parkprojectberlin.com\/de\/wp-json\/wp\/v2\/pages"}],"about":[{"href":"https:\/\/parkprojectberlin.com\/de\/wp-json\/wp\/v2\/types\/page"}],"author":[{"embeddable":true,"href":"https:\/\/parkprojectberlin.com\/de\/wp-json\/wp\/v2\/users\/1"}],"replies":[{"embeddable":true,"href":"https:\/\/parkprojectberlin.com\/de\/wp-json\/wp\/v2\/comments?post=36723"}],"version-history":[{"count":1,"href":"https:\/\/parkprojectberlin.com\/de\/wp-json\/wp\/v2\/pages\/36723\/revisions"}],"predecessor-version":[{"id":38524,"href":"https:\/\/parkprojectberlin.com\/de\/wp-json\/wp\/v2\/pages\/36723\/revisions\/38524"}],"wp:attachment":[{"href":"https:\/\/parkprojectberlin.com\/de\/wp-json\/wp\/v2\/media?parent=36723"}],"curies":[{"name":"wp","href":"https:\/\/api.w.org\/{rel}","templated":true}]}}