{"id":36719,"date":"2020-04-15T10:29:08","date_gmt":"2020-04-15T10:29:08","guid":{"rendered":"https:\/\/parkprojectberlin.com\/?page_id=36719"},"modified":"2022-02-28T19:39:20","modified_gmt":"2022-02-28T19:39:20","slug":"weltweit","status":"publish","type":"page","link":"https:\/\/parkprojectberlin.com\/de\/weltweit\/","title":{"rendered":"WELTWEIT"},"content":{"rendered":"<p>[et_pb_section fb_built=&#8220;1&#8243; _builder_version=&#8220;4.7.7&#8243; background_image=&#8220;https:\/\/parkprojectberlin.com\/wp-content\/uploads\/2022\/02\/Header_Project_Global-Kiev.png&#8220;][et_pb_row _builder_version=&#8220;3.25&#8243; background_size=&#8220;initial&#8220; background_position=&#8220;top_left&#8220; background_repeat=&#8220;repeat&#8220;][et_pb_column type=&#8220;4_4&#8243; _builder_version=&#8220;3.25&#8243; custom_padding=&#8220;|||&#8220; custom_padding__hover=&#8220;|||&#8220;][et_pb_text admin_label=&#8220;Out of Town&#8220; _builder_version=&#8220;4.7.7&#8243; text_font=&#8220;Montserrat|300|||||||&#8220; text_text_color=&#8220;#ffffff&#8220; text_font_size=&#8220;72px&#8220; header_font=&#8220;|300|||||||&#8220; header_font_size_tablet=&#8220;&#8220; header_font_size_phone=&#8220;58px&#8220; header_font_size_last_edited=&#8220;on|phone&#8220;]<\/p>\n<h1 style=\"text-align: center;\">Weltweit<\/h1>\n<p>[\/et_pb_text][et_pb_divider show_divider=&#8220;off&#8220; _builder_version=&#8220;3.18.7&#8243;][\/et_pb_divider][\/et_pb_column][\/et_pb_row][\/et_pb_section][et_pb_section fb_built=&#8220;1&#8243; fullwidth=&#8220;on&#8220; _builder_version=&#8220;3.22&#8243;][et_pb_fullwidth_menu menu_id=&#8220;33&#8243; submenu_direction=&#8220;downwards&#8220; fullwidth_menu=&#8220;off&#8220; active_link_color=&#8220;#000000&#8243; dropdown_menu_text_color=&#8220;#b6465f&#8220; _builder_version=&#8220;3.0.106&#8243; menu_font=&#8220;Open Sans||||||||&#8220; menu_text_color=&#8220;#8d2424&#8243; text_orientation=&#8220;center&#8220;][\/et_pb_fullwidth_menu][\/et_pb_section][et_pb_section fb_built=&#8220;1&#8243; _builder_version=&#8220;3.22&#8243; custom_padding=&#8220;0|0px|12px|0px|false|false&#8220;][et_pb_row _builder_version=&#8220;3.25&#8243; custom_padding=&#8220;22px|0px|4px|0px|false|false&#8220;][et_pb_column type=&#8220;4_4&#8243; _builder_version=&#8220;3.25&#8243; custom_padding=&#8220;|||&#8220; custom_padding__hover=&#8220;|||&#8220;][et_pb_text _builder_version=&#8220;4.7.7&#8243; text_text_color=&#8220;#000000&#8243; header_5_font_size_tablet=&#8220;&#8220; header_5_font_size_phone=&#8220;23px&#8220; header_5_font_size_last_edited=&#8220;on|phone&#8220;]<\/p>\n<h5 style=\"text-align: center;\"><span style=\"color: #000000;\">PARK PROJECT GLOBAL<\/span><\/h5>\n<p>[\/et_pb_text][\/et_pb_column][\/et_pb_row][et_pb_row _builder_version=&#8220;3.25&#8243; custom_padding=&#8220;3px|0px|6px|0px|false|false&#8220;][et_pb_column type=&#8220;4_4&#8243; _builder_version=&#8220;3.25&#8243; custom_padding=&#8220;|||&#8220; custom_padding__hover=&#8220;|||&#8220;][et_pb_text admin_label=&#8220;Description&#8220; _builder_version=&#8220;4.4.1&#8243; text_font=&#8220;||||||||&#8220; text_text_color=&#8220;#383838&#8243; text_line_height=&#8220;1.8em&#8220;]<\/p>\n<p style=\"text-align: left;\">Inspiriert durch meine Erfahrungen in Berlin und fasziniert von den Kontrasten der Parks anderswo, begann ich auf meinen Reisen auch Parks au\u00dferhalb Berlins zu filmen. Urspr\u00fcnglich hatte ich geplant, nur Parks zu filmen, die von Berlin aus mit Bus und Bahn bequem zu erreichen sind. Ich habe meine Dreharbeiten jedoch auf St\u00e4dte au\u00dferhalb Deutschlands und sogar Europas ausgeweitet. F\u00fcr jede Stadt, der ich begegne, nehme ich den gleichen Ansatz. Ich suche mir einen Park aus, der mich in irgendeiner Weise interessiert (N\u00e4he, Geschichte, Sch\u00f6nheit usw.), und filme die Elemente, die mich im Moment interessieren. Sp\u00e4ter finde ich das Thema, indem ich mir das Filmmaterial anschaue und den Hintergrund des Parks vertieft recherchiere. Diese Sammlung wird mit der Zeit immer weiter wachsen.<\/p>\n<p>[\/et_pb_text][\/et_pb_column][\/et_pb_row][\/et_pb_section][et_pb_section fb_built=&#8220;1&#8243; fullwidth=&#8220;on&#8220; _builder_version=&#8220;3.22&#8243; custom_padding=&#8220;0|0px|0px|0px|false|false&#8220;][et_pb_fullwidth_portfolio title=&#8220; &#8220; fullwidth=&#8220;off&#8220; include_categories=&#8220;58&#8243; show_date=&#8220;off&#8220; zoom_icon_color=&#8220;#8d2424&#8243; hover_icon=&#8220;%%40%%&#8220; _builder_version=&#8220;4.7.7&#8243; portfolio_header_level=&#8220;h5&#8243; portfolio_header_font=&#8220;||||||||&#8220; title_level=&#8220;h6&#8243; title_font=&#8220;|300|||||||&#8220; title_text_color=&#8220;#8d2424&#8243; title_font_size=&#8220;26px&#8220; portfolio_header_font_size_tablet=&#8220;51&#8243; portfolio_header_line_height_tablet=&#8220;2&#8243; title_font_size_tablet=&#8220;&#8220; title_font_size_phone=&#8220;&#8220; title_font_size_last_edited=&#8220;on|desktop&#8220;][\/et_pb_fullwidth_portfolio][\/et_pb_section]<\/p>\n","protected":false},"excerpt":{"rendered":"<p>WeltweitPARK PROJECT GLOBALInspiriert durch meine Erfahrungen in Berlin und fasziniert von den Kontrasten der Parks anderswo, begann ich auf meinen Reisen auch Parks au\u00dferhalb Berlins zu filmen. Urspr\u00fcnglich hatte ich geplant, nur Parks zu filmen, die von Berlin aus mit Bus und Bahn bequem zu erreichen sind. Ich habe meine Dreharbeiten jedoch auf St\u00e4dte au\u00dferhalb [&hellip;]<\/p>\n","protected":false},"author":1,"featured_media":38370,"parent":0,"menu_order":0,"comment_status":"closed","ping_status":"closed","template":"","meta":{"_et_pb_use_builder":"on","_et_pb_old_content":"<p>[et_pb_section fb_built=\"1\" _builder_version=\"3.18.7\" background_image=\"http:\/\/parkprojectberlin.com\/wp-content\/uploads\/2019\/01\/Rungen_Winter-bench-blur.png\"][et_pb_row _builder_version=\"3.0.48\" background_size=\"initial\" background_position=\"top_left\" background_repeat=\"repeat\"][et_pb_column type=\"4_4\" _builder_version=\"3.0.47\" parallax=\"off\" parallax_method=\"on\"][et_pb_text admin_label=\"Out of Town\" _builder_version=\"3.18.7\" text_font=\"Montserrat|300|||||||\" text_text_color=\"#ffffff\" text_font_size=\"72px\"]<\/p><p style=\"text-align: center;\">OUT OF TOWN<\/p><p>[\/et_pb_text][et_pb_divider show_divider=\"off\" _builder_version=\"3.18.7\"][\/et_pb_divider][\/et_pb_column][\/et_pb_row][\/et_pb_section][et_pb_section fb_built=\"1\" fullwidth=\"on\" _builder_version=\"3.0.47\"][et_pb_fullwidth_menu menu_id=\"33\" submenu_direction=\"downwards\" fullwidth_menu=\"off\" active_link_color=\"#000000\" dropdown_menu_text_color=\"#b6465f\" _builder_version=\"3.0.106\" menu_font=\"Open Sans||||||||\" menu_text_color=\"#8d2424\" text_orientation=\"center\"][\/et_pb_fullwidth_menu][\/et_pb_section][et_pb_section fb_built=\"1\" _builder_version=\"3.18.7\" custom_padding=\"0|0px|12px|0px|false|false\"][et_pb_row _builder_version=\"3.18.7\" custom_padding=\"22px|0px|4px|0px|false|false\"][et_pb_column type=\"4_4\" _builder_version=\"3.18.7\" parallax=\"off\" parallax_method=\"on\"][et_pb_text _builder_version=\"3.18.7\"]<\/p><h5 style=\"text-align: center;\">TRAVEL<\/h5><p>[\/et_pb_text][\/et_pb_column][\/et_pb_row][et_pb_row custom_padding=\"3px|0px|6px|0px|false|false\" _builder_version=\"3.18.7\"][et_pb_column type=\"4_4\" _builder_version=\"3.18.7\" parallax=\"off\" parallax_method=\"on\"][et_pb_text admin_label=\"Description\" _builder_version=\"3.18.7\" text_font=\"||||||||\" text_text_color=\"#383838\" text_line_height=\"1.8em\"]<\/p><p style=\"text-align: left;\">Inspired by my experience in Berlin and intrigued by the contrast of parks elsewhere, I started filming parks outside of Berlin, during my travels. Initially I planned to only film parks within an easy bus\/train ride from Berlin. However, I have expanded my filming to include cities outside of Germany and even Europe. For each city I encounter, I take the same approach. I pick a park that interests me in some way (proximity, history, beauty, etc) and film the elements that interest me in the moment. Later I find the theme by looking at the footage and researching the background of the park in more depth. This collection will continue to grow over time.<\/p><p>[\/et_pb_text][\/et_pb_column][\/et_pb_row][\/et_pb_section][et_pb_section fb_built=\"1\" fullwidth=\"on\" _builder_version=\"3.0.47\" custom_padding=\"0|0px|0px|0px|false|false\"][et_pb_fullwidth_portfolio title=\" \" fullwidth=\"off\" include_categories=\"58\" show_date=\"off\" zoom_icon_color=\"#8d2424\" hover_icon=\"%%40%%\" _builder_version=\"3.18.7\" portfolio_header_level=\"h5\" portfolio_header_font=\"||||||||\" portfolio_header_font_size_tablet=\"51\" portfolio_header_line_height_tablet=\"2\" title_level=\"h6\" title_font=\"||||||||\"][\/et_pb_fullwidth_portfolio][\/et_pb_section]<\/p>","_et_gb_content_width":"","footnotes":""},"class_list":["post-36719","page","type-page","status-publish","has-post-thumbnail","hentry"],"_links":{"self":[{"href":"https:\/\/parkprojectberlin.com\/de\/wp-json\/wp\/v2\/pages\/36719","targetHints":{"allow":["GET"]}}],"collection":[{"href":"https:\/\/parkprojectberlin.com\/de\/wp-json\/wp\/v2\/pages"}],"about":[{"href":"https:\/\/parkprojectberlin.com\/de\/wp-json\/wp\/v2\/types\/page"}],"author":[{"embeddable":true,"href":"https:\/\/parkprojectberlin.com\/de\/wp-json\/wp\/v2\/users\/1"}],"replies":[{"embeddable":true,"href":"https:\/\/parkprojectberlin.com\/de\/wp-json\/wp\/v2\/comments?post=36719"}],"version-history":[{"count":4,"href":"https:\/\/parkprojectberlin.com\/de\/wp-json\/wp\/v2\/pages\/36719\/revisions"}],"predecessor-version":[{"id":38771,"href":"https:\/\/parkprojectberlin.com\/de\/wp-json\/wp\/v2\/pages\/36719\/revisions\/38771"}],"wp:featuredmedia":[{"embeddable":true,"href":"https:\/\/parkprojectberlin.com\/de\/wp-json\/wp\/v2\/media\/38370"}],"wp:attachment":[{"href":"https:\/\/parkprojectberlin.com\/de\/wp-json\/wp\/v2\/media?parent=36719"}],"curies":[{"name":"wp","href":"https:\/\/api.w.org\/{rel}","templated":true}]}}