{"id":35791,"date":"2019-10-09T19:33:47","date_gmt":"2019-10-09T19:33:47","guid":{"rendered":"http:\/\/parkprojectberlin.com\/?page_id=35791"},"modified":"2019-10-09T19:33:47","modified_gmt":"2019-10-09T19:33:47","slug":"the-desire-to-fly","status":"publish","type":"page","link":"https:\/\/parkprojectberlin.com\/de\/kunstinstallationen\/the-desire-to-fly\/","title":{"rendered":"THE DESIRE TO FLY"},"content":{"rendered":"<p>[et_pb_section fb_built=&#8220;1&#8243; fullwidth=&#8220;on&#8220; admin_label=&#8220;Installation TItle&#8220; _builder_version=&#8220;3.18.7&#8243; background_color=&#8220;#8d2424&#8243;][et_pb_fullwidth_header title=&#8220;DIE LUST AM FLIEGEN &#8220; subhead=&#8220;| the desire to fly&#8220; text_orientation=&#8220;center&#8220; admin_label=&#8220;Installation Title&#8220; _builder_version=&#8220;3.18.7&#8243; title_font=&#8220;||||||||&#8220; title_line_height=&#8220;1.1em&#8220; content_font=&#8220;||||||||&#8220; subhead_font=&#8220;Source Sans Pro|300|||||||&#8220; subhead_font_size=&#8220;58px&#8220; custom_padding=&#8220;80px||&#8220;]&nbsp;<\/p>\n<p>September 9, 2018<br \/>\n[\/et_pb_fullwidth_header][\/et_pb_section][et_pb_section fb_built=&#8220;1&#8243; admin_label=&#8220;Project Summary&#8220; _builder_version=&#8220;3.18.7&#8243;][et_pb_row admin_label=&#8220;Project Summary&#8220; _builder_version=&#8220;3.18.7&#8243;][et_pb_column type=&#8220;2_5&#8243; _builder_version=&#8220;3.18.7&#8243; parallax=&#8220;off&#8220; parallax_method=&#8220;on&#8220;][et_pb_image src=&#8220;http:\/\/parkprojectberlin.com\/wp-content\/uploads\/2019\/01\/DieLustAmFliegen_2018.jpg&#8220; _builder_version=&#8220;3.18.7&#8243;][\/et_pb_image][et_pb_text admin_label=&#8220;Title &#038; Description&#8220; _builder_version=&#8220;3.18.7&#8243; text_font=&#8220;||||||||&#8220; text_text_color=&#8220;#9e9e9e&#8220;]<strong>DIE LUST AM FLIEGEN | the desire to fly<\/strong><br \/>\nsound installation<br \/>\npop-up gallery: video &amp; photo installation<br \/>\nphotography: Gundula Friese<br \/>\nvideo &amp; sound installation: Laura J. Lukitsch<br \/>\n[\/et_pb_text][et_pb_text admin_label=&#8220;Description&#8220; _builder_version=&#8220;3.18.7&#8243; text_font=&#8220;||||||||&#8220; text_text_color=&#8220;#000000&#8243;]<\/p>\n<p>Otto Lilienthal, bekannt als &#8222;fliegender Mann&#8220;, war ein Pionier der Luftfahrt. Vom Fliegeberg (Flugberg), der f\u00fcr diese Forschung geschaffen wurde, nahm er einige der ersten Menschenfl\u00fcge im heutigen Lilienthalpark vor. Hier experimentierte er mit seinem Segelflugzeug, inspiriert von den Fl\u00fcgelst\u00f6rchen, die \u00fcber seine Geburtsstadt in Anklam fliegen, etwa 165 Kilometer n\u00f6rdlich von Berlin an der Ostsee gelegen.<\/p>\n<p>Leider hat er hier auch seinen letzten Flug genommen.<\/p>\n<p>Die Filmemacherin Laura J. Lukitsch und die Fotografin Gundula Friese richteten bei der Gr\u00fcndung von DIE LUST AM FLEIGEN | the desire to fly eine Kamera im Lilienthal Park und Stadtpark Steglitz ein und fragten die Passanten, was sie tun w\u00fcrden, wenn sie w\u00fcssten, dass ein Scheitern nicht m\u00f6glich sei.<\/p>\n<p>Unsere Popup-Galerie war in einem Zelt untergebracht, in dem die Besucher eintreten und in die Bilder und Ideen eintauchen konnten.<\/p>\n<p>Zus\u00e4tzlich wurden Lautsprecher an den B\u00e4umen rund um den Fliegeberg aufgeh\u00e4ngt und im Denkmal platziert, wo die Besucher spazieren gehen und von Lilienthal inspirierte Ger\u00e4usche entdecken konnten, gemischt mit den Stimmen der Passanten, die ihre Tr\u00e4ume teilten.<\/p>\n<p>[\/et_pb_text][\/et_pb_column][et_pb_column type=&#8220;3_5&#8243; _builder_version=&#8220;3.18.7&#8243; parallax=&#8220;off&#8220; parallax_method=&#8220;on&#8220;][et_pb_video src=&#8220;https:\/\/vimeo.com\/291225627&#8243; _builder_version=&#8220;3.18.7&#8243;][\/et_pb_video][et_pb_gallery gallery_ids=&#8220;32808,32809,32810,32812,32813,32814,32815,32811&#8243; fullwidth=&#8220;on&#8220; _builder_version=&#8220;3.18.7&#8243;][\/et_pb_gallery][et_pb_image src=&#8220;http:\/\/parkprojectberlin.com\/wp-content\/uploads\/2018\/10\/Otto-Lilienthal.png&#8220; _builder_version=&#8220;3.18.7&#8243;][\/et_pb_image][et_pb_image src=&#8220;http:\/\/parkprojectberlin.com\/wp-content\/uploads\/2019\/01\/Video-in-Tent-tree.jpg&#8220; _builder_version=&#8220;3.18.7&#8243;][\/et_pb_image][et_pb_image src=&#8220;http:\/\/parkprojectberlin.com\/wp-content\/uploads\/2019\/01\/Video-in-Tent.jpg&#8220; _builder_version=&#8220;3.18.7&#8243;][\/et_pb_image][et_pb_image src=&#8220;http:\/\/parkprojectberlin.com\/wp-content\/uploads\/2019\/01\/SetUp.jpg&#8220; _builder_version=&#8220;3.18.7&#8243;][\/et_pb_image][et_pb_image src=&#8220;http:\/\/parkprojectberlin.com\/wp-content\/uploads\/2019\/01\/Tree-Light.jpg&#8220; _builder_version=&#8220;3.18.7&#8243;][\/et_pb_image][et_pb_image src=&#8220;http:\/\/parkprojectberlin.com\/wp-content\/uploads\/2019\/01\/Speaker-On-Denkmal.jpg&#8220; _builder_version=&#8220;3.18.7&#8243;][\/et_pb_image][\/et_pb_column][\/et_pb_row][\/et_pb_section][et_pb_section fb_built=&#8220;1&#8243; admin_label=&#8220;NAVIGATION&#8220; _builder_version=&#8220;3.18.7&#8243;][et_pb_row admin_label=&#8220;NAVIGATION&#8220; _builder_version=&#8220;3.18.7&#8243;][et_pb_column type=&#8220;1_3&#8243; _builder_version=&#8220;3.18.7&#8243; parallax=&#8220;off&#8220; parallax_method=&#8220;on&#8220;][et_pb_text admin_label=&#8220;PREVIOUS&#8220; _builder_version=&#8220;3.18.7&#8243; text_font=&#8220;Julius Sans One||||||||&#8220; text_font_size=&#8220;20px&#8220; link_option_url=&#8220;http:\/\/parkprojectberlin.com\/bodies-and-heroes&#8220;]&lt; PREVIOUS<br \/>\n[\/et_pb_text][\/et_pb_column][et_pb_column type=&#8220;1_3&#8243; _builder_version=&#8220;3.18.7&#8243; parallax=&#8220;off&#8220; parallax_method=&#8220;on&#8220;][et_pb_text admin_label=&#8220;SCREENINGS&#8220; _builder_version=&#8220;3.18.7&#8243; text_font=&#8220;Julius Sans One|300|||||||&#8220; text_font_size=&#8220;20px&#8220; custom_margin=&#8220;-20px||&#8220; link_option_url=&#8220;http:\/\/parkprojectberlin.com\/screenings&#8220;]<\/p>\n<p style=\"text-align: center;\">SCREENINGS<\/p>\n<p>[\/et_pb_text][\/et_pb_column][et_pb_column type=&#8220;1_3&#8243; _builder_version=&#8220;3.18.7&#8243; parallax=&#8220;off&#8220; parallax_method=&#8220;on&#8220;][et_pb_text admin_label=&#8220;NEXT&#8220; _builder_version=&#8220;3.18.7&#8243; text_font=&#8220;Julius Sans One||||||||&#8220; text_font_size=&#8220;20px&#8220; link_option_url=&#8220;http:\/\/parkprojectberlin.com\/public-figures\/&#8220;]<\/p>\n<p style=\"text-align: right;\">NEXT &gt;<\/p>\n<p>[\/et_pb_text][\/et_pb_column][\/et_pb_row][\/et_pb_section]<\/p>\n","protected":false},"excerpt":{"rendered":"<p>&nbsp; September 9, 2018 DIE LUST AM FLIEGEN | the desire to fly sound installation pop-up gallery: video &amp; photo installation photography: Gundula Friese video &amp; sound installation: Laura J. Lukitsch Otto Lilienthal, bekannt als &#8222;fliegender Mann&#8220;, war ein Pionier der Luftfahrt. Vom Fliegeberg (Flugberg), der f\u00fcr diese Forschung geschaffen wurde, nahm er einige der [&hellip;]<\/p>\n","protected":false},"author":1,"featured_media":0,"parent":35723,"menu_order":0,"comment_status":"closed","ping_status":"closed","template":"","meta":{"_et_pb_use_builder":"on","_et_pb_old_content":"","_et_gb_content_width":"","footnotes":""},"class_list":["post-35791","page","type-page","status-publish","hentry"],"_links":{"self":[{"href":"https:\/\/parkprojectberlin.com\/de\/wp-json\/wp\/v2\/pages\/35791","targetHints":{"allow":["GET"]}}],"collection":[{"href":"https:\/\/parkprojectberlin.com\/de\/wp-json\/wp\/v2\/pages"}],"about":[{"href":"https:\/\/parkprojectberlin.com\/de\/wp-json\/wp\/v2\/types\/page"}],"author":[{"embeddable":true,"href":"https:\/\/parkprojectberlin.com\/de\/wp-json\/wp\/v2\/users\/1"}],"replies":[{"embeddable":true,"href":"https:\/\/parkprojectberlin.com\/de\/wp-json\/wp\/v2\/comments?post=35791"}],"version-history":[{"count":0,"href":"https:\/\/parkprojectberlin.com\/de\/wp-json\/wp\/v2\/pages\/35791\/revisions"}],"up":[{"embeddable":true,"href":"https:\/\/parkprojectberlin.com\/de\/wp-json\/wp\/v2\/pages\/35723"}],"wp:attachment":[{"href":"https:\/\/parkprojectberlin.com\/de\/wp-json\/wp\/v2\/media?parent=35791"}],"curies":[{"name":"wp","href":"https:\/\/api.w.org\/{rel}","templated":true}]}}