{"id":35785,"date":"2019-10-09T19:31:46","date_gmt":"2019-10-09T19:31:46","guid":{"rendered":"http:\/\/parkprojectberlin.com\/?page_id=35785"},"modified":"2019-10-09T19:31:47","modified_gmt":"2019-10-09T19:31:47","slug":"berlin-from-above","status":"publish","type":"page","link":"https:\/\/parkprojectberlin.com\/de\/kunstinstallationen\/berlin-from-above\/","title":{"rendered":"BERLIN FROM ABOVE"},"content":{"rendered":"<p>[et_pb_section fb_built=&#8220;1&#8243; fullwidth=&#8220;on&#8220; admin_label=&#8220;Installation TItle&#8220; _builder_version=&#8220;3.18.7&#8243; background_color=&#8220;#8d2424&#8243;][et_pb_fullwidth_header title=&#8220;BERLIN FROM ABOVE&#8220; subhead=&#8220;| on the s-bahn&#8220; text_orientation=&#8220;center&#8220; admin_label=&#8220;Installation Title&#8220; _builder_version=&#8220;3.18.7&#8243; subhead_font=&#8220;Source Sans Pro|300|||||||&#8220; subhead_font_size=&#8220;58px&#8220; custom_padding=&#8220;80px||&#8220;]&nbsp;<\/p>\n<p>December 8-16, 2017<br \/>\n[\/et_pb_fullwidth_header][\/et_pb_section][et_pb_section fb_built=&#8220;1&#8243; admin_label=&#8220;Project Summary&#8220; _builder_version=&#8220;3.18.7&#8243;][et_pb_row admin_label=&#8220;Project Summary&#8220; _builder_version=&#8220;3.18.7&#8243;][et_pb_column type=&#8220;2_5&#8243; _builder_version=&#8220;3.18.7&#8243; parallax=&#8220;off&#8220; parallax_method=&#8220;on&#8220;][et_pb_image src=&#8220;http:\/\/parkprojectberlin.com\/wp-content\/uploads\/2018\/08\/BerlinFromAbove_2017-3.jpg&#8220; _builder_version=&#8220;3.18.7&#8243;][\/et_pb_image][et_pb_text admin_label=&#8220;Title &#038; Description&#8220; _builder_version=&#8220;3.18.7&#8243; text_font=&#8220;||||||||&#8220; text_text_color=&#8220;#9e9e9e&#8220;]<strong>BERLIN FROM ABOVE | on the s-bahn<\/strong><br \/>\nvideo installation &#8211; 90-minute video loop<br \/>\nvideo: Laura J. Lukitsch<br \/>\n[\/et_pb_text][et_pb_text admin_label=&#8220;Description&#8220; _builder_version=&#8220;3.18.7&#8243; text_font=&#8220;||||||||&#8220; text_text_color=&#8220;#000000&#8243; link_option_url_new_window=&#8220;on&#8220;]<\/p>\n<p>S3, S5, S7, S1, S2, Ring, U1<\/p>\n<p>Im Herbst 2017 entschied ich mich, die Oberirdischen Z\u00fcge durch und durch zu fahren, die ganz Berlin durchziehen. Ich ging vom Mugglesee im S\u00fcden nach Ahrensfelde im Osten. Von Buch im Nordosten bis zum Wannsee im S\u00fcdwesten.<\/p>\n<p>Ich suchte nach Ansichten der Parks aus den Fenstern des Zuges. Was ich entdeckte, war eine Reihe von Mauern, die gebaut wurden. Diese W\u00e4nde erwiesen sich als L\u00e4rmschutzw\u00e4nde.<\/p>\n<p>Auf den Routen mit L\u00e4rmschutzw\u00e4nden verschwand die Natur. Das Erlebnis, im Schatten der Natur zu reiten, war ein pl\u00f6tzliches Eintauchen in die Dunkelheit. Nirgendwo sonst, au\u00dfer in das Telefon oder Buch zur\u00fcckzuschauen, wurde die Fahrt steril, w\u00e4hrend wir das Chaos im Inneren Berlins f\u00fcr den Frieden im \u00e4u\u00dferen Berlin verlie\u00dfen.<\/p>\n<p>L\u00e4rmschutzw\u00e4nde traten auf den Strecken Nordost, S\u00fcdost und S\u00fcdwest auf.<\/p>\n<p>Dennoch fing meine Kamera viele Taschen der Berliner Natur ein, zusammen mit einer Reihe von Kr\u00e4nen, die sich \u00fcber die ganze Stadt verteilten, w\u00e4hrend das Geb\u00e4ude die Landschaft ver\u00e4ndert.<\/p>\n<p>Ausstellungsinformationen: <a href=\"https:\/\/www.facebook.com\/events\/1827320114234682\/?active_tab=about\" target=\"_blank\" rel=\"noopener noreferrer\">Fensterfl\u00fcgel Ausstellung<\/a><\/p>\n<p>[\/et_pb_text][\/et_pb_column][et_pb_column type=&#8220;3_5&#8243; _builder_version=&#8220;3.18.7&#8243; parallax=&#8220;off&#8220; parallax_method=&#8220;on&#8220;][et_pb_video src=&#8220;https:\/\/vimeo.com\/253280681&#8243; _builder_version=&#8220;3.18.7&#8243;][\/et_pb_video][et_pb_image src=&#8220;http:\/\/parkprojectberlin.com\/wp-content\/uploads\/2019\/01\/Berlin_Train_Route_Map.jpg&#8220; _builder_version=&#8220;3.18.7&#8243;][\/et_pb_image][et_pb_image src=&#8220;http:\/\/parkprojectberlin.com\/wp-content\/uploads\/2019\/06\/2017-12-08-23.00.10.jpg&#8220; _builder_version=&#8220;3.18.7&#8243;][\/et_pb_image][et_pb_image src=&#8220;http:\/\/parkprojectberlin.com\/wp-content\/uploads\/2019\/06\/Fenster-Train-Screen.jpg&#8220; _builder_version=&#8220;3.18.7&#8243;][\/et_pb_image][et_pb_image src=&#8220;http:\/\/parkprojectberlin.com\/wp-content\/uploads\/2019\/06\/2017-11-29-14.54.49.jpg&#8220; _builder_version=&#8220;3.18.7&#8243;][\/et_pb_image][\/et_pb_column][\/et_pb_row][\/et_pb_section][et_pb_section fb_built=&#8220;1&#8243; admin_label=&#8220;NAVIGATION&#8220; _builder_version=&#8220;3.18.7&#8243;][et_pb_row admin_label=&#8220;NAVIGATION&#8220; _builder_version=&#8220;3.18.7&#8243;][et_pb_column type=&#8220;1_3&#8243; _builder_version=&#8220;3.18.7&#8243; parallax=&#8220;off&#8220; parallax_method=&#8220;on&#8220;][et_pb_text admin_label=&#8220;PREVIOUS&#8220; _builder_version=&#8220;3.18.7&#8243; text_font=&#8220;Julius Sans One||||||||&#8220; text_font_size=&#8220;20px&#8220; link_option_url=&#8220;http:\/\/parkprojectberlin.com\/public-figures\/&#8220;]&lt; PREVIOUS<br \/>\n[\/et_pb_text][\/et_pb_column][et_pb_column type=&#8220;1_3&#8243; _builder_version=&#8220;3.18.7&#8243; parallax=&#8220;off&#8220; parallax_method=&#8220;on&#8220;][et_pb_text admin_label=&#8220;SCREENINGS&#8220; _builder_version=&#8220;3.18.7&#8243; text_font=&#8220;Julius Sans One|300|||||||&#8220; text_font_size=&#8220;20px&#8220; custom_margin=&#8220;-20px||&#8220; link_option_url=&#8220;http:\/\/parkprojectberlin.com\/screenings&#8220;]<\/p>\n<p style=\"text-align: center;\">SCREENINGS<\/p>\n<p>[\/et_pb_text][\/et_pb_column][et_pb_column type=&#8220;1_3&#8243; _builder_version=&#8220;3.18.7&#8243; parallax=&#8220;off&#8220; parallax_method=&#8220;on&#8220;][et_pb_text admin_label=&#8220;NEXT&#8220; _builder_version=&#8220;3.18.7&#8243; text_font=&#8220;Julius Sans One||||||||&#8220; text_font_size=&#8220;20px&#8220; link_option_url=&#8220;http:\/\/parkprojectberlin.com\/bodies-and-heroes&#8220;]<\/p>\n<p style=\"text-align: right;\">NEXT &gt;<\/p>\n<p>[\/et_pb_text][\/et_pb_column][\/et_pb_row][\/et_pb_section]<\/p>\n","protected":false},"excerpt":{"rendered":"<p>&nbsp; December 8-16, 2017 BERLIN FROM ABOVE | on the s-bahn video installation &#8211; 90-minute video loop video: Laura J. Lukitsch S3, S5, S7, S1, S2, Ring, U1 Im Herbst 2017 entschied ich mich, die Oberirdischen Z\u00fcge durch und durch zu fahren, die ganz Berlin durchziehen. Ich ging vom Mugglesee im S\u00fcden nach Ahrensfelde im [&hellip;]<\/p>\n","protected":false},"author":1,"featured_media":0,"parent":35723,"menu_order":0,"comment_status":"closed","ping_status":"closed","template":"","meta":{"_et_pb_use_builder":"on","_et_pb_old_content":"","_et_gb_content_width":"","footnotes":""},"class_list":["post-35785","page","type-page","status-publish","hentry"],"_links":{"self":[{"href":"https:\/\/parkprojectberlin.com\/de\/wp-json\/wp\/v2\/pages\/35785","targetHints":{"allow":["GET"]}}],"collection":[{"href":"https:\/\/parkprojectberlin.com\/de\/wp-json\/wp\/v2\/pages"}],"about":[{"href":"https:\/\/parkprojectberlin.com\/de\/wp-json\/wp\/v2\/types\/page"}],"author":[{"embeddable":true,"href":"https:\/\/parkprojectberlin.com\/de\/wp-json\/wp\/v2\/users\/1"}],"replies":[{"embeddable":true,"href":"https:\/\/parkprojectberlin.com\/de\/wp-json\/wp\/v2\/comments?post=35785"}],"version-history":[{"count":0,"href":"https:\/\/parkprojectberlin.com\/de\/wp-json\/wp\/v2\/pages\/35785\/revisions"}],"up":[{"embeddable":true,"href":"https:\/\/parkprojectberlin.com\/de\/wp-json\/wp\/v2\/pages\/35723"}],"wp:attachment":[{"href":"https:\/\/parkprojectberlin.com\/de\/wp-json\/wp\/v2\/media?parent=35785"}],"curies":[{"name":"wp","href":"https:\/\/api.w.org\/{rel}","templated":true}]}}