{"id":35778,"date":"2019-10-09T19:29:29","date_gmt":"2019-10-09T19:29:29","guid":{"rendered":"http:\/\/parkprojectberlin.com\/?page_id=35778"},"modified":"2019-10-09T19:29:29","modified_gmt":"2019-10-09T19:29:29","slug":"bodies-and-heroes","status":"publish","type":"page","link":"https:\/\/parkprojectberlin.com\/de\/kunstinstallationen\/bodies-and-heroes\/","title":{"rendered":"BODIES AND HEROES"},"content":{"rendered":"<p>[et_pb_section fb_built=&#8220;1&#8243; fullwidth=&#8220;on&#8220; admin_label=&#8220;Installation TItle&#8220; _builder_version=&#8220;3.18.7&#8243; background_color=&#8220;#8d2424&#8243;][et_pb_fullwidth_header title=&#8220;K\u00d6RPER UND HELDEN &#8220; subhead=&#8220;| bodies and heroes&#8220; text_orientation=&#8220;center&#8220; admin_label=&#8220;Installation Title&#8220; _builder_version=&#8220;3.18.7&#8243; title_font=&#8220;||||||||&#8220; subhead_font=&#8220;Source Sans Pro|300|||||||&#8220; subhead_font_size=&#8220;58px&#8220; custom_padding=&#8220;80px||&#8220;]&nbsp;<\/p>\n<p>January 6, 2018<br \/>\n[\/et_pb_fullwidth_header][\/et_pb_section][et_pb_section fb_built=&#8220;1&#8243; admin_label=&#8220;Project Summary&#8220; _builder_version=&#8220;3.18.7&#8243;][et_pb_row admin_label=&#8220;Project Summary&#8220; _builder_version=&#8220;3.18.7&#8243;][et_pb_column type=&#8220;2_5&#8243; _builder_version=&#8220;3.18.7&#8243; parallax=&#8220;off&#8220; parallax_method=&#8220;on&#8220;][et_pb_image src=&#8220;http:\/\/parkprojectberlin.com\/wp-content\/uploads\/2019\/01\/BodiesHeroes_2019.jpg&#8220; _builder_version=&#8220;3.18.7&#8243;][\/et_pb_image][et_pb_text admin_label=&#8220;Title &#038; Description&#8220; _builder_version=&#8220;3.18.7&#8243; text_font=&#8220;||||||||&#8220; text_text_color=&#8220;#9e9e9e&#8220;]<strong>K\u00d6RPER UND HELDEN | bodies and heroes<\/strong><br \/>\nvideo installation, Laura J. Lukitsch<br \/>\nphoto montage, Laura J. Lukitsch<br \/>\nperformance video projection<br \/>\ndancers: An\u00e4is Poulet, Christian Lehr<br \/>\nmusicians: Leander Reininghaus,\u00a0Bernhard W\u00f6stheinrich,\u00a0Andreas von Garnier<br \/>\n[\/et_pb_text][et_pb_text admin_label=&#8220;Description&#8220; _builder_version=&#8220;3.18.7&#8243; text_font=&#8220;||||||||&#8220; text_text_color=&#8220;#000000&#8243;]<\/p>\n<p>Im Laufe meines Jahres, in Parks zu filmen, wurde ich von den Bildern beeindruckt, die wir t\u00e4glich in der \u00d6ffentlichkeit sehen.<\/p>\n<ul>\n<li>Die schiere Anzahl von m\u00e4nnlichen und weiblichen Figuren.<\/li>\n<li>Die K\u00f6rper, die wir als heroisch und die, die wir als schwach ansehen.<\/li>\n<li>Die Botschaften, die von diesen K\u00f6rpern vermittelt werden.<\/li>\n<\/ul>\n<p>Vor Radio und Fernsehen waren Statuen eine Form der Werbung f\u00fcr Ideen, von der religi\u00f6sen Moral bis zur nationalen Identit\u00e4t.<\/p>\n<p>Viele unausgesprochene Botschaften existieren in Statuen, die vor Generationen errichtet wurden. Visionen des Kolonialismus, mythologische moralische Geschichten, Erinnerungen an Kampf und Verlust.<\/p>\n<p>In K\u00f6rper und Heldern | K\u00f6rper und Helden hebe ich einige der versteckten Statuen hervor, die die Parks bedecken.<\/p>\n<p>[\/et_pb_text][\/et_pb_column][et_pb_column type=&#8220;3_5&#8243; _builder_version=&#8220;3.18.7&#8243; parallax=&#8220;off&#8220; parallax_method=&#8220;on&#8220;][et_pb_gallery gallery_ids=&#8220;32711,32718,32713,32714,32712,32715,32717&#8243; fullwidth=&#8220;on&#8220; _builder_version=&#8220;3.18.7&#8243;][\/et_pb_gallery][et_pb_video src=&#8220;https:\/\/vimeo.com\/311099522&#8243; _builder_version=&#8220;3.18.7&#8243;][\/et_pb_video][et_pb_image src=&#8220;http:\/\/parkprojectberlin.com\/wp-content\/uploads\/2019\/01\/BH_Hero_CU.png&#8220; admin_label=&#8220;Hero&#8220; _builder_version=&#8220;3.18.7&#8243;][\/et_pb_image][et_pb_image src=&#8220;http:\/\/parkprojectberlin.com\/wp-content\/uploads\/2019\/01\/BH_Reh_FightingSide.png&#8220; admin_label=&#8220;Wrestling&#8220; _builder_version=&#8220;3.18.7&#8243;][\/et_pb_image][et_pb_image src=&#8220;http:\/\/parkprojectberlin.com\/wp-content\/uploads\/2019\/01\/BH_Soviet_BigMan.jpg&#8220; admin_label=&#8220;Soviet Memorial&#8220; _builder_version=&#8220;3.18.7&#8243;][\/et_pb_image][et_pb_image src=&#8220;http:\/\/parkprojectberlin.com\/wp-content\/uploads\/2019\/01\/BH_Neptune_Front.png&#8220; admin_label=&#8220;Neptune&#8220; _builder_version=&#8220;3.18.7&#8243;][\/et_pb_image][et_pb_image src=&#8220;http:\/\/parkprojectberlin.com\/wp-content\/uploads\/2019\/01\/BH_Bismark_Balloon-1.png&#8220; admin_label=&#8220;Bismark&#8220; _builder_version=&#8220;3.18.7&#8243;][\/et_pb_image][et_pb_image src=&#8220;http:\/\/parkprojectberlin.com\/wp-content\/uploads\/2019\/01\/BH_BIsmark_BodyOnSphynx-copy.jpg&#8220; _builder_version=&#8220;3.18.7&#8243;][\/et_pb_image][et_pb_image src=&#8220;http:\/\/parkprojectberlin.com\/wp-content\/uploads\/2019\/06\/BodiesHeroes-Photos-Looking.jpg&#8220; admin_label=&#8220;Exhibition Wall&#8220; _builder_version=&#8220;3.18.7&#8243;][\/et_pb_image][et_pb_image src=&#8220;http:\/\/parkprojectberlin.com\/wp-content\/uploads\/2019\/06\/BodiesHeroes_Bismark.jpg&#8220; admin_label=&#8220;Exhibition Bismark&#8220; _builder_version=&#8220;3.18.7&#8243;][\/et_pb_image][et_pb_image src=&#8220;http:\/\/parkprojectberlin.com\/wp-content\/uploads\/2019\/06\/BodiesHeroes_Christian.jpg&#8220; admin_label=&#8220;Exhibition Video&#8220; _builder_version=&#8220;3.18.7&#8243;][\/et_pb_image][\/et_pb_column][\/et_pb_row][\/et_pb_section][et_pb_section fb_built=&#8220;1&#8243; admin_label=&#8220;NAVIGATION&#8220; _builder_version=&#8220;3.18.7&#8243;][et_pb_row admin_label=&#8220;NAVIGATION&#8220; _builder_version=&#8220;3.18.7&#8243;][et_pb_column type=&#8220;1_3&#8243; _builder_version=&#8220;3.18.7&#8243; parallax=&#8220;off&#8220; parallax_method=&#8220;on&#8220;][et_pb_text admin_label=&#8220;PREVIOUS&#8220; _builder_version=&#8220;3.18.7&#8243; text_font=&#8220;Julius Sans One||||||||&#8220; text_font_size=&#8220;20px&#8220; link_option_url=&#8220;http:\/\/parkprojectberlin.com\/berlin-from-above&#8220;]&lt; PREVIOUS<br \/>\n[\/et_pb_text][\/et_pb_column][et_pb_column type=&#8220;1_3&#8243; _builder_version=&#8220;3.18.7&#8243; parallax=&#8220;off&#8220; parallax_method=&#8220;on&#8220;][et_pb_text admin_label=&#8220;SCREENINGS&#8220; _builder_version=&#8220;3.18.7&#8243; text_font=&#8220;Julius Sans One|300|||||||&#8220; text_font_size=&#8220;20px&#8220; custom_margin=&#8220;-20px||&#8220; link_option_url=&#8220;http:\/\/parkprojectberlin.com\/screenings&#8220;]<\/p>\n<p style=\"text-align: center;\">SCREENINGS<\/p>\n<p>[\/et_pb_text][\/et_pb_column][et_pb_column type=&#8220;1_3&#8243; _builder_version=&#8220;3.18.7&#8243; parallax=&#8220;off&#8220; parallax_method=&#8220;on&#8220;][et_pb_text admin_label=&#8220;NEXT&#8220; _builder_version=&#8220;3.18.7&#8243; text_font=&#8220;Julius Sans One||||||||&#8220; text_font_size=&#8220;20px&#8220; link_option_url=&#8220;http:\/\/parkprojectberlin.com\/the-desire-to-fly&#8220;]<\/p>\n<p style=\"text-align: right;\">NEXT &gt;<\/p>\n<p>[\/et_pb_text][\/et_pb_column][\/et_pb_row][\/et_pb_section]<\/p>\n","protected":false},"excerpt":{"rendered":"<p>&nbsp; January 6, 2018 K\u00d6RPER UND HELDEN | bodies and heroes video installation, Laura J. Lukitsch photo montage, Laura J. Lukitsch performance video projection dancers: An\u00e4is Poulet, Christian Lehr musicians: Leander Reininghaus,\u00a0Bernhard W\u00f6stheinrich,\u00a0Andreas von Garnier Im Laufe meines Jahres, in Parks zu filmen, wurde ich von den Bildern beeindruckt, die wir t\u00e4glich in der \u00d6ffentlichkeit [&hellip;]<\/p>\n","protected":false},"author":1,"featured_media":35048,"parent":35723,"menu_order":0,"comment_status":"closed","ping_status":"closed","template":"","meta":{"_et_pb_use_builder":"on","_et_pb_old_content":"","_et_gb_content_width":"","footnotes":""},"class_list":["post-35778","page","type-page","status-publish","has-post-thumbnail","hentry"],"_links":{"self":[{"href":"https:\/\/parkprojectberlin.com\/de\/wp-json\/wp\/v2\/pages\/35778","targetHints":{"allow":["GET"]}}],"collection":[{"href":"https:\/\/parkprojectberlin.com\/de\/wp-json\/wp\/v2\/pages"}],"about":[{"href":"https:\/\/parkprojectberlin.com\/de\/wp-json\/wp\/v2\/types\/page"}],"author":[{"embeddable":true,"href":"https:\/\/parkprojectberlin.com\/de\/wp-json\/wp\/v2\/users\/1"}],"replies":[{"embeddable":true,"href":"https:\/\/parkprojectberlin.com\/de\/wp-json\/wp\/v2\/comments?post=35778"}],"version-history":[{"count":0,"href":"https:\/\/parkprojectberlin.com\/de\/wp-json\/wp\/v2\/pages\/35778\/revisions"}],"up":[{"embeddable":true,"href":"https:\/\/parkprojectberlin.com\/de\/wp-json\/wp\/v2\/pages\/35723"}],"wp:featuredmedia":[{"embeddable":true,"href":"https:\/\/parkprojectberlin.com\/de\/wp-json\/wp\/v2\/media\/35048"}],"wp:attachment":[{"href":"https:\/\/parkprojectberlin.com\/de\/wp-json\/wp\/v2\/media?parent=35778"}],"curies":[{"name":"wp","href":"https:\/\/api.w.org\/{rel}","templated":true}]}}