{"id":35772,"date":"2019-10-09T19:26:51","date_gmt":"2019-10-09T19:26:51","guid":{"rendered":"http:\/\/parkprojectberlin.com\/?page_id=35772"},"modified":"2019-10-09T19:26:51","modified_gmt":"2019-10-09T19:26:51","slug":"benches","status":"publish","type":"page","link":"https:\/\/parkprojectberlin.com\/de\/kunstinstallationen\/benches\/","title":{"rendered":"BENCHES"},"content":{"rendered":"<p>[et_pb_section fb_built=&#8220;1&#8243; fullwidth=&#8220;on&#8220; admin_label=&#8220;Installation TItle&#8220; _builder_version=&#8220;3.18.7&#8243; background_color=&#8220;rgba(141,36,36,0.24)&#8220;][et_pb_fullwidth_header title=&#8220;BENCHES |&#8220; subhead=&#8220;new moon in Marseille&#8220; text_orientation=&#8220;center&#8220; admin_label=&#8220;Installation Title&#8220; _builder_version=&#8220;3.18.7&#8243; title_font=&#8220;||||||||&#8220; subhead_font=&#8220;Source Sans Pro|300|||||||&#8220; subhead_font_size=&#8220;48px&#8220; custom_padding=&#8220;80px||&#8220;]&nbsp;<\/p>\n<p>May 5, 2019<br \/>\n[\/et_pb_fullwidth_header][\/et_pb_section][et_pb_section fb_built=&#8220;1&#8243; admin_label=&#8220;Project Summary&#8220; _builder_version=&#8220;3.18.7&#8243;][et_pb_row admin_label=&#8220;Project Summary&#8220; _builder_version=&#8220;3.18.7&#8243;][et_pb_column type=&#8220;2_5&#8243; _builder_version=&#8220;3.18.7&#8243; parallax=&#8220;off&#8220; parallax_method=&#8220;on&#8220;][et_pb_image src=&#8220;http:\/\/parkprojectberlin.com\/wp-content\/uploads\/2019\/06\/BENCHES-Marseille_2019-1.jpg&#8220; _builder_version=&#8220;3.18.7&#8243;][\/et_pb_image][et_pb_text admin_label=&#8220;Title &#038; Description&#8220; _builder_version=&#8220;3.18.7&#8243; text_font=&#8220;||||||||&#8220; text_text_color=&#8220;#9e9e9e&#8220;]<strong>BENCHES | new moon in Marseille<\/strong><br \/>\nconcept &amp; organization: An\u00e4is Poulet, Full Moon Night<br \/>\nvideo art, Laura J. Lukitsch<br \/>\nparticipants:<br \/>\nAna\u00efs Poulet, Aziz Boumediene, Chlo\u00e9 David, Elsa Ferret, Evelise Mendes, Fr\u00e9d\u00e9ric Krauke, Franz J. Hugo, K\u00e9vin Yvars, Ladji Aboubacar Yattabari, Leander Reininghaus, Marion Ruault, Mathias Richard, Morgane Neplaz, Rolf Rolls Langhans<br \/>\nlocation: Videodrome 2, Marseille, France<\/p>\n<p>&nbsp;<br \/>\n[\/et_pb_text][et_pb_text admin_label=&#8220;Description&#8220; _builder_version=&#8220;3.18.7&#8243; text_font=&#8220;||||||||&#8220; text_text_color=&#8220;#000000&#8243;]<\/p>\n<p><strong>Teil von &#8222;Une Nuit de Pleine Lune&#8220;<\/strong><\/p>\n<p><strong style=\"font-size: 18px;\">Projektion, Installation, Tanz, Musik, Performance&#8230;<\/strong><\/p>\n<p>Im Jahr 2017 wurde ich eingeladen, ein \u00dcbernachtungslabor auf einer Insel im Mittelmeer vor der K\u00fcste von Marseille, Frankreich, zu drehen. Dies war mein erstes Mal in Marseille und als ich durch die Stadt ging, bemerkte ich, dass es fast keine \u00f6ffentlichen R\u00e4ume mit \u00f6ffentlichen B\u00e4nken gab.<\/p>\n<p>Es inspirierte mich, die B\u00e4nke in Berlin zu filmen. Berlin hat so viele verschiedene B\u00e4nke. Und die Anzahl der B\u00e4nke im \u00f6ffentlichen Raum ist enorm. Es gibt B\u00e4nke an den zuf\u00e4lligsten Orten, so dass man sich seltsame Sehensw\u00fcrdigkeiten ansehen kann, zu zweit, im Einzel, in Holz und Metall. Ich war fasziniert.<\/p>\n<p>Als ich also eingeladen wurde, nach Marseille zur\u00fcckzukehren, um den Film und die Reihe von K\u00fcnstlerinterviews zu pr\u00e4sentieren, die ich aus dieser Begegnung produziert habe (When Nobody is Watching), wurde ich inspiriert, die B\u00e4nke Berlins nach Marseille zu bringen.<\/p>\n<p>Bei der Performance-Installation kamen neben vielen der Darsteller aus dem Jahr 2017 auch neue Darsteller aus Berlin und Deutschland hinzu. Es war ein immersives Erlebnis in vier Teilen, drau\u00dfen, drinnen, beim Screening, DJ und Tanz.<\/p>\n<p>\u00dcbersetzt mit www.DeepL.com\/Translator<\/p>\n<p>&nbsp;<\/p>\n<p>[\/et_pb_text][\/et_pb_column][et_pb_column type=&#8220;3_5&#8243; _builder_version=&#8220;3.18.7&#8243; parallax=&#8220;off&#8220; parallax_method=&#8220;on&#8220;][et_pb_video src=&#8220;https:\/\/vimeo.com\/341371918&#8243; image_src=&#8220;http:\/\/parkprojectberlin.com\/wp-content\/uploads\/2019\/06\/PP_Thumbnail_BENCHES-bench-1.jpg&#8220; play_icon_color=&#8220;rgba(255,255,255,0.75)&#8220; disabled_on=&#8220;off|off|off&#8220; _builder_version=&#8220;3.18.7&#8243;][\/et_pb_video][et_pb_image src=&#8220;http:\/\/parkprojectberlin.com\/wp-content\/uploads\/2019\/06\/2019-05-03-11.42.05.jpg&#8220; admin_label=&#8220;Full Moon Rehearsal&#8220; _builder_version=&#8220;3.18.7&#8243;][\/et_pb_image][et_pb_image src=&#8220;http:\/\/parkprojectberlin.com\/wp-content\/uploads\/2019\/06\/2019-05-03-13.20.04.jpg&#8220; admin_label=&#8220;Full Moon Rehearsal 2&#8243; _builder_version=&#8220;3.18.7&#8243;][\/et_pb_image][et_pb_image src=&#8220;http:\/\/parkprojectberlin.com\/wp-content\/uploads\/2019\/06\/2019-05-05-15.51.01.jpg&#8220; admin_label=&#8220;Marseille Videodrome Mast&#8220; _builder_version=&#8220;3.18.7&#8243;][\/et_pb_image][et_pb_image src=&#8220;http:\/\/parkprojectberlin.com\/wp-content\/uploads\/2019\/06\/2019-05-05-15.51.14.jpg&#8220; admin_label=&#8220;Videodrome&#8220; _builder_version=&#8220;3.18.7&#8243;][\/et_pb_image][et_pb_image src=&#8220;http:\/\/parkprojectberlin.com\/wp-content\/uploads\/2019\/06\/2019-05-05-17.14.30.jpg&#8220; admin_label=&#8220;When Nobody is Watching Elsa&#8220; _builder_version=&#8220;3.18.7&#8243;][\/et_pb_image][et_pb_image src=&#8220;http:\/\/parkprojectberlin.com\/wp-content\/uploads\/2019\/06\/2019-05-05-17.14.50.jpg&#8220; admin_label=&#8220;When Nobody is Watching big screen&#8220; _builder_version=&#8220;3.18.7&#8243;][\/et_pb_image][et_pb_image src=&#8220;http:\/\/parkprojectberlin.com\/wp-content\/uploads\/2019\/06\/2019-05-05-17.15.33.jpg&#8220; admin_label=&#8220;When Nobody is Watching bar&#8220; _builder_version=&#8220;3.18.7&#8243;][\/et_pb_image][et_pb_image src=&#8220;http:\/\/parkprojectberlin.com\/wp-content\/uploads\/2019\/06\/2019-05-05-17.40.19.jpg&#8220; admin_label=&#8220;Full Moon Screening&#8220; _builder_version=&#8220;3.18.7&#8243;][\/et_pb_image][et_pb_image src=&#8220;http:\/\/parkprojectberlin.com\/wp-content\/uploads\/2019\/06\/2019-05-05-17.40.32.jpg&#8220; admin_label=&#8220;Full Moon Audience&#8220; _builder_version=&#8220;3.18.7&#8243;][\/et_pb_image][et_pb_image src=&#8220;http:\/\/parkprojectberlin.com\/wp-content\/uploads\/2019\/06\/2019-05-05-17.42.16.jpg&#8220; admin_label=&#8220;Full Moon Night Screening&#8220; _builder_version=&#8220;3.18.7&#8243;][\/et_pb_image][et_pb_image src=&#8220;http:\/\/parkprojectberlin.com\/wp-content\/uploads\/2019\/06\/2019-05-05-19.06.38-1.jpg&#8220; admin_label=&#8220;Full Moon Outdoor 1&#8243; _builder_version=&#8220;3.18.7&#8243;][\/et_pb_image][et_pb_image src=&#8220;http:\/\/parkprojectberlin.com\/wp-content\/uploads\/2019\/06\/2019-05-05-19.10.51.jpg&#8220; admin_label=&#8220;Full Moon Outdoor 2&#8243; _builder_version=&#8220;3.18.7&#8243;][\/et_pb_image][et_pb_image src=&#8220;http:\/\/parkprojectberlin.com\/wp-content\/uploads\/2019\/06\/2019-05-05-19.11.48.jpg&#8220; admin_label=&#8220;Full Moon Outdoor Videodrome&#8220; _builder_version=&#8220;3.18.7&#8243;][\/et_pb_image][et_pb_image src=&#8220;http:\/\/parkprojectberlin.com\/wp-content\/uploads\/2019\/06\/2019-05-05-19.28.38.jpg&#8220; admin_label=&#8220;Full Moon Bench 1&#8243; _builder_version=&#8220;3.18.7&#8243;][\/et_pb_image][et_pb_image src=&#8220;http:\/\/parkprojectberlin.com\/wp-content\/uploads\/2019\/06\/2019-05-05-19.32.37.jpg&#8220; admin_label=&#8220;Full Moon Bench 2&#8243; _builder_version=&#8220;3.18.7&#8243;][\/et_pb_image][et_pb_image src=&#8220;http:\/\/parkprojectberlin.com\/wp-content\/uploads\/2019\/06\/2019-05-05-19.41.50.jpg&#8220; admin_label=&#8220;Full Moon Bench 3&#8243; _builder_version=&#8220;3.18.7&#8243;][\/et_pb_image][et_pb_image src=&#8220;http:\/\/parkprojectberlin.com\/wp-content\/uploads\/2019\/06\/2019-05-05-19.29.15.jpg&#8220; admin_label=&#8220;Full Moon Bench 4&#8243; _builder_version=&#8220;3.18.7&#8243;][\/et_pb_image][et_pb_image src=&#8220;http:\/\/parkprojectberlin.com\/wp-content\/uploads\/2019\/06\/2019-05-05-21.27.03.jpg&#8220; admin_label=&#8220;Full Moon Afterparty&#8220; _builder_version=&#8220;3.18.7&#8243;][\/et_pb_image][\/et_pb_column][\/et_pb_row][\/et_pb_section][et_pb_section fb_built=&#8220;1&#8243; admin_label=&#8220;NAVIGATION&#8220; _builder_version=&#8220;3.18.7&#8243;][et_pb_row admin_label=&#8220;NAVIGATION&#8220; _builder_version=&#8220;3.18.7&#8243;][et_pb_column type=&#8220;1_3&#8243; _builder_version=&#8220;3.18.7&#8243; parallax=&#8220;off&#8220; parallax_method=&#8220;on&#8220;][et_pb_text admin_label=&#8220;PREVIOUS&#8220; _builder_version=&#8220;3.18.7&#8243; text_font=&#8220;Julius Sans One||||||||&#8220; text_font_size=&#8220;20px&#8220; link_option_url=&#8220;http:\/\/parkprojectberlin.com\/berlin-from-above&#8220;]&lt; PREVIOUS<br \/>\n[\/et_pb_text][\/et_pb_column][et_pb_column type=&#8220;1_3&#8243; _builder_version=&#8220;3.18.7&#8243; parallax=&#8220;off&#8220; parallax_method=&#8220;on&#8220;][et_pb_text admin_label=&#8220;SCREENINGS&#8220; _builder_version=&#8220;3.18.7&#8243; text_font=&#8220;Julius Sans One|300|||||||&#8220; text_font_size=&#8220;20px&#8220; custom_margin=&#8220;-20px||&#8220; link_option_url=&#8220;http:\/\/parkprojectberlin.com\/screenings&#8220;]<\/p>\n<p style=\"text-align: center;\">SCREENINGS<\/p>\n<p>[\/et_pb_text][\/et_pb_column][et_pb_column type=&#8220;1_3&#8243; _builder_version=&#8220;3.18.7&#8243; parallax=&#8220;off&#8220; parallax_method=&#8220;on&#8220;][et_pb_text admin_label=&#8220;NEXT&#8220; _builder_version=&#8220;3.18.7&#8243; text_font=&#8220;Julius Sans One||||||||&#8220; text_font_size=&#8220;20px&#8220; link_option_url=&#8220;http:\/\/parkprojectberlin.com\/the-desire-to-fly&#8220;]<\/p>\n<p style=\"text-align: right;\">NEXT &gt;<\/p>\n<p>[\/et_pb_text][\/et_pb_column][\/et_pb_row][\/et_pb_section]<\/p>\n","protected":false},"excerpt":{"rendered":"<p>&nbsp; May 5, 2019 BENCHES | new moon in Marseille concept &amp; organization: An\u00e4is Poulet, Full Moon Night video art, Laura J. Lukitsch participants: Ana\u00efs Poulet, Aziz Boumediene, Chlo\u00e9 David, Elsa Ferret, Evelise Mendes, Fr\u00e9d\u00e9ric Krauke, Franz J. Hugo, K\u00e9vin Yvars, Ladji Aboubacar Yattabari, Leander Reininghaus, Marion Ruault, Mathias Richard, Morgane Neplaz, Rolf Rolls Langhans [&hellip;]<\/p>\n","protected":false},"author":1,"featured_media":35214,"parent":35723,"menu_order":0,"comment_status":"closed","ping_status":"closed","template":"","meta":{"_et_pb_use_builder":"on","_et_pb_old_content":"","_et_gb_content_width":"","footnotes":""},"class_list":["post-35772","page","type-page","status-publish","has-post-thumbnail","hentry"],"_links":{"self":[{"href":"https:\/\/parkprojectberlin.com\/de\/wp-json\/wp\/v2\/pages\/35772","targetHints":{"allow":["GET"]}}],"collection":[{"href":"https:\/\/parkprojectberlin.com\/de\/wp-json\/wp\/v2\/pages"}],"about":[{"href":"https:\/\/parkprojectberlin.com\/de\/wp-json\/wp\/v2\/types\/page"}],"author":[{"embeddable":true,"href":"https:\/\/parkprojectberlin.com\/de\/wp-json\/wp\/v2\/users\/1"}],"replies":[{"embeddable":true,"href":"https:\/\/parkprojectberlin.com\/de\/wp-json\/wp\/v2\/comments?post=35772"}],"version-history":[{"count":0,"href":"https:\/\/parkprojectberlin.com\/de\/wp-json\/wp\/v2\/pages\/35772\/revisions"}],"up":[{"embeddable":true,"href":"https:\/\/parkprojectberlin.com\/de\/wp-json\/wp\/v2\/pages\/35723"}],"wp:featuredmedia":[{"embeddable":true,"href":"https:\/\/parkprojectberlin.com\/de\/wp-json\/wp\/v2\/media\/35214"}],"wp:attachment":[{"href":"https:\/\/parkprojectberlin.com\/de\/wp-json\/wp\/v2\/media?parent=35772"}],"curies":[{"name":"wp","href":"https:\/\/api.w.org\/{rel}","templated":true}]}}