{"id":35766,"date":"2019-10-09T19:23:05","date_gmt":"2019-10-09T19:23:05","guid":{"rendered":"http:\/\/parkprojectberlin.com\/?page_id=35766"},"modified":"2019-10-09T19:23:32","modified_gmt":"2019-10-09T19:23:32","slug":"public-figures","status":"publish","type":"page","link":"https:\/\/parkprojectberlin.com\/de\/kunstinstallationen\/public-figures\/","title":{"rendered":"PUBLIC FIGURES"},"content":{"rendered":"<p>[et_pb_section fb_built=&#8220;1&#8243; fullwidth=&#8220;on&#8220; admin_label=&#8220;Installation TItle&#8220; _builder_version=&#8220;3.18.7&#8243; background_color=&#8220;#8d2424&#8243;][et_pb_fullwidth_header title=&#8220;PUBLIC FIGURES&#8220; subhead=&#8220;&#038; MOVING MONUMENTS&#8220; text_orientation=&#8220;center&#8220; admin_label=&#8220;Installation Title&#8220; _builder_version=&#8220;3.18.7&#8243; title_font=&#8220;||||||||&#8220; title_font_size=&#8220;72px&#8220; subhead_font=&#8220;Source Sans Pro|300|||||||&#8220; subhead_font_size=&#8220;72px&#8220; subhead_line_height=&#8220;1.1em&#8220; custom_padding=&#8220;80px||&#8220;]&nbsp;<\/p>\n<p>April 26-28, 2018<br \/>\n[\/et_pb_fullwidth_header][\/et_pb_section][et_pb_section fb_built=&#8220;1&#8243; admin_label=&#8220;Project Summary&#8220; _builder_version=&#8220;3.18.7&#8243;][et_pb_row admin_label=&#8220;Project Summary&#8220; _builder_version=&#8220;3.18.7&#8243;][et_pb_column type=&#8220;2_5&#8243; _builder_version=&#8220;3.18.7&#8243; parallax=&#8220;off&#8220; parallax_method=&#8220;on&#8220;][et_pb_image src=&#8220;http:\/\/parkprojectberlin.com\/wp-content\/uploads\/2019\/01\/PUBLIC-FIGURES-Making-of-Berlin.png&#8220; _builder_version=&#8220;3.18.7&#8243;][\/et_pb_image][et_pb_text admin_label=&#8220;Title &#038; Description&#8220; _builder_version=&#8220;3.18.7&#8243; text_font=&#8220;||||||||&#8220; text_text_color=&#8220;#9e9e9e&#8220;]<strong>PUBLIC FIGURES &amp; MOVING MONUMENTS<\/strong><br \/>\nvideo installation<br \/>\nphoto montage<br \/>\nvideo: Laura J. Lukitsch<br \/>\n[\/et_pb_text][et_pb_text admin_label=&#8220;Description&#8220; _builder_version=&#8220;3.18.7&#8243; text_font=&#8220;||||||||&#8220; text_text_color=&#8220;#000000&#8243;]<\/p>\n<p>PUBLIC FIGURES, \u00fcber die Entstehung Berlins, wurde von den Spuren der Geschichte in den \u00f6ffentlichen Parks Berlins inspiriert, wo Statuen die sich wandelnden Tr\u00e4ume und K\u00e4mpfe der Stadt widerspiegeln. Zu den Figuren dieser Installation geh\u00f6ren Bismarck, K\u00f6nigin Elisabeth, Rosa Luxemburg, Lenin und verschiedene Statuen f\u00fcr Trummerfrauen.<\/p>\n<p>Das Betrachten, wer gesehen wird und wer nicht gesehen wird, f\u00fchrte mich zur Frage, wer monumentalisiert ist, wer fehlt und wie die ausgestellten Personen dargestellt werden.<\/p>\n<p>MOVING MONUMENTS dokumentiert die Reise von Denkm\u00e4lern, die durch den Tiergarten gekommen und gegangen sind.<\/p>\n<p>Die Gruppenausstellung Zwischen den Gepfeln besch\u00e4ftigte sich mit dem Thema Berg oder Berge. Meine ersten Recherchen zu diesem Thema veranlassten mich, die Trummerfrauen zu untersuchen, ein Name, der der heroischen Berlinerin gegeben wurde, die angeblich geholfen haben soll, den nach den Bombenangriffen im Zweiten Weltkrieg zur\u00fcckgelassenen Bauschutt zu beseitigen.<\/p>\n<p>Das brachte mich dazu, dar\u00fcber nachzudenken, wie wir Helden konstruieren und sie auf einen Sockel stellen, sowohl w\u00f6rtlich als auch im \u00fcbertragenen Sinne. Ich begann, Berge anderer Art zu erkunden.<\/p>\n<p>Informationen zur Messe<\/p>\n<p>\u00dcbersetzt mit www.DeepL.com\/Translator<\/p>\n<p><span style=\"font-size: 18px;\">: <\/span><a href=\"http:\/\/milleplateaux.de\/\" target=\"_blank\" rel=\"noopener noreferrer\" style=\"font-size: 18px;\">Zwischen den Gipfeln<\/a><\/p>\n<p>&nbsp;<\/p>\n<p>[\/et_pb_text][\/et_pb_column][et_pb_column type=&#8220;3_5&#8243; _builder_version=&#8220;3.18.7&#8243; parallax=&#8220;off&#8220; parallax_method=&#8220;on&#8220;][et_pb_video src=&#8220;https:\/\/vimeo.com\/266908457&#8243; _builder_version=&#8220;3.18.7&#8243;][\/et_pb_video][et_pb_gallery gallery_ids=&#8220;32943,32933,32930,32932,32934,32931,32942,32939,32940,32941,32959,32937,32945,32944,32965,32964,32954,32946,32947,32958,32949,32971,32951,32950&#8243; fullwidth=&#8220;on&#8220; _builder_version=&#8220;3.18.7&#8243;][\/et_pb_gallery][et_pb_image src=&#8220;http:\/\/parkprojectberlin.com\/wp-content\/uploads\/2019\/01\/Bismarck-Sybil.png&#8220; _builder_version=&#8220;3.18.7&#8243;][\/et_pb_image][et_pb_image src=&#8220;http:\/\/parkprojectberlin.com\/wp-content\/uploads\/2019\/01\/Lenin-location.png&#8220; _builder_version=&#8220;3.18.7&#8243;][\/et_pb_image][et_pb_image src=&#8220;http:\/\/parkprojectberlin.com\/wp-content\/uploads\/2019\/01\/Rosa-Equality.png&#8220; _builder_version=&#8220;3.18.7&#8243;][\/et_pb_image][et_pb_image src=&#8220;http:\/\/parkprojectberlin.com\/wp-content\/uploads\/2019\/01\/Konigin-Luise.png&#8220; _builder_version=&#8220;3.18.7&#8243;][\/et_pb_image][et_pb_image src=&#8220;http:\/\/parkprojectberlin.com\/wp-content\/uploads\/2019\/01\/Bismarck-Siegfried.png&#8220; _builder_version=&#8220;3.18.7&#8243;][\/et_pb_image][\/et_pb_column][\/et_pb_row][\/et_pb_section][et_pb_section fb_built=&#8220;1&#8243; admin_label=&#8220;NAVIGATION&#8220; _builder_version=&#8220;3.18.7&#8243;][et_pb_row admin_label=&#8220;NAVIGATION&#8220; _builder_version=&#8220;3.18.7&#8243;][et_pb_column type=&#8220;1_3&#8243; _builder_version=&#8220;3.18.7&#8243; parallax=&#8220;off&#8220; parallax_method=&#8220;on&#8220;][et_pb_text admin_label=&#8220;PREVIOUS&#8220; _builder_version=&#8220;3.18.7&#8243; text_font=&#8220;Julius Sans One||||||||&#8220; text_font_size=&#8220;20px&#8220; link_option_url=&#8220;http:\/\/parkprojectberlin.com\/the-desire-to-fly&#8220;]&lt; PREVIOUS<br \/>\n[\/et_pb_text][\/et_pb_column][et_pb_column type=&#8220;1_3&#8243; _builder_version=&#8220;3.18.7&#8243; parallax=&#8220;off&#8220; parallax_method=&#8220;on&#8220;][et_pb_text admin_label=&#8220;SCREENINGS&#8220; _builder_version=&#8220;3.18.7&#8243; text_font=&#8220;Julius Sans One|300|||||||&#8220; text_font_size=&#8220;20px&#8220; custom_margin=&#8220;-20px||&#8220; link_option_url=&#8220;http:\/\/parkprojectberlin.com\/screenings&#8220;]<\/p>\n<p style=\"text-align: center;\">SCREENINGS<\/p>\n<p>[\/et_pb_text][\/et_pb_column][et_pb_column type=&#8220;1_3&#8243; _builder_version=&#8220;3.18.7&#8243; parallax=&#8220;off&#8220; parallax_method=&#8220;on&#8220;][et_pb_text admin_label=&#8220;NEXT&#8220; _builder_version=&#8220;3.18.7&#8243; text_font=&#8220;Julius Sans One||||||||&#8220; text_font_size=&#8220;20px&#8220; link_option_url=&#8220;http:\/\/parkprojectberlin.com\/berlin-from-above&#8220;]<\/p>\n<p style=\"text-align: right;\">NEXT &gt;<\/p>\n<p>[\/et_pb_text][\/et_pb_column][\/et_pb_row][\/et_pb_section]<\/p>\n","protected":false},"excerpt":{"rendered":"<p>&nbsp; April 26-28, 2018 PUBLIC FIGURES &amp; MOVING MONUMENTS video installation photo montage video: Laura J. Lukitsch PUBLIC FIGURES, \u00fcber die Entstehung Berlins, wurde von den Spuren der Geschichte in den \u00f6ffentlichen Parks Berlins inspiriert, wo Statuen die sich wandelnden Tr\u00e4ume und K\u00e4mpfe der Stadt widerspiegeln. Zu den Figuren dieser Installation geh\u00f6ren Bismarck, K\u00f6nigin Elisabeth, [&hellip;]<\/p>\n","protected":false},"author":1,"featured_media":0,"parent":35723,"menu_order":0,"comment_status":"closed","ping_status":"closed","template":"","meta":{"_et_pb_use_builder":"on","_et_pb_old_content":"","_et_gb_content_width":"","footnotes":""},"class_list":["post-35766","page","type-page","status-publish","hentry"],"_links":{"self":[{"href":"https:\/\/parkprojectberlin.com\/de\/wp-json\/wp\/v2\/pages\/35766","targetHints":{"allow":["GET"]}}],"collection":[{"href":"https:\/\/parkprojectberlin.com\/de\/wp-json\/wp\/v2\/pages"}],"about":[{"href":"https:\/\/parkprojectberlin.com\/de\/wp-json\/wp\/v2\/types\/page"}],"author":[{"embeddable":true,"href":"https:\/\/parkprojectberlin.com\/de\/wp-json\/wp\/v2\/users\/1"}],"replies":[{"embeddable":true,"href":"https:\/\/parkprojectberlin.com\/de\/wp-json\/wp\/v2\/comments?post=35766"}],"version-history":[{"count":0,"href":"https:\/\/parkprojectberlin.com\/de\/wp-json\/wp\/v2\/pages\/35766\/revisions"}],"up":[{"embeddable":true,"href":"https:\/\/parkprojectberlin.com\/de\/wp-json\/wp\/v2\/pages\/35723"}],"wp:attachment":[{"href":"https:\/\/parkprojectberlin.com\/de\/wp-json\/wp\/v2\/media?parent=35766"}],"curies":[{"name":"wp","href":"https:\/\/api.w.org\/{rel}","templated":true}]}}