{"id":35760,"date":"2019-10-09T19:17:59","date_gmt":"2019-10-09T19:17:59","guid":{"rendered":"http:\/\/parkprojectberlin.com\/?page_id=35760"},"modified":"2019-10-09T19:17:59","modified_gmt":"2019-10-09T19:17:59","slug":"siana-unnatural-transitions","status":"publish","type":"page","link":"https:\/\/parkprojectberlin.com\/de\/kunstinstallationen\/siana-unnatural-transitions\/","title":{"rendered":"SIANA | [un]natural transitions"},"content":{"rendered":"<p>[et_pb_section fb_built=&#8220;1&#8243; fullwidth=&#8220;on&#8220; admin_label=&#8220;Installation TItle&#8220; _builder_version=&#8220;3.18.7&#8243; background_color=&#8220;#8d2424&#8243;][et_pb_fullwidth_header title=&#8220;SIANA II |&#8220; subhead=&#8220;%91un%93natural transitions&#8220; text_orientation=&#8220;center&#8220; admin_label=&#8220;Installation Title&#8220; _builder_version=&#8220;3.18.7&#8243; title_font=&#8220;||||||||&#8220; subhead_font=&#8220;Source Sans Pro|300|||||||&#8220; subhead_font_size=&#8220;48px&#8220; custom_padding=&#8220;80px||&#8220;]&nbsp;<\/p>\n<p>June 6, 2019<br \/>\n[\/et_pb_fullwidth_header][\/et_pb_section][et_pb_section fb_built=&#8220;1&#8243; admin_label=&#8220;Project Summary&#8220; _builder_version=&#8220;3.18.7&#8243;][et_pb_row admin_label=&#8220;Project Summary&#8220; _builder_version=&#8220;3.18.7&#8243;][et_pb_column type=&#8220;2_5&#8243; _builder_version=&#8220;3.18.7&#8243; parallax=&#8220;off&#8220; parallax_method=&#8220;on&#8220;][et_pb_image src=&#8220;http:\/\/parkprojectberlin.com\/wp-content\/uploads\/2019\/06\/SIANA-II_2019.jpg&#8220; _builder_version=&#8220;3.18.7&#8243;][\/et_pb_image][et_pb_text admin_label=&#8220;Title &#038; Description&#8220; _builder_version=&#8220;3.18.7&#8243; text_font=&#8220;||||||||&#8220; text_text_color=&#8220;#9e9e9e&#8220;]<strong>SIANA | [un]natural transitions<\/strong><br \/>\nsound artist, Winona Lin<br \/>\ndancer: An\u00e4is Poulet<br \/>\nperformance video projection<br \/>\nvideo art, Laura J. Lukitsch<br \/>\n[\/et_pb_text][et_pb_text admin_label=&#8220;Description&#8220; _builder_version=&#8220;3.18.7&#8243; text_font=&#8220;||||||||&#8220; text_text_color=&#8220;#000000&#8243;]<\/p>\n<p>SIANA, ist ein Film, der von der Erinnerung an Winona Lins Kinderspieluhr inspiriert ist. Das Projekt begann als Funke einer Idee in Marseille und entwickelte sich zu einer siebenteiligen Kurzfilmkooperation zwischen der Klangk\u00fcnstlerin Winona Lin, der T\u00e4nzerin Ana\u00efs Poulet und der Filmarbeit von Frederic Krauke. Der Film spiegelt die Wendungen der Ballerina wider.<\/p>\n<p>Ana\u00efs entspringt aus dem Meer von Marseille, aus dem Theater, nach Berlin, wo sie tanzt, mit Sounddesign von Winona Lin und Live-Videoprojektion der Berliner Natur.<\/p>\n<p>[\/et_pb_text][\/et_pb_column][et_pb_column type=&#8220;3_5&#8243; _builder_version=&#8220;3.18.7&#8243; parallax=&#8220;off&#8220; parallax_method=&#8220;on&#8220;][et_pb_video src=&#8220;https:\/\/vimeo.com\/341181447&#8243; image_src=&#8220;http:\/\/parkprojectberlin.com\/wp-content\/uploads\/2019\/06\/SIANA-PARK-Thumbnail-1.jpg&#8220; play_icon_color=&#8220;rgba(255,255,255,0.75)&#8220; _builder_version=&#8220;3.18.7&#8243;][\/et_pb_video][et_pb_image src=&#8220;http:\/\/parkprojectberlin.com\/wp-content\/uploads\/2019\/06\/SIANA-Performance-front.png&#8220; admin_label=&#8220;SIANA magnolia&#8220; _builder_version=&#8220;3.18.7&#8243;][\/et_pb_image][et_pb_image src=&#8220;http:\/\/parkprojectberlin.com\/wp-content\/uploads\/2019\/06\/SIANA-Performance-blue.png&#8220; admin_label=&#8220;SIANA water&#8220; _builder_version=&#8220;3.18.7&#8243;][\/et_pb_image][et_pb_image src=&#8220;http:\/\/parkprojectberlin.com\/wp-content\/uploads\/2019\/06\/SIANA-Performance-forest.png&#8220; admin_label=&#8220;SIANA forest&#8220; _builder_version=&#8220;3.18.7&#8243;][\/et_pb_image][et_pb_image src=&#8220;http:\/\/parkprojectberlin.com\/wp-content\/uploads\/2019\/06\/SIANA-Performance-floor.png&#8220; admin_label=&#8220;SIANA floor&#8220; _builder_version=&#8220;3.18.7&#8243;][\/et_pb_image][et_pb_image src=&#8220;http:\/\/parkprojectberlin.com\/wp-content\/uploads\/2019\/06\/SIANA-Performance-eyes.png&#8220; admin_label=&#8220;SIANA eyes&#8220; _builder_version=&#8220;3.18.7&#8243;][\/et_pb_image][\/et_pb_column][\/et_pb_row][\/et_pb_section][et_pb_section fb_built=&#8220;1&#8243; admin_label=&#8220;NAVIGATION&#8220; _builder_version=&#8220;3.18.7&#8243;][et_pb_row admin_label=&#8220;NAVIGATION&#8220; _builder_version=&#8220;3.18.7&#8243;][et_pb_column type=&#8220;1_3&#8243; _builder_version=&#8220;3.18.7&#8243; parallax=&#8220;off&#8220; parallax_method=&#8220;on&#8220;][et_pb_text admin_label=&#8220;PREVIOUS&#8220; _builder_version=&#8220;3.18.7&#8243; text_font=&#8220;Julius Sans One||||||||&#8220; text_font_size=&#8220;20px&#8220; link_option_url=&#8220;http:\/\/parkprojectberlin.com\/berlin-from-above&#8220;]&lt; PREVIOUS<br \/>\n[\/et_pb_text][\/et_pb_column][et_pb_column type=&#8220;1_3&#8243; _builder_version=&#8220;3.18.7&#8243; parallax=&#8220;off&#8220; parallax_method=&#8220;on&#8220;][et_pb_text admin_label=&#8220;SCREENINGS&#8220; _builder_version=&#8220;3.18.7&#8243; text_font=&#8220;Julius Sans One|300|||||||&#8220; text_font_size=&#8220;20px&#8220; custom_margin=&#8220;-20px||&#8220; link_option_url=&#8220;http:\/\/parkprojectberlin.com\/screenings&#8220;]<\/p>\n<p style=\"text-align: center;\">SCREENINGS<\/p>\n<p>[\/et_pb_text][\/et_pb_column][et_pb_column type=&#8220;1_3&#8243; _builder_version=&#8220;3.18.7&#8243; parallax=&#8220;off&#8220; parallax_method=&#8220;on&#8220;][et_pb_text admin_label=&#8220;NEXT&#8220; _builder_version=&#8220;3.18.7&#8243; text_font=&#8220;Julius Sans One||||||||&#8220; text_font_size=&#8220;20px&#8220; link_option_url=&#8220;http:\/\/parkprojectberlin.com\/the-desire-to-fly&#8220;]<\/p>\n<p style=\"text-align: right;\">NEXT &gt;<\/p>\n<p>[\/et_pb_text][\/et_pb_column][\/et_pb_row][\/et_pb_section]<\/p>\n","protected":false},"excerpt":{"rendered":"<p>&nbsp; June 6, 2019 SIANA | [un]natural transitions sound artist, Winona Lin dancer: An\u00e4is Poulet performance video projection video art, Laura J. Lukitsch SIANA, ist ein Film, der von der Erinnerung an Winona Lins Kinderspieluhr inspiriert ist. Das Projekt begann als Funke einer Idee in Marseille und entwickelte sich zu einer siebenteiligen Kurzfilmkooperation zwischen der [&hellip;]<\/p>\n","protected":false},"author":1,"featured_media":35189,"parent":35723,"menu_order":0,"comment_status":"closed","ping_status":"closed","template":"","meta":{"_et_pb_use_builder":"on","_et_pb_old_content":"","_et_gb_content_width":"","footnotes":""},"class_list":["post-35760","page","type-page","status-publish","has-post-thumbnail","hentry"],"_links":{"self":[{"href":"https:\/\/parkprojectberlin.com\/de\/wp-json\/wp\/v2\/pages\/35760","targetHints":{"allow":["GET"]}}],"collection":[{"href":"https:\/\/parkprojectberlin.com\/de\/wp-json\/wp\/v2\/pages"}],"about":[{"href":"https:\/\/parkprojectberlin.com\/de\/wp-json\/wp\/v2\/types\/page"}],"author":[{"embeddable":true,"href":"https:\/\/parkprojectberlin.com\/de\/wp-json\/wp\/v2\/users\/1"}],"replies":[{"embeddable":true,"href":"https:\/\/parkprojectberlin.com\/de\/wp-json\/wp\/v2\/comments?post=35760"}],"version-history":[{"count":0,"href":"https:\/\/parkprojectberlin.com\/de\/wp-json\/wp\/v2\/pages\/35760\/revisions"}],"up":[{"embeddable":true,"href":"https:\/\/parkprojectberlin.com\/de\/wp-json\/wp\/v2\/pages\/35723"}],"wp:featuredmedia":[{"embeddable":true,"href":"https:\/\/parkprojectberlin.com\/de\/wp-json\/wp\/v2\/media\/35189"}],"wp:attachment":[{"href":"https:\/\/parkprojectberlin.com\/de\/wp-json\/wp\/v2\/media?parent=35760"}],"curies":[{"name":"wp","href":"https:\/\/api.w.org\/{rel}","templated":true}]}}