{"id":35723,"date":"2019-10-04T16:29:49","date_gmt":"2019-10-04T16:29:49","guid":{"rendered":"http:\/\/parkprojectberlin.com\/?page_id=35723"},"modified":"2022-02-27T23:03:30","modified_gmt":"2022-02-27T23:03:30","slug":"kunstinstallationen","status":"publish","type":"page","link":"https:\/\/parkprojectberlin.com\/de\/kunstinstallationen\/","title":{"rendered":"KUNSTINSTALLATIONEN"},"content":{"rendered":"<p>[et_pb_section fb_built=&#8220;1&#8243; admin_label=&#8220;INSTALLATIONS&#8220; _builder_version=&#8220;3.22&#8243; background_image=&#8220;https:\/\/parkprojectberlin.com\/wp-content\/uploads\/2019\/06\/Header_Project_INSTALLATIONS.jpg&#8220; custom_padding=&#8220;60px||120px&#8220;][et_pb_row _builder_version=&#8220;3.25&#8243;][et_pb_column type=&#8220;4_4&#8243; _builder_version=&#8220;3.25&#8243; custom_padding=&#8220;|||&#8220; custom_padding__hover=&#8220;|||&#8220;][et_pb_text admin_label=&#8220;INSTALLATIONS&#8220; _builder_version=&#8220;4.7.7&#8243; text_font=&#8220;Montserrat|300|||||||&#8220; text_text_color=&#8220;#ffffff&#8220; text_font_size=&#8220;66px&#8220; text_orientation=&#8220;center&#8220; background_layout=&#8220;dark&#8220; module_alignment=&#8220;center&#8220; hover_enabled=&#8220;0&#8243; text_font_size_tablet=&#8220;&#8220; text_font_size_phone=&#8220;46px&#8220; text_font_size_last_edited=&#8220;on|desktop&#8220; header_font=&#8220;|300|||||||&#8220; header_font_size_last_edited=&#8220;on|phone&#8220; sticky_enabled=&#8220;0&#8243; header_font_size_phone=&#8220;50px&#8220;]<\/p>\n<h1>Installations<\/h1>\n<p>[\/et_pb_text][et_pb_divider color=&#8220;rgba(0,0,0,0)&#8220; _builder_version=&#8220;3.18.7&#8243;][\/et_pb_divider][\/et_pb_column][\/et_pb_row][\/et_pb_section][et_pb_section fb_built=&#8220;1&#8243; admin_label=&#8220;Photo Credit&#8220; _builder_version=&#8220;3.22&#8243; custom_padding=&#8220;0px||1px||false|false&#8220;][et_pb_row column_structure=&#8220;1_3,1_3,1_3&#8243; disabled_on=&#8220;on|on|on&#8220; _builder_version=&#8220;3.25&#8243; custom_padding=&#8220;11px|0px|27px|0px|false|false&#8220; disabled=&#8220;on&#8220;][et_pb_column type=&#8220;1_3&#8243; _builder_version=&#8220;3.25&#8243; custom_padding=&#8220;|||&#8220; custom_padding__hover=&#8220;|||&#8220;][\/et_pb_column][et_pb_column type=&#8220;1_3&#8243; _builder_version=&#8220;3.25&#8243; custom_padding=&#8220;|||&#8220; custom_padding__hover=&#8220;|||&#8220;][\/et_pb_column][et_pb_column type=&#8220;1_3&#8243; _builder_version=&#8220;3.25&#8243; custom_padding=&#8220;|||&#8220; custom_padding__hover=&#8220;|||&#8220;][et_pb_text admin_label=&#8220;Photo Credits&#8220; _builder_version=&#8220;3.27.4&#8243; text_font=&#8220;||||||||&#8220; text_text_color=&#8220;#000000&#8243; text_font_size=&#8220;12px&#8220;]<\/p>\n<p style=\"text-align: right;\">Dancers: An\u00e4is Poulet, Christian Lehr; Photo: Miro B\u00f6hm<\/p>\n<p>[\/et_pb_text][\/et_pb_column][\/et_pb_row][et_pb_row _builder_version=&#8220;3.25&#8243; custom_padding=&#8220;60px|0px|9px|0px|false|false&#8220;][et_pb_column type=&#8220;4_4&#8243; _builder_version=&#8220;3.25&#8243; custom_padding=&#8220;|||&#8220; custom_padding__hover=&#8220;|||&#8220;][et_pb_text admin_label=&#8220;Taking Parks to the Public&#8220; _builder_version=&#8220;4.7.7&#8243; text_font=&#8220;||||||||&#8220; text_line_height=&#8220;1.9em&#8220; header_font_size=&#8220;57px&#8220; header_2_font_size=&#8220;40px&#8220; header_2_line_height=&#8220;1.1em&#8220; header_3_font_size=&#8220;27px&#8220; custom_padding=&#8220;||40px&#8220; hover_enabled=&#8220;0&#8243; header_font_size_tablet=&#8220;&#8220; header_font_size_phone=&#8220;60px&#8220; header_font_size_last_edited=&#8220;on|phone&#8220; header_2_font_size_tablet=&#8220;34px&#8220; header_2_font_size_phone=&#8220;32px&#8220; header_2_font_size_last_edited=&#8220;on|desktop&#8220; header_3_font_size_tablet=&#8220;24px&#8220; header_3_font_size_phone=&#8220;21px&#8220; header_3_font_size_last_edited=&#8220;on|phone&#8220; header_2_font=&#8220;|300|||||||&#8220; header_2_text_color=&#8220;#000000&#8243; header_3_font=&#8220;Open Sans|300|||||||&#8220; header_3_text_color=&#8220;#000000&#8243; sticky_enabled=&#8220;0&#8243; header_4_font_size=&#8220;16px&#8220;]<\/p>\n<h2 style=\"text-align: center;\"><span>PARKS F\u00dcR DIE \u00d6FFENTLICHKEIT<\/span><\/h2>\n<h3><\/h3>\n<h3>Ich mag die Idee, diese Arbeit in verschiedenen Kontexten zu teilen, die Parks zu den Menschen zu bringen oder neue Stimmen durch Video und Ton in die Parks zu bringen. So habe ich Installationen in und au\u00dferhalb von Parks, an W\u00e4nden, an K\u00f6rpern, in Zelten und unter B\u00e4umen geteilt.<\/h3>\n<p>[\/et_pb_text][\/et_pb_column][\/et_pb_row][\/et_pb_section][et_pb_section fb_built=&#8220;1&#8243; admin_label=&#8220;SCREENING INFORMATION&#8220; _builder_version=&#8220;3.22&#8243; custom_padding=&#8220;0|0px|54px|0px|false|false&#8220;][et_pb_row _builder_version=&#8220;3.25&#8243;][et_pb_column type=&#8220;4_4&#8243; _builder_version=&#8220;3.25&#8243; custom_padding=&#8220;|||&#8220; custom_padding__hover=&#8220;|||&#8220;][et_pb_text admin_label=&#8220;Upcoming events&#8220; _builder_version=&#8220;4.4.1&#8243; text_font=&#8220;||||||||&#8220; text_font_size=&#8220;32px&#8220; text_font_size_tablet=&#8220;30px&#8220; text_font_size_phone=&#8220;26px&#8220; text_font_size_last_edited=&#8220;on|tablet&#8220; text_line_height_tablet=&#8220;1.8em&#8220; text_line_height_phone=&#8220;1.3em&#8220; text_line_height_last_edited=&#8220;on|phone&#8220;]<\/p>\n<p style=\"text-align: left;\">KOMMENDE VORF\u00dcHRUNGEN &amp; INSTALLATIONEN<\/p>\n<p>[\/et_pb_text][et_pb_text _builder_version=&#8220;3.27.4&#8243;]<\/p>\n<p>2020, <a href=\"https:\/\/parkprojectberlin.com\/how-do-we-love-this-world\/\">HOW DO WE LOVE THIS WORLD | if mushrooms could talk and trees could hug<\/a>, Video-Audio-Installation , ein wald, Berlin<\/p>\n<p>[\/et_pb_text][\/et_pb_column][\/et_pb_row][\/et_pb_section][et_pb_section fb_built=&#8220;1&#8243; admin_label=&#8220;SCREENING INFORMATION&#8220; _builder_version=&#8220;3.22&#8243; custom_padding=&#8220;0|0px|54px|0px|false|false&#8220;][et_pb_row _builder_version=&#8220;3.25&#8243;][et_pb_column type=&#8220;4_4&#8243; _builder_version=&#8220;3.25&#8243; custom_padding=&#8220;|||&#8220; custom_padding__hover=&#8220;|||&#8220;][et_pb_text admin_label=&#8220;Past events&#8220; _builder_version=&#8220;4.4.1&#8243; text_font=&#8220;||||||||&#8220; text_font_size=&#8220;32px&#8220; text_font_size_tablet=&#8220;&#8220; text_font_size_phone=&#8220;26px&#8220; text_font_size_last_edited=&#8220;on|tablet&#8220; text_letter_spacing_tablet=&#8220;0px&#8220; text_letter_spacing_phone=&#8220;&#8220; text_letter_spacing_last_edited=&#8220;on|tablet&#8220; text_line_height_tablet=&#8220;1.8em&#8220; text_line_height_phone=&#8220;1.4em&#8220; text_line_height_last_edited=&#8220;on|phone&#8220;]<\/p>\n<p style=\"text-align: left;\">FR\u00dcHERE VORF\u00dcHRUNGEN &amp; INSTALLATIONEN<\/p>\n<p>[\/et_pb_text][et_pb_text _builder_version=&#8220;3.27.4&#8243;]<\/p>\n<p>June 6, 2019, <a href=\"https:\/\/parkprojectberlin.com\/siana-unnatural-transitions\/\">SIANA | [un]natural transitions<\/a>, Video-Audio-Tanzperformance, Sprechsaal Gallery, Berlin<\/p>\n<p>May 5, 2019, <a href=\"https:\/\/parkprojectberlin.com\/benches\/\">BENCHES | new moon in Marseille<\/a>, Videoinstallation, Teil von A FULL MOON NIGHT, Videodrome 2, Marseille, France<\/p>\n<p>January 6, 2019, <a href=\"https:\/\/parkprojectberlin.com\/bodies-and-heroes\">K\u00d6RPER UND HELDEN | bodies &amp; heroes<\/a>, Foto-Video-Installation, part of 7 Boards fo Skills, Im Gr\u00fcner Bereich, Neuk\u00f6lln, Berlin<\/p>\n<p>September 9, 2018, <a href=\"https:\/\/parkprojectberlin.com\/the-desire-to-fly\/\">DIE LUST AM FLIEGEN | the desire to fly,<\/a> Video-Foto-Audio-Installation , Lilienthal Park, Lichterfelde, Berlin<\/p>\n<p>April 26-28, 2018, <a href=\"https:\/\/parkprojectberlin.com\/public-figures\/\">PUBLIC FIGURES | making of Berlin &amp; MOVING MONUMENTS | tiergarten<\/a>, Videoinstallation, Tiel von Zwischen den Gipfeln | Between the Peaks, PremArts, Kreuzberg, Berlin<\/p>\n<p>December 8-16, 2017, <a href=\"https:\/\/parkprojectberlin.com\/berlin-from-above\/\">BERLIN FROM ABOVE | on the s-bahn<\/a>, Videoinstallation, Tiel von Fensterfl\u00fcgel Ausstellung, Projektraum Ventilator 24, Kreuzberg, Berlin<\/p>\n<p>[\/et_pb_text][\/et_pb_column][\/et_pb_row][\/et_pb_section]<\/p>\n","protected":false},"excerpt":{"rendered":"<p>Installations Dancers: An\u00e4is Poulet, Christian Lehr; Photo: Miro B\u00f6hm PARKS F\u00dcR DIE \u00d6FFENTLICHKEIT Ich mag die Idee, diese Arbeit in verschiedenen Kontexten zu teilen, die Parks zu den Menschen zu bringen oder neue Stimmen durch Video und Ton in die Parks zu bringen. So habe ich Installationen in und au\u00dferhalb von Parks, an W\u00e4nden, an [&hellip;]<\/p>\n","protected":false},"author":1,"featured_media":35045,"parent":0,"menu_order":0,"comment_status":"closed","ping_status":"closed","template":"","meta":{"_et_pb_use_builder":"on","_et_pb_old_content":"","_et_gb_content_width":"","footnotes":""},"class_list":["post-35723","page","type-page","status-publish","has-post-thumbnail","hentry"],"_links":{"self":[{"href":"https:\/\/parkprojectberlin.com\/de\/wp-json\/wp\/v2\/pages\/35723","targetHints":{"allow":["GET"]}}],"collection":[{"href":"https:\/\/parkprojectberlin.com\/de\/wp-json\/wp\/v2\/pages"}],"about":[{"href":"https:\/\/parkprojectberlin.com\/de\/wp-json\/wp\/v2\/types\/page"}],"author":[{"embeddable":true,"href":"https:\/\/parkprojectberlin.com\/de\/wp-json\/wp\/v2\/users\/1"}],"replies":[{"embeddable":true,"href":"https:\/\/parkprojectberlin.com\/de\/wp-json\/wp\/v2\/comments?post=35723"}],"version-history":[{"count":1,"href":"https:\/\/parkprojectberlin.com\/de\/wp-json\/wp\/v2\/pages\/35723\/revisions"}],"predecessor-version":[{"id":38562,"href":"https:\/\/parkprojectberlin.com\/de\/wp-json\/wp\/v2\/pages\/35723\/revisions\/38562"}],"wp:featuredmedia":[{"embeddable":true,"href":"https:\/\/parkprojectberlin.com\/de\/wp-json\/wp\/v2\/media\/35045"}],"wp:attachment":[{"href":"https:\/\/parkprojectberlin.com\/de\/wp-json\/wp\/v2\/media?parent=35723"}],"curies":[{"name":"wp","href":"https:\/\/api.w.org\/{rel}","templated":true}]}}