{"id":35300,"date":"2019-10-03T19:41:32","date_gmt":"2019-10-03T19:41:32","guid":{"rendered":"http:\/\/parkprojectberlin.com\/?page_id=35300"},"modified":"2022-03-02T10:45:38","modified_gmt":"2022-03-02T10:45:38","slug":"park-project-berlin","status":"publish","type":"page","link":"https:\/\/parkprojectberlin.com\/de\/","title":{"rendered":"PARK PROJECT BERLIN"},"content":{"rendered":"<p>[et_pb_section fb_built=&#8220;1&#8243; admin_label=&#8220;HEADER SECTION&#8220; _builder_version=&#8220;4.7.7&#8243; background_color=&#8220;#ffffff&#8220; background_image=&#8220;https:\/\/parkprojectberlin.com\/wp-content\/uploads\/2017\/12\/Muggelsee_fade.jpg&#8220; parallax=&#8220;on&#8220; background_video_mp4=&#8220;https:\/\/parkprojectberlin.com\/wp-content\/uploads\/2018\/08\/Home-Video-v4-sm2.mp4&#8243; background_video_width=&#8220;1920&#8243; allow_player_pause=&#8220;on&#8220; background_video_pause_outside_viewport=&#8220;off&#8220; custom_padding=&#8220;156px|0px|40px|0px|false|false&#8220; collapsed=&#8220;off&#8220;][et_pb_row _builder_version=&#8220;3.25&#8243; background_size=&#8220;initial&#8220; background_position=&#8220;top_left&#8220; background_repeat=&#8220;repeat&#8220; custom_padding=&#8220;5px|0px|96px|0px|false|false&#8220;][et_pb_column type=&#8220;4_4&#8243; _builder_version=&#8220;3.25&#8243; custom_padding=&#8220;|||&#8220; custom_padding__hover=&#8220;|||&#8220;][et_pb_text admin_label=&#8220;Text PARK PROJECT&#8220; _builder_version=&#8220;4.7.7&#8243; text_font=&#8220;Open Sans|700|||||||&#8220; text_text_color=&#8220;#ffffff&#8220; text_font_size=&#8220;85px&#8220; text_line_height=&#8220;1.8em&#8220; header_font=&#8220;|700|||||||&#8220; text_orientation=&#8220;center&#8220; background_layout=&#8220;dark&#8220; module_alignment=&#8220;center&#8220; custom_padding=&#8220;100px||&#8220; text_font_size_tablet=&#8220;50px&#8220; text_font_size_phone=&#8220;&#8220; text_font_size_last_edited=&#8220;on|tablet&#8220; header_font_size_tablet=&#8220;&#8220; header_font_size_phone=&#8220;54px&#8220; header_font_size_last_edited=&#8220;on|phone&#8220; text_text_shadow_style=&#8220;preset1&#8243; text_text_shadow_horizontal_length=&#8220;-0.05em&#8220; text_text_shadow_vertical_length=&#8220;0.03em&#8220;]<\/p>\n<h1>PARK PROJECT BERLIN<\/h1>\n<p>[\/et_pb_text][et_pb_text admin_label=&#8220;Wild Beautiful Choices&#8220; _builder_version=&#8220;4.7.7&#8243; text_font=&#8220;Julius Sans One|900|||||||&#8220; text_text_color=&#8220;#ffffff&#8220; text_font_size=&#8220;32px&#8220; text_orientation=&#8220;center&#8220; module_alignment=&#8220;center&#8220; custom_padding=&#8220;||200px&#8220; text_font_size_tablet=&#8220;26px&#8220; text_font_size_phone=&#8220;&#8220; text_font_size_last_edited=&#8220;on|tablet&#8220; text_text_shadow_style=&#8220;preset1&#8243; inline_fonts=&#8220;Libre Barcode 39,Julius Sans One&#8220;]<\/p>\n<p>entschleunigen und genie\u00dfen<\/p>\n<p>[\/et_pb_text][\/et_pb_column][\/et_pb_row][\/et_pb_section][et_pb_section fb_built=&#8220;1&#8243; admin_label=&#8220;ABOUT THE PROJECT&#8220; _builder_version=&#8220;3.22&#8243; background_color=&#8220;rgba(255,255,255,0.31)&#8220; background_image=&#8220;https:\/\/parkprojectberlin.com\/wp-content\/uploads\/2018\/06\/Header_Project_Ru\u0308gen_Spring.jpg&#8220; parallax=&#8220;on&#8220; parallax_method=&#8220;off&#8220; custom_padding=&#8220;0|0px|131px|0px|false|false&#8220; filter_brightness=&#8220;79%&#8220; collapsed=&#8220;off&#8220;][et_pb_row _builder_version=&#8220;3.25&#8243; background_color=&#8220;rgba(255,255,255,0)&#8220; custom_padding=&#8220;0|0px|0|0px|false|false&#8220; border_radii=&#8220;|10px|10px|10px|10px&#8220;][et_pb_column type=&#8220;4_4&#8243; _builder_version=&#8220;3.25&#8243; custom_padding=&#8220;|||&#8220; custom_padding__hover=&#8220;|||&#8220;][et_pb_text admin_label=&#8220;VIRTUAL MUSEUM&#8220; _builder_version=&#8220;4.7.7&#8243; text_font=&#8220;Open Sans||||||||&#8220; text_text_color=&#8220;#ffffff&#8220; text_font_size=&#8220;32px&#8220; text_line_height=&#8220;1.75em&#8220; custom_padding=&#8220;160px||0px&#8220; text_font_size_tablet=&#8220;26px&#8220; text_font_size_phone=&#8220;24px&#8220; text_font_size_last_edited=&#8220;on|desktop&#8220;]<\/p>\n<p style=\"text-align: center;\">Ein virtuelles Museum der Berliner Parks und \u00f6ffentlichen R\u00e4ume.<\/p>\n<p>[\/et_pb_text][et_pb_text _builder_version=&#8220;4.7.7&#8243; text_font=&#8220;Open Sans||||||||&#8220; text_text_color=&#8220;#ffffff&#8220; text_font_size=&#8220;24px&#8220; text_line_height=&#8220;1.8em&#8220; custom_padding=&#8220;0px||40px&#8220; text_font_size_tablet=&#8220;&#8220; text_font_size_phone=&#8220;22px&#8220; text_font_size_last_edited=&#8220;on|phone&#8220;]<\/p>\n<p style=\"text-align: center;\">Berlin hat \u00fcber 2.500 Parks!<br \/> Dies ist eine kleine, kuratierte Auswahl von Videos (\u00fcber 50!) und Artikeln.<br \/> aus dem Jahr, in dem ich die Berliner Parks und \u00f6ffentlichen Pl\u00e4tze gefilmt habe.<\/p>\n<p>[\/et_pb_text][et_pb_button button_url=&#8220;https:\/\/parkprojectberlin.com\/parks\/&#8220; button_text=&#8220;VERLANGSAMEN UND ERKUNDEN&#8220; button_alignment=&#8220;center&#8220; admin_label=&#8220;BUTTON &#8211; SLOW DOWN AND EXPLORE&#8220; _builder_version=&#8220;3.18.7&#8243; custom_button=&#8220;on&#8220; button_text_color=&#8220;#ffffff&#8220; button_font=&#8220;Open Sans||||||||&#8220; button_use_icon=&#8220;off&#8220; background_layout=&#8220;dark&#8220; custom_padding=&#8220;||&#8220; button_text_shadow_style=&#8220;preset1&#8243; box_shadow_style=&#8220;preset3&#8243; button_text_color_hover=&#8220;#ffffff&#8220; button_border_color_hover=&#8220;#ffffff&#8220; button_bg_color_hover=&#8220;rgba(255,255,255,0.31)&#8220; button_text_size__hover_enabled=&#8220;off&#8220; button_one_text_size__hover_enabled=&#8220;off&#8220; button_two_text_size__hover_enabled=&#8220;off&#8220; button_text_color__hover_enabled=&#8220;on&#8220; button_text_color__hover=&#8220;#ffffff&#8220; button_one_text_color__hover_enabled=&#8220;off&#8220; button_two_text_color__hover_enabled=&#8220;off&#8220; button_border_width__hover_enabled=&#8220;off&#8220; button_one_border_width__hover_enabled=&#8220;off&#8220; button_two_border_width__hover_enabled=&#8220;off&#8220; button_border_color__hover_enabled=&#8220;on&#8220; button_border_color__hover=&#8220;#ffffff&#8220; button_one_border_color__hover_enabled=&#8220;off&#8220; button_two_border_color__hover_enabled=&#8220;off&#8220; button_border_radius__hover_enabled=&#8220;off&#8220; button_one_border_radius__hover_enabled=&#8220;off&#8220; button_two_border_radius__hover_enabled=&#8220;off&#8220; button_letter_spacing__hover_enabled=&#8220;off&#8220; button_one_letter_spacing__hover_enabled=&#8220;off&#8220; button_two_letter_spacing__hover_enabled=&#8220;off&#8220; button_bg_color__hover_enabled=&#8220;on&#8220; button_bg_color__hover=&#8220;rgba(255,255,255,0.31)&#8220; button_one_bg_color__hover_enabled=&#8220;off&#8220; button_two_bg_color__hover_enabled=&#8220;off&#8220;][\/et_pb_button][\/et_pb_column][\/et_pb_row][\/et_pb_section][et_pb_section fb_built=&#8220;1&#8243; admin_label=&#8220;THREE WAYS TO EXPLORE&#8220; _builder_version=&#8220;3.22&#8243; custom_padding=&#8220;78px|0px|54px|0px&#8220; collapsed=&#8220;off&#8220;][et_pb_row _builder_version=&#8220;3.25&#8243; background_size=&#8220;initial&#8220; background_position=&#8220;top_left&#8220; background_repeat=&#8220;repeat&#8220;][et_pb_column type=&#8220;4_4&#8243; _builder_version=&#8220;3.25&#8243; custom_padding=&#8220;|||&#8220; custom_padding__hover=&#8220;|||&#8220;][et_pb_text admin_label=&#8220;THREE WAYS TO EXPLORE&#8220; _builder_version=&#8220;3.27.4&#8243; text_font=&#8220;Julius Sans One||||||||&#8220; text_font_size=&#8220;32px&#8220; text_font_size_tablet=&#8220;26px&#8220; text_font_size_phone=&#8220;&#8220; text_font_size_last_edited=&#8220;on|tablet&#8220;]<\/p>\n<p style=\"text-align: center;\">DREI M\u00d6GLICHKEITEN DER ERKUNDUNG<\/p>\n<p>[\/et_pb_text][\/et_pb_column][\/et_pb_row][et_pb_row column_structure=&#8220;1_3,1_3,1_3&#8243; use_custom_gutter=&#8220;on&#8220; gutter_width=&#8220;2&#8243; module_class=&#8220; et_pb_row_fullwidth&#8220; _builder_version=&#8220;3.25&#8243; width=&#8220;94%&#8220; width_tablet=&#8220;80%&#8220; width_phone=&#8220;&#8220; width_last_edited=&#8220;on|desktop&#8220; max_width=&#8220;94%&#8220; max_width_tablet=&#8220;80%&#8220; max_width_phone=&#8220;&#8220; max_width_last_edited=&#8220;on|desktop&#8220; border_radii=&#8220;|0px|0px|10px|10px&#8220; make_fullwidth=&#8220;on&#8220;][et_pb_column type=&#8220;1_3&#8243; _builder_version=&#8220;3.25&#8243; custom_padding=&#8220;|||&#8220; custom_padding__hover=&#8220;|||&#8220;][et_pb_image src=&#8220;https:\/\/parkprojectberlin.com\/wp-content\/uploads\/2019\/01\/CONTENT_Map.jpg&#8220; url=&#8220;https:\/\/parkprojectberlin.com\/map-parks\/&#8220; force_fullwidth=&#8220;on&#8220; align_tablet=&#8220;center&#8220; align_phone=&#8220;&#8220; align_last_edited=&#8220;on|desktop&#8220; admin_label=&#8220;THE MAP&#8220; _builder_version=&#8220;3.23&#8243; filter_invert__hover=&#8220;0%&#8220; filter_opacity__hover_enabled=&#8220;on&#8220; filter_opacity__hover=&#8220;75%&#8220;]<\/p>\n<p style=\"text-align: center;\">[\/et_pb_image][et_pb_text _builder_version=&#8220;3.27.4&#8243;]<\/p>\n<p>So viele Parks, \u00fcberall in der Stadt, viele Orte zum Erkunden!<\/p>\n<p>[\/et_pb_text][\/et_pb_column][et_pb_column type=&#8220;1_3&#8243; _builder_version=&#8220;3.25&#8243; custom_padding=&#8220;|||&#8220; custom_padding__hover=&#8220;|||&#8220;][et_pb_image src=&#8220;https:\/\/parkprojectberlin.com\/wp-content\/uploads\/2019\/01\/CONTENT_PARKS-left.jpg&#8220; url=&#8220;https:\/\/parkprojectberlin.com\/parks\/&#8220; align_tablet=&#8220;center&#8220; align_phone=&#8220;&#8220; align_last_edited=&#8220;on|desktop&#8220; admin_label=&#8220;THE PARKS&#8220; _builder_version=&#8220;3.23&#8243; filter_opacity__hover_enabled=&#8220;on&#8220; filter_opacity__hover=&#8220;75%&#8220;]<\/p>\n<p style=\"text-align: center;\">[\/et_pb_image][et_pb_text _builder_version=&#8220;3.27.4&#8243;]<\/p>\n<p>Schau dir die Videos an.<\/p>\n<p>[\/et_pb_text][\/et_pb_column][et_pb_column type=&#8220;1_3&#8243; _builder_version=&#8220;3.25&#8243; custom_padding=&#8220;|||&#8220; custom_padding__hover=&#8220;|||&#8220;][et_pb_image src=&#8220;https:\/\/parkprojectberlin.com\/wp-content\/uploads\/2019\/01\/CONTENT_11THINGS-left-1.jpg&#8220; url=&#8220;https:\/\/parkprojectberlin.com\/11-things\/&#8220; align_tablet=&#8220;center&#8220; align_phone=&#8220;&#8220; align_last_edited=&#8220;on|desktop&#8220; admin_label=&#8220;THE CONVERSATIONS&#8220; _builder_version=&#8220;3.23&#8243; filter_opacity__hover_enabled=&#8220;on&#8220; filter_opacity__hover=&#8220;75%&#8220;]<\/p>\n<p style=\"text-align: center;\">[\/et_pb_image][et_pb_text _builder_version=&#8220;3.27.4&#8243;]<\/p>\n<p>Schriften \u00fcber Berlin aus der Sicht von Parks.<\/p>\n<p>[\/et_pb_text][\/et_pb_column][\/et_pb_row][\/et_pb_section][et_pb_section fb_built=&#8220;1&#8243; admin_label=&#8220;PARK PROJECT GLOBAL&#8220; _builder_version=&#8220;4.7.7&#8243; _module_preset=&#8220;default&#8220; background_image=&#8220;https:\/\/parkprojectberlin.com\/wp-content\/uploads\/2022\/02\/Header_Project_GLOBAL_CrookedTrees.png&#8220;][et_pb_row _builder_version=&#8220;4.7.7&#8243; _module_preset=&#8220;default&#8220; custom_margin=&#8220;70px||70px||false|false&#8220;][et_pb_column type=&#8220;4_4&#8243; _builder_version=&#8220;4.7.7&#8243; _module_preset=&#8220;default&#8220;][et_pb_text _builder_version=&#8220;4.7.7&#8243; _module_preset=&#8220;default&#8220; header_2_font=&#8220;|700|||||||&#8220;]<\/p>\n<h2 style=\"text-align: center;\">PARK PROJECT GLOBAL<\/h2>\n<p>[\/et_pb_text][et_pb_text _builder_version=&#8220;4.7.7&#8243; _module_preset=&#8220;default&#8220; text_text_color=&#8220;#ffffff&#8220; custom_padding=&#8220;|70px||70px|false|false&#8220;]<\/p>\n<p style=\"text-align: center;\">Im Jahr 2018 wurde das Parkprojekt global und besuchte zun\u00e4chst Parks in ganz Deutschland und dann auch in Polen, New York City und Mexiko.\u00a0<\/p>\n<p>[\/et_pb_text][et_pb_button button_url=&#8220;@ET-DC@eyJkeW5hbWljIjp0cnVlLCJjb250ZW50IjoicG9zdF9saW5rX3VybF9wYWdlIiwic2V0dGluZ3MiOnsicG9zdF9pZCI6IjM2NzE5In19@&#8220; button_text=&#8220;VISIT PARK PROJECT GLOBAL&#8220; button_alignment=&#8220;center&#8220; admin_label=&#8220;PARK PROJECT GLOBAL&#8220; _builder_version=&#8220;4.7.7&#8243; _dynamic_attributes=&#8220;button_url&#8220; _module_preset=&#8220;default&#8220; custom_button=&#8220;on&#8220; button_text_color=&#8220;#ffffff&#8220; button_border_color=&#8220;#ffffff&#8220; button_use_icon=&#8220;off&#8220; hover_enabled=&#8220;0&#8243; button_bg_color__hover_enabled=&#8220;on|hover&#8220; button_bg_color__hover=&#8220;rgba(255,255,255,0.31)&#8220; button_bg_enable_color__hover=&#8220;on&#8220; button_border_width__hover_enabled=&#8220;on|hover&#8220; button_border_radius__hover_enabled=&#8220;on|hover&#8220; button_border_color__hover_enabled=&#8220;on|hover&#8220; button_border_color__hover=&#8220;#ffffff&#8220; sticky_enabled=&#8220;0&#8243;][\/et_pb_button][\/et_pb_column][\/et_pb_row][\/et_pb_section][et_pb_section fb_built=&#8220;1&#8243; admin_label=&#8220;VIRTUAL MUSEUM&#8220; _builder_version=&#8220;3.22&#8243; background_color=&#8220;#93bc9c&#8220; background_image=&#8220;https:\/\/parkprojectberlin.com\/wp-content\/uploads\/2019\/01\/GRUNEWALD-DUNE_Adeline-copy.jpg&#8220; parallax=&#8220;on&#8220; collapsed=&#8220;off&#8220;][et_pb_row column_structure=&#8220;1_5,3_5,1_5&#8243; _builder_version=&#8220;3.25&#8243;][et_pb_column type=&#8220;1_5&#8243; _builder_version=&#8220;3.25&#8243; custom_padding=&#8220;|||&#8220; custom_padding__hover=&#8220;|||&#8220;][\/et_pb_column][et_pb_column type=&#8220;3_5&#8243; _builder_version=&#8220;3.25&#8243; custom_padding=&#8220;|||&#8220; custom_padding__hover=&#8220;|||&#8220;][et_pb_text admin_label=&#8220;PUBLIC SPACES&#8220; _builder_version=&#8220;3.27.4&#8243; text_font=&#8220;Open Sans||||||||&#8220; text_line_height=&#8220;1.8em&#8220; custom_padding=&#8220;100px||0px&#8220; text_line_height_tablet=&#8220;1.7em&#8220; text_line_height_phone=&#8220;&#8220; text_line_height_last_edited=&#8220;on|tablet&#8220;]<\/p>\n<p style=\"text-align: center;\"><span style=\"color: #ffffff;\"><span style=\"font-size: x-large;\"><strong>PARK PROJECT BERLIN<\/strong> untersucht, wie Menschen Parks praktisch, sozial, emotional und spirituell nutzen.\u00a0Im Wandel Berlins sind \u00f6ffentliche R\u00e4ume Orte, an denen Menschen mit unterschiedlichem Hintergrund zusammenkommen, R\u00e4ume bieten, die Geschichte pr\u00e4gen und Zuflucht f\u00fcr Mensch, Tier und Natur bieten.<\/span><\/span><\/p>\n<p>&nbsp;<\/p>\n<p>[\/et_pb_text][et_pb_button button_url=&#8220;https:\/\/parkprojectberlin.com\/about\/&#8220; button_text=&#8220;LERNEN SIE MEHR&#8220; button_alignment=&#8220;center&#8220; admin_label=&#8220;BUTTON &#8211; LEARN MORE&#8220; _builder_version=&#8220;3.18.7&#8243; custom_button=&#8220;on&#8220; button_text_color=&#8220;#ffffff&#8220; button_font=&#8220;Open Sans||||||||&#8220; button_use_icon=&#8220;off&#8220; background_layout=&#8220;dark&#8220; custom_padding=&#8220;||&#8220; button_text_shadow_style=&#8220;preset1&#8243; button_text_color_hover=&#8220;#ffffff&#8220; button_border_color_hover=&#8220;#ffffff&#8220; button_bg_color_hover=&#8220;rgba(255,255,255,0.31)&#8220; button_text_size__hover_enabled=&#8220;off&#8220; button_one_text_size__hover_enabled=&#8220;off&#8220; button_two_text_size__hover_enabled=&#8220;off&#8220; button_text_color__hover_enabled=&#8220;on&#8220; button_text_color__hover=&#8220;#ffffff&#8220; button_one_text_color__hover_enabled=&#8220;off&#8220; button_two_text_color__hover_enabled=&#8220;off&#8220; button_border_width__hover_enabled=&#8220;off&#8220; button_one_border_width__hover_enabled=&#8220;off&#8220; button_two_border_width__hover_enabled=&#8220;off&#8220; button_border_color__hover_enabled=&#8220;on&#8220; button_border_color__hover=&#8220;#ffffff&#8220; button_one_border_color__hover_enabled=&#8220;off&#8220; button_two_border_color__hover_enabled=&#8220;off&#8220; button_border_radius__hover_enabled=&#8220;off&#8220; button_one_border_radius__hover_enabled=&#8220;off&#8220; button_two_border_radius__hover_enabled=&#8220;off&#8220; button_letter_spacing__hover_enabled=&#8220;off&#8220; button_one_letter_spacing__hover_enabled=&#8220;off&#8220; button_two_letter_spacing__hover_enabled=&#8220;off&#8220; button_bg_color__hover_enabled=&#8220;on&#8220; button_bg_color__hover=&#8220;rgba(255,255,255,0.31)&#8220; button_one_bg_color__hover_enabled=&#8220;off&#8220; button_two_bg_color__hover_enabled=&#8220;off&#8220;][\/et_pb_button][\/et_pb_column][et_pb_column type=&#8220;1_5&#8243; _builder_version=&#8220;3.25&#8243; custom_padding=&#8220;|||&#8220; custom_padding__hover=&#8220;|||&#8220;][\/et_pb_column][\/et_pb_row][\/et_pb_section][et_pb_section fb_built=&#8220;1&#8243; disabled_on=&#8220;on|on|on&#8220; admin_label=&#8220;INTERACTIVE MAP&#8220; _builder_version=&#8220;3.22&#8243; background_image=&#8220;https:\/\/parkprojectberlin.com\/wp-content\/uploads\/2017\/08\/Berlin-Parks-Map-Gray.jpg&#8220; disabled=&#8220;on&#8220; collapsed=&#8220;on&#8220;][et_pb_row _builder_version=&#8220;3.25&#8243; custom_padding=&#8220;28px|0px|27px|0px&#8220;][et_pb_column type=&#8220;4_4&#8243; _builder_version=&#8220;3.25&#8243; custom_padding=&#8220;|||&#8220; custom_padding__hover=&#8220;|||&#8220;][et_pb_text admin_label=&#8220;INTERACT&#8220; _builder_version=&#8220;3.27.4&#8243; inline_fonts=&#8220;Montserrat&#8220;]<\/p>\n<p style=\"text-align: center;\"><span style=\"font-family: Montserrat; font-weight: normal; color: #ffffff; font-size: large;\"><strong>INTERACT<\/strong><\/span><\/p>\n<p style=\"text-align: center;\">[\/et_pb_text][et_pb_text admin_label=&#8220;THE MAP&#8220; _builder_version=&#8220;3.27.4&#8243; inline_fonts=&#8220;Montserrat&#8220;]<\/p>\n<p style=\"text-align: center;\"><span style=\"font-family: Montserrat; font-weight: normal; font-size: xx-large; color: #ffffff;\"><strong>THE MAP<\/strong><\/span><\/p>\n<p style=\"text-align: center;\">[\/et_pb_text][et_pb_text admin_label=&#8220;ADDING MATERIAL&#8220; _builder_version=&#8220;3.27.4&#8243;]<\/p>\n<div class=\"paragraph\" style=\"text-align: center;\"><span style=\"font-size: x-large; color: #ffffff;\">We&#8217;ll be adding material on a regular basis to the map where you can see video, listen to audio stories, and see images relating to each of the parks that we visit. \u00a0There is no correct way to go through the map, just dive in and start exploring.<\/span><\/div>\n<div><\/div>\n<p style=\"text-align: center;\">[\/et_pb_text][et_pb_button button_url=&#8220;https:\/\/parkprojectberlin.com\/map&#8220; button_text=&#8220;VISIT THE MAP&#8220; button_alignment=&#8220;center&#8220; _builder_version=&#8220;3.16&#8243; custom_button=&#8220;on&#8220; button_text_color=&#8220;#ffffff&#8220; button_text_size__hover_enabled=&#8220;off&#8220; button_one_text_size__hover_enabled=&#8220;off&#8220; button_two_text_size__hover_enabled=&#8220;off&#8220; button_text_color__hover_enabled=&#8220;off&#8220; button_one_text_color__hover_enabled=&#8220;off&#8220; button_two_text_color__hover_enabled=&#8220;off&#8220; button_border_width__hover_enabled=&#8220;off&#8220; button_one_border_width__hover_enabled=&#8220;off&#8220; button_two_border_width__hover_enabled=&#8220;off&#8220; button_border_color__hover_enabled=&#8220;off&#8220; button_one_border_color__hover_enabled=&#8220;off&#8220; button_two_border_color__hover_enabled=&#8220;off&#8220; button_border_radius__hover_enabled=&#8220;off&#8220; button_one_border_radius__hover_enabled=&#8220;off&#8220; button_two_border_radius__hover_enabled=&#8220;off&#8220; button_letter_spacing__hover_enabled=&#8220;off&#8220; button_one_letter_spacing__hover_enabled=&#8220;off&#8220; button_two_letter_spacing__hover_enabled=&#8220;off&#8220; button_bg_color__hover_enabled=&#8220;off&#8220; button_one_bg_color__hover_enabled=&#8220;off&#8220; button_two_bg_color__hover_enabled=&#8220;off&#8220;]<\/p>\n<p style=\"text-align: center;\">[\/et_pb_button][\/et_pb_column][\/et_pb_row][\/et_pb_section][et_pb_section fb_built=&#8220;1&#8243; admin_label=&#8220;FUNDERS&#8220; _builder_version=&#8220;3.22&#8243; custom_padding=&#8220;38px|0px|0|0px|false|false&#8220; collapsed=&#8220;off&#8220;][et_pb_row _builder_version=&#8220;3.25&#8243; custom_padding=&#8220;27px|0px|0|0px|false|false&#8220;][et_pb_column type=&#8220;4_4&#8243; _builder_version=&#8220;3.25&#8243; custom_padding=&#8220;|||&#8220; custom_padding__hover=&#8220;|||&#8220;][et_pb_text admin_label=&#8220;SUPPORTED BY&#8220; _builder_version=&#8220;3.27.4&#8243; text_font=&#8220;Montserrat|300|||||||&#8220; text_text_color=&#8220;#000000&#8243; text_font_size_tablet=&#8220;19px&#8220; text_font_size_phone=&#8220;&#8220; text_font_size_last_edited=&#8220;on|tablet&#8220;]SUPPORTED BY<br \/>\n[\/et_pb_text][\/et_pb_column][\/et_pb_row][et_pb_row column_structure=&#8220;1_3,1_3,1_3&#8243; _builder_version=&#8220;3.25&#8243; custom_padding=&#8220;0|0px|27px|0px|false|false&#8220;][et_pb_column type=&#8220;1_3&#8243; _builder_version=&#8220;3.25&#8243; custom_padding=&#8220;|||&#8220; custom_padding__hover=&#8220;|||&#8220;][et_pb_image src=&#8220;https:\/\/parkprojectberlin.com\/wp-content\/uploads\/2018\/06\/Lichtenberg_Logo_imKreis_RGB_pos.png&#8220; align_tablet=&#8220;center&#8220; align_phone=&#8220;&#8220; align_last_edited=&#8220;on|desktop&#8220; admin_label=&#8220;LICHTENBERG&#8220; _builder_version=&#8220;3.23&#8243; max_width=&#8220;40%&#8220; max_width_tablet=&#8220;28%&#8220; max_width_phone=&#8220;&#8220; max_width_last_edited=&#8220;on|tablet&#8220;]<\/p>\n<p style=\"text-align: center;\">[\/et_pb_image][\/et_pb_column][et_pb_column type=&#8220;1_3&#8243; _builder_version=&#8220;3.25&#8243; custom_padding=&#8220;|||&#8220; custom_padding__hover=&#8220;|||&#8220;][et_pb_image src=&#8220;https:\/\/parkprojectberlin.com\/wp-content\/uploads\/2018\/10\/Fb-Kultur-SZ.png&#8220; align_tablet=&#8220;center&#8220; align_phone=&#8220;&#8220; align_last_edited=&#8220;on|desktop&#8220; admin_label=&#8220;STEGLITZ&#8220; _builder_version=&#8220;3.23&#8243; max_width=&#8220;83%&#8220; max_width_tablet=&#8220;47%&#8220; max_width_phone=&#8220;&#8220; max_width_last_edited=&#8220;on|tablet&#8220; custom_padding=&#8220;20px|||&#8220;]<\/p>\n<p style=\"text-align: center;\">[\/et_pb_image][\/et_pb_column][et_pb_column type=&#8220;1_3&#8243; _builder_version=&#8220;3.25&#8243; custom_padding=&#8220;|||&#8220; custom_padding__hover=&#8220;|||&#8220;][\/et_pb_column][\/et_pb_row][\/et_pb_section][et_pb_section fb_built=&#8220;1&#8243; admin_label=&#8220;MAILING LIST&#8220; _builder_version=&#8220;3.22&#8243; background_image=&#8220;https:\/\/parkprojectberlin.com\/wp-content\/uploads\/2017\/11\/Tempelhof_1.jpg&#8220; custom_padding=&#8220;54px|0px|124px|0px|false|false&#8220;][et_pb_row column_structure=&#8220;1_2,1_2&#8243; _builder_version=&#8220;3.25&#8243;][et_pb_column type=&#8220;1_2&#8243; _builder_version=&#8220;3.25&#8243; custom_padding=&#8220;|||&#8220; custom_padding__hover=&#8220;|||&#8220;][et_pb_signup mailchimp_list=&#8220;llukitsch|db5f0d470e&#8220; last_name_field=&#8220;off&#8220; success_message=&#8220;Thank you! &#8220; title=&#8220;ABONNIEREN SIE UNSEREN NEWSLETTER&#8220; button_text=&#8220;ABONNIEREN&#8220; description=&#8220;<\/p>\n<p>Erfahren Sie mehr \u00fcber anstehende Vorf\u00fchrungen und Veranstaltungen.<\/p>\n<p>&#8220; _builder_version=&#8220;3.23&#8243; header_font=&#8220;||||||||&#8220; header_font_size=&#8220;32px&#8220; background_color=&#8220;rgba(141,36,36,0)&#8220; header_font_size_tablet=&#8220;&#8220; header_font_size_phone=&#8220;&#8220; header_font_size_last_edited=&#8220;on|desktop&#8220;][\/et_pb_signup][\/et_pb_column][et_pb_column type=&#8220;1_2&#8243; _builder_version=&#8220;3.25&#8243; custom_padding=&#8220;|||&#8220; custom_padding__hover=&#8220;|||&#8220;][\/et_pb_column][\/et_pb_row][\/et_pb_section]<\/p>\n","protected":false},"excerpt":{"rendered":"<p>PARK PROJECT BERLINentschleunigen und genie\u00dfenEin virtuelles Museum der Berliner Parks und \u00f6ffentlichen R\u00e4ume.Berlin hat \u00fcber 2.500 Parks! Dies ist eine kleine, kuratierte Auswahl von Videos (\u00fcber 50!) und Artikeln. aus dem Jahr, in dem ich die Berliner Parks und \u00f6ffentlichen Pl\u00e4tze gefilmt habe.DREI M\u00d6GLICHKEITEN DER ERKUNDUNGSo viele Parks, \u00fcberall in der Stadt, viele Orte zum [&hellip;]<\/p>\n","protected":false},"author":1,"featured_media":34694,"parent":0,"menu_order":0,"comment_status":"closed","ping_status":"closed","template":"","meta":{"_et_pb_use_builder":"on","_et_pb_old_content":"","_et_gb_content_width":"","footnotes":""},"class_list":["post-35300","page","type-page","status-publish","has-post-thumbnail","hentry"],"_links":{"self":[{"href":"https:\/\/parkprojectberlin.com\/de\/wp-json\/wp\/v2\/pages\/35300","targetHints":{"allow":["GET"]}}],"collection":[{"href":"https:\/\/parkprojectberlin.com\/de\/wp-json\/wp\/v2\/pages"}],"about":[{"href":"https:\/\/parkprojectberlin.com\/de\/wp-json\/wp\/v2\/types\/page"}],"author":[{"embeddable":true,"href":"https:\/\/parkprojectberlin.com\/de\/wp-json\/wp\/v2\/users\/1"}],"replies":[{"embeddable":true,"href":"https:\/\/parkprojectberlin.com\/de\/wp-json\/wp\/v2\/comments?post=35300"}],"version-history":[{"count":9,"href":"https:\/\/parkprojectberlin.com\/de\/wp-json\/wp\/v2\/pages\/35300\/revisions"}],"predecessor-version":[{"id":38820,"href":"https:\/\/parkprojectberlin.com\/de\/wp-json\/wp\/v2\/pages\/35300\/revisions\/38820"}],"wp:featuredmedia":[{"embeddable":true,"href":"https:\/\/parkprojectberlin.com\/de\/wp-json\/wp\/v2\/media\/34694"}],"wp:attachment":[{"href":"https:\/\/parkprojectberlin.com\/de\/wp-json\/wp\/v2\/media?parent=35300"}],"curies":[{"name":"wp","href":"https:\/\/api.w.org\/{rel}","templated":true}]}}